{"id":142379,"date":"2025-08-13T08:32:02","date_gmt":"2025-08-13T12:32:02","guid":{"rendered":"https:\/\/shop.rvcare.ca\/product\/genesis-products-rv-wall-overlay-kit-oatmeal-linen\/"},"modified":"2026-04-10T11:43:17","modified_gmt":"2026-04-10T15:43:17","slug":"genesis-products-rv-wall-overlay-kit-oatmeal-linen","status":"publish","type":"product","link":"https:\/\/shop.rvcare.ca\/fr\/produit\/genesis-products-rv-wall-overlay-kit-oatmeal-linen\/","title":{"rendered":"Kit de rev\u00eatement mural pour VR Design Lin d&rsquo;Avoine &#8211; Genesis Products"},"content":{"rendered":"<p>Kits de Rev\u00eatement Mural Revive pour R\u00e9novation Int\u00e9rieure de VR &#8211; Design Lin d&rsquo;Avoine<\/p>\n<p>Transformez facilement l&rsquo;int\u00e9rieur de votre VR avec le kit de rev\u00eatement mural Revive au magnifique design lin d&rsquo;avoine. Nos kits innovants de mur, plafond et cabinets Revive sont la solution parfaite pour revitaliser votre espace de voyage sans le d\u00e9sordre et les tracas des r\u00e9novations traditionnelles. Les murs et les surfaces en bois subissent souvent une usure importante, servant de toile de fond \u00e0 l\u2019esth\u00e9tique de votre VR. Gr\u00e2ce \u00e0 nos rev\u00eatements faciles \u00e0 installer, vous pouvez rafra\u00eechir l\u2019apparence de votre int\u00e9rieur, \u00e9conomisant du temps et de l&rsquo;argent tout en \u00e9vitant l&rsquo;inconv\u00e9nient des projets de r\u00e9novation compl\u00e8te. Tombez \u00e0 nouveau amoureux de votre VR avec une finition chic et moderne qui refl\u00e8te vraiment votre style.<\/p>\n<p>Caract\u00e9ristiques cl\u00e9s :<\/p>\n<ul>\n<li>Construction en vinyle durable \u2013 Con\u00e7ue pour r\u00e9sister aux rigueurs de la vie sur la route<\/li>\n<li>Design tendance \u2013 Mettez facilement \u00e0 jour l&rsquo;apparence de votre VR avec la finition lin d&rsquo;avoine<\/li>\n<li>\u00c9conomisez du temps et de l&rsquo;argent \u2013 \u00c9vitez les r\u00e9novations co\u00fbteuses et les chantiers salissants<\/li>\n<li>Alternative id\u00e9ale \u2013 Parfait pour revitaliser les murales ou les surfaces en bois sans tracas<\/li>\n<\/ul>\n<p>Revitalisez votre VR d\u00e8s aujourd&rsquo;hui avec le kit de rev\u00eatement mural Revive et d\u00e9couvrez la joie d&rsquo;un espace de vie rafra\u00eechi ! Commandez maintenant et offrez \u00e0 vos aventures de voyage une mise \u00e0 niveau styl\u00e9e.<\/p>\n","protected":false},"excerpt":{"rendered":"<ul>\n<li>Type : Rev\u00eatement mural  <\/li>\n<li>Design : Design en lin avoine  <\/li>\n<li>Taille : Rouleau de 50 pieds  <\/li>\n<li>Mat\u00e9riau : Vinyle  <\/li>\n<li>Universalit\u00e9 : Semi-universel  <\/li>\n<li>Inclus : Avec chiffon en microfibre et couteau \u00e0 mastiquer<\/li>\n<\/ul>\n","protected":false},"featured_media":142129,"comment_status":"open","ping_status":"closed","template":"","meta":{"_glsr_average":0,"_glsr_ranking":0,"_glsr_reviews":0,"keywords_product":"rv wall overlay, rv interior remodel, oatmela linen design, wallboard kit, ceiling and cabinet kit, rev\u00eatement mural vr, r\u00e9novation int\u00e9rieure, design lin d'avoine, kit de rev\u00eatement, rafra\u00eechir l'int\u00e9rieur","featured_product":"","product_importance":"","wds_primary_product_brand":0,"wds_primary_product_cat":0,"wds_primary_fb_product_set":0},"product_brand":[1903],"product_cat":[241,1468],"product_tag":[1830,1462],"class_list":{"0":"post-142379","1":"product","2":"type-product","3":"status-publish","4":"has-post-thumbnail","6":"product_brand-genesis-prod-fr","7":"product_cat-entretien-nettoyage","8":"product_cat-reparation-de-vr","9":"product_tag-genesis-prod-fr","10":"product_tag-ntp-fr","12":"first","13":"instock","14":"taxable","15":"shipping-taxable","16":"purchasable","17":"product-type-simple"},"bundled_by":[],"bundle_stock_status":"instock","bundle_stock_quantity":30,"bundle_virtual":false,"bundle_layout":"","bundle_add_to_cart_form_location":"","bundle_editable_in_cart":false,"bundle_sold_individually_context":"","bundle_item_grouping":"","bundle_min_size":"","bundle_max_size":"","bundle_price":[],"bundled_items":[],"bundle_sell_ids":[],"_links":{"self":[{"href":"https:\/\/shop.rvcare.ca\/fr\/wp-json\/wp\/v2\/product\/142379","targetHints":{"allow":["GET"]}}],"collection":[{"href":"https:\/\/shop.rvcare.ca\/fr\/wp-json\/wp\/v2\/product"}],"about":[{"href":"https:\/\/shop.rvcare.ca\/fr\/wp-json\/wp\/v2\/types\/product"}],"replies":[{"embeddable":true,"href":"https:\/\/shop.rvcare.ca\/fr\/wp-json\/wp\/v2\/comments?post=142379"}],"version-history":[{"count":4,"href":"https:\/\/shop.rvcare.ca\/fr\/wp-json\/wp\/v2\/product\/142379\/revisions"}],"predecessor-version":[{"id":157722,"href":"https:\/\/shop.rvcare.ca\/fr\/wp-json\/wp\/v2\/product\/142379\/revisions\/157722"}],"wp:featuredmedia":[{"embeddable":true,"href":"https:\/\/shop.rvcare.ca\/fr\/wp-json\/wp\/v2\/media\/142129"}],"wp:attachment":[{"href":"https:\/\/shop.rvcare.ca\/fr\/wp-json\/wp\/v2\/media?parent=142379"}],"wp:term":[{"taxonomy":"product_brand","embeddable":true,"href":"https:\/\/shop.rvcare.ca\/fr\/wp-json\/wp\/v2\/product_brand?post=142379"},{"taxonomy":"product_cat","embeddable":true,"href":"https:\/\/shop.rvcare.ca\/fr\/wp-json\/wp\/v2\/product_cat?post=142379"},{"taxonomy":"product_tag","embeddable":true,"href":"https:\/\/shop.rvcare.ca\/fr\/wp-json\/wp\/v2\/product_tag?post=142379"}],"curies":[{"name":"wp","href":"https:\/\/api.w.org\/{rel}","templated":true}]}}