{"id":142381,"date":"2025-08-13T08:46:15","date_gmt":"2025-08-13T12:46:15","guid":{"rendered":"https:\/\/shop.rvcare.ca\/product\/dicor-self-levelling-tpo-roof-sealant-black-10-3-oz\/"},"modified":"2026-04-10T11:43:09","modified_gmt":"2026-04-10T15:43:09","slug":"dicor-self-levelling-tpo-roof-sealant-black-10-3-oz","status":"publish","type":"product","link":"https:\/\/shop.rvcare.ca\/fr\/produit\/dicor-self-levelling-tpo-roof-sealant-black-10-3-oz\/","title":{"rendered":"Dicor Scellant autonivelant pour toiture TPO &#8211; Noir 10.3 oz"},"content":{"rendered":"<p>P\u00e2te auto-nivelante pour toiture TPO (ol\u00e9fine thermoplastique); Noire; Tube de 10,3 onces; Unit\u00e9 unique<br \/>Assurez l&rsquo;int\u00e9grit\u00e9 de votre syst\u00e8me de toiture avec la p\u00e2te auto-nivelante pour toiture TPO de DICOR CORP. Ce scellant de recouvrement auto-nivelant, sans HAPS, est sp\u00e9cialement formul\u00e9 pour cr\u00e9er un joint secondaire s\u00e9curitaire le long des bords de votre toit, des ventilations, des tuyaux de ventilation et des t\u00eates de vis. Con\u00e7u pour \u00eatre compatible avec les membranes EPDM, TPO et PVC, ce scellant polyvalent adh\u00e8re parfaitement \u00e0 une vari\u00e9t\u00e9 de surfaces, y compris l&rsquo;aluminium, le mortier, le bois, le vinyle, le m\u00e9tal galvanis\u00e9, la fibre de verre et le b\u00e9ton. \u00c9tant l&rsquo;un des produits les plus vendus dans les magasins de VR, ce scellant r\u00e9pond \u00e0 des exigences strictes de l&rsquo;industrie tout en offrant un environnement de travail plus propre et plus s\u00fbr. Con\u00e7u pour un usage apr\u00e8s-vente, il est stabilis\u00e9 aux UV pour pr\u00e9venir la d\u00e9t\u00e9rioration et la d\u00e9coloration, garantissant des performances durables sans tacher ou affecter les mat\u00e9riaux de toiture auxquels il est appliqu\u00e9. Profitez d&rsquo;une solution d&rsquo;\u00e9tanch\u00e9it\u00e9 flexible qui s&rsquo;adapte continuellement tout en prot\u00e9geant votre toit des fuites potentielles.<\/p>\n<p>Caract\u00e9ristiques cl\u00e9s :<\/p>\n<ul>\n<li>Scellant de recouvrement auto-nivelant sans HAPS cr\u00e9ant un joint secondaire s\u00e9curitaire le long des bords du toit, des ventilations, des tuyaux de ventilation et des t\u00eates de vis<\/li>\n<li>Compatible avec les membranes EPDM, TPO et PVC; adh\u00e8re fermement \u00e0 l&rsquo;aluminium, au mortier, au bois, au vinyle, au m\u00e9tal galvanis\u00e9, \u00e0 la fibre de verre et au b\u00e9ton<\/li>\n<li>Stabilis\u00e9 aux UV pour pr\u00e9venir la d\u00e9t\u00e9rioration et la d\u00e9coloration; ne tache ni ne d\u00e9colore aucun mat\u00e9riau de toiture auquel il est appliqu\u00e9<\/li>\n<li>Solution d&rsquo;\u00e9tanch\u00e9it\u00e9 flexible permettant un scellement continu tout en maintenant sa flexibilit\u00e9<\/li>\n<\/ul>\n<p>Prot\u00e9gez votre investissement et prolongez la dur\u00e9e de vie de votre syst\u00e8me de toiture avec la p\u00e2te auto-nivelante pour toiture TPO fiable de DICOR CORP. Commandez la v\u00f4tre aujourd&rsquo;hui et ressentez la diff\u00e9rence en qualit\u00e9 et en performance !<\/p>\n","protected":false},"excerpt":{"rendered":"<ul>\n<li>Type de toit : EPDM (monom\u00e8re d&rsquo;\u00e9thyl\u00e8ne-propyl\u00e8ne-di\u00e8ne) \/ Dicor Diflex II et Britek TPO (ol\u00e9fine thermoplastique)<\/li>\n<li>Couleur : Noir<\/li>\n<li>Taille de l&rsquo;unit\u00e9 : Tube de 10 onces<\/li>\n<li>Quantit\u00e9 par unit\u00e9 : Unique<\/li>\n<li>Polluants atmosph\u00e9riques dangereux (HAP) : Non<\/li>\n<li>Utilis\u00e9 pour : Stopper les fuites dans les ruptures\/ coutures\/ fentes\/ trous du syst\u00e8me de toiture m\u00e9tallique de l&rsquo;AR.<\/li>\n<\/ul>\n","protected":false},"featured_media":142083,"comment_status":"open","ping_status":"closed","template":"","meta":{"_glsr_average":0,"_glsr_ranking":0,"_glsr_reviews":0,"keywords_product":"tpo roofing paste, self-leveling sealant, rv roof sealant, roofing edge seal, leak prevention paste, p\u00e2te de toiture tpo, scellant auto-nivelant, scellant de toit vr, solution d'\u00e9tanch\u00e9it\u00e9, pr\u00e9vention des fuites","featured_product":"","product_importance":"1","wds_primary_product_brand":0,"wds_primary_product_cat":0,"wds_primary_fb_product_set":0},"product_brand":[1817],"product_cat":[60,1433],"product_tag":[1836,1462],"class_list":{"0":"post-142381","1":"product","2":"type-product","3":"status-publish","4":"has-post-thumbnail","6":"product_brand-dicor-corp","7":"product_cat-maintenance-cleaning-supplies","8":"product_cat-rv-repair","9":"product_tag-dicor-corp-fr","10":"product_tag-ntp-fr","12":"first","13":"instock","14":"taxable","15":"shipping-taxable","16":"purchasable","17":"product-type-simple"},"bundled_by":[],"bundle_stock_status":"instock","bundle_stock_quantity":800,"bundle_virtual":false,"bundle_layout":"","bundle_add_to_cart_form_location":"","bundle_editable_in_cart":false,"bundle_sold_individually_context":"","bundle_item_grouping":"","bundle_min_size":"","bundle_max_size":"","bundle_price":[],"bundled_items":[],"bundle_sell_ids":[],"_links":{"self":[{"href":"https:\/\/shop.rvcare.ca\/fr\/wp-json\/wp\/v2\/product\/142381","targetHints":{"allow":["GET"]}}],"collection":[{"href":"https:\/\/shop.rvcare.ca\/fr\/wp-json\/wp\/v2\/product"}],"about":[{"href":"https:\/\/shop.rvcare.ca\/fr\/wp-json\/wp\/v2\/types\/product"}],"replies":[{"embeddable":true,"href":"https:\/\/shop.rvcare.ca\/fr\/wp-json\/wp\/v2\/comments?post=142381"}],"version-history":[{"count":4,"href":"https:\/\/shop.rvcare.ca\/fr\/wp-json\/wp\/v2\/product\/142381\/revisions"}],"predecessor-version":[{"id":157723,"href":"https:\/\/shop.rvcare.ca\/fr\/wp-json\/wp\/v2\/product\/142381\/revisions\/157723"}],"wp:featuredmedia":[{"embeddable":true,"href":"https:\/\/shop.rvcare.ca\/fr\/wp-json\/wp\/v2\/media\/142083"}],"wp:attachment":[{"href":"https:\/\/shop.rvcare.ca\/fr\/wp-json\/wp\/v2\/media?parent=142381"}],"wp:term":[{"taxonomy":"product_brand","embeddable":true,"href":"https:\/\/shop.rvcare.ca\/fr\/wp-json\/wp\/v2\/product_brand?post=142381"},{"taxonomy":"product_cat","embeddable":true,"href":"https:\/\/shop.rvcare.ca\/fr\/wp-json\/wp\/v2\/product_cat?post=142381"},{"taxonomy":"product_tag","embeddable":true,"href":"https:\/\/shop.rvcare.ca\/fr\/wp-json\/wp\/v2\/product_tag?post=142381"}],"curies":[{"name":"wp","href":"https:\/\/api.w.org\/{rel}","templated":true}]}}