{"id":142385,"date":"2025-08-13T08:31:48","date_gmt":"2025-08-13T12:31:48","guid":{"rendered":"https:\/\/shop.rvcare.ca\/product\/dicor-non-levelling-roof-sealant-white-10-3-oz\/"},"modified":"2026-04-10T11:43:19","modified_gmt":"2026-04-10T15:43:19","slug":"dicor-non-levelling-roof-sealant-white-10-3-oz","status":"publish","type":"product","link":"https:\/\/shop.rvcare.ca\/fr\/produit\/dicor-non-levelling-roof-sealant-white-10-3-oz\/","title":{"rendered":"Dicor Scellant non-nivelant pour toiture &#8211; Blanc 10.3 oz"},"content":{"rendered":"<p>Dicor Scellant de Toit pour Ventilateurs, Fen\u00eatres et Portes &#8211; Tube de 10,3 onces &#8211; Blanc &#8211; Unitaire<\/p>\n<p>Prot\u00e9gez votre maison, votre VR ou votre remorque contre les intemp\u00e9ries avec le scellant de toit Dicor. Ce scellant haute performance est exempt de HAPS et ne s&rsquo;affaisse pas, ce qui le rend id\u00e9al pour sceller efficacement les contours des fen\u00eatres, des portes d&rsquo;entr\u00e9e, des portes de compartiment et des joints sur les surfaces nues ou repeintes. Ses propri\u00e9t\u00e9s exceptionnelles de r\u00e9sistance aux UV et \u00e0 l&rsquo;eau garantissent une durabilit\u00e9 \u00e0 long terme, vous assurant un joint solide dans toutes les conditions m\u00e9t\u00e9orologiques. De plus, la formule \u00e0 s\u00e9chage rapide vous permet de terminer votre projet rapidement et efficacement, vous faisant gagner du temps et des efforts.<\/p>\n<p>Caract\u00e9ristiques cl\u00e9s :<\/p>\n<ul>\n<li>R\u00e9sistant aux UV \u2013 Prot\u00e8ge contre les dommages caus\u00e9s par le soleil pour une utilisation prolong\u00e9e<\/li>\n<li>R\u00e9sistant \u00e0 l&rsquo;eau \u2013 Maintient vos joints intacts, m\u00eame lors de fortes pluies<\/li>\n<li>S\u00e9chage Rapide \u2013 Permet une application rapide et une finition de projet plus rapide<\/li>\n<li>Application Facile \u2013 Con\u00e7u pour une application sans effort, facilitant les projets de bricolage<\/li>\n<\/ul>\n<p>Ne compromettez pas la protection de votre maison\u2014choisissez le scellant de toit Dicor pour des solutions d&rsquo;\u00e9tanch\u00e9it\u00e9 fiables et durables. Commandez le v\u00f4tre aujourd&rsquo;hui et prot\u00e9gez votre espace contre les fuites et les d\u00e9g\u00e2ts des eaux!<\/p>\n","protected":false},"excerpt":{"rendered":"<ul>\n<li>Type de toit: Aluminium\/ B\u00e9ton\/ Fibre de verre\/ Verre\/ Mortier\/ Vinyle\/ Bois  <\/li>\n<li>Couleur: Blanc  <\/li>\n<li>Taille de l&rsquo;unit\u00e9: Tube de 10 onces  <\/li>\n<li>Quantit\u00e9: Unitaire  <\/li>\n<li>Polluants de l&rsquo;air dangereux (HAP): Oui  <\/li>\n<li>Utilis\u00e9 pour: Sceller les \u00e9vents\/ fen\u00eatres\/ portes<\/li>\n<\/ul>\n","protected":false},"featured_media":142077,"comment_status":"open","ping_status":"closed","template":"","meta":{"_glsr_average":0,"_glsr_ranking":0,"_glsr_reviews":0,"keywords_product":"dicor roof sealant, roof sealant for vents, rv roof sealant, window sealant, waterproof sealant, scellant de toit dicor, scellant pour ventilateurs, scellant pour fen\u00eatres, scellant \u00e9tanche, scellant de toiture","featured_product":"","product_importance":"","wds_primary_product_brand":0,"wds_primary_product_cat":0,"wds_primary_fb_product_set":0},"product_brand":[1817],"product_cat":[60,1433],"product_tag":[1836,1462],"class_list":{"0":"post-142385","1":"product","2":"type-product","3":"status-publish","4":"has-post-thumbnail","6":"product_brand-dicor-corp","7":"product_cat-maintenance-cleaning-supplies","8":"product_cat-rv-repair","9":"product_tag-dicor-corp-fr","10":"product_tag-ntp-fr","12":"first","13":"instock","14":"taxable","15":"shipping-taxable","16":"purchasable","17":"product-type-simple"},"bundled_by":[],"bundle_stock_status":"instock","bundle_stock_quantity":783,"bundle_virtual":false,"bundle_layout":"","bundle_add_to_cart_form_location":"","bundle_editable_in_cart":false,"bundle_sold_individually_context":"","bundle_item_grouping":"","bundle_min_size":"","bundle_max_size":"","bundle_price":[],"bundled_items":[],"bundle_sell_ids":[],"_links":{"self":[{"href":"https:\/\/shop.rvcare.ca\/fr\/wp-json\/wp\/v2\/product\/142385","targetHints":{"allow":["GET"]}}],"collection":[{"href":"https:\/\/shop.rvcare.ca\/fr\/wp-json\/wp\/v2\/product"}],"about":[{"href":"https:\/\/shop.rvcare.ca\/fr\/wp-json\/wp\/v2\/types\/product"}],"replies":[{"embeddable":true,"href":"https:\/\/shop.rvcare.ca\/fr\/wp-json\/wp\/v2\/comments?post=142385"}],"version-history":[{"count":4,"href":"https:\/\/shop.rvcare.ca\/fr\/wp-json\/wp\/v2\/product\/142385\/revisions"}],"predecessor-version":[{"id":157724,"href":"https:\/\/shop.rvcare.ca\/fr\/wp-json\/wp\/v2\/product\/142385\/revisions\/157724"}],"wp:featuredmedia":[{"embeddable":true,"href":"https:\/\/shop.rvcare.ca\/fr\/wp-json\/wp\/v2\/media\/142077"}],"wp:attachment":[{"href":"https:\/\/shop.rvcare.ca\/fr\/wp-json\/wp\/v2\/media?parent=142385"}],"wp:term":[{"taxonomy":"product_brand","embeddable":true,"href":"https:\/\/shop.rvcare.ca\/fr\/wp-json\/wp\/v2\/product_brand?post=142385"},{"taxonomy":"product_cat","embeddable":true,"href":"https:\/\/shop.rvcare.ca\/fr\/wp-json\/wp\/v2\/product_cat?post=142385"},{"taxonomy":"product_tag","embeddable":true,"href":"https:\/\/shop.rvcare.ca\/fr\/wp-json\/wp\/v2\/product_tag?post=142385"}],"curies":[{"name":"wp","href":"https:\/\/api.w.org\/{rel}","templated":true}]}}