{"id":143280,"date":"2025-08-22T10:06:17","date_gmt":"2025-08-22T14:06:17","guid":{"rendered":"https:\/\/shop.rvcare.ca\/product\/dometic-rooftop-air-conditioner-polar-white-ducted-non-ducted-13500-btu\/"},"modified":"2026-04-10T11:43:04","modified_gmt":"2026-04-10T15:43:04","slug":"dometic-rooftop-air-conditioner-polar-white-ducted-non-ducted-13500-btu","status":"publish","type":"product","link":"https:\/\/shop.rvcare.ca\/fr\/produit\/dometic-rooftop-air-conditioner-polar-white-ducted-non-ducted-13500-btu\/","title":{"rendered":"Climatiseur de toit Dometic \u2013 Blanc polaire \/ Avec\/Sans conduits (13500 BTU)"},"content":{"rendered":"<p>Dometic Climatiseur de Toit \u2013 Blanc Polaire \/ Duct\u00e9 \/ Non-Duct\u00e9 (13500 BTU)  D\u00e9couvrez un confort de refroidissement sup\u00e9rieur lors de vos aventures avec le climatiseur de toit Dometic. Con\u00e7u pour s&rsquo;adapter aux ouvertures de ventilation de 14 pouces par 14 pouces, cette unit\u00e9 puissante de 13 500 BTU est id\u00e9ale pour les applications duct\u00e9es et non duct\u00e9es. Sa finition blanc polaire \u00e9l\u00e9gante compl\u00e8te l&rsquo;esth\u00e9tique de votre VR, tandis que son fonctionnement \u00e9conome en \u00e9nergie \u00e0 115 volts et son compresseur de 13,6 amp\u00e8res garantissent des performances optimales sans les inconv\u00e9nients d&rsquo;une pompe \u00e0 chaleur ou d&rsquo;une pompe \u00e0 condensat. Mesurant 27-5\/8 pouces de long, 29-5\/8 pouces de large et 13-7\/8 pouces de haut, cette unit\u00e9 l\u00e9g\u00e8re de 64 livres est facile \u00e0 installer. Veuillez noter que l&rsquo;assemblage du plafond ou les commandes du thermostat mural sont vendus s\u00e9par\u00e9ment pour les nouvelles installations. De plus, elle est compatible avec les bo\u00eetes de distribution d&rsquo;air Dometic existantes (mod\u00e8les 3314851.000, 3314850.000, et grille de retour d&rsquo;air 3317404.000) pour une mise \u00e0 niveau sans effort.<\/p>\n<p><strong>Caract\u00e9ristiques cl\u00e9s :<\/strong><\/p>\n<ul>\n<li>14 % plus l\u00e9ger que les mod\u00e8les pr\u00e9c\u00e9dents de climatiseurs Dometic Brisk II<\/li>\n<li>Compatibilit\u00e9 \u00e0 l&rsquo;arri\u00e8re avec les retours d&rsquo;air Dometic et concurrents pour des applications duct\u00e9es et non duct\u00e9es<\/li>\n<li>Syst\u00e8me de soufflerie personnalis\u00e9 offrant un maximum de flux d&rsquo;air pour une circulation uniforme<\/li>\n<li>Conception unique \u00e0 8 % offrant des performances puissantes et une temp\u00e9rature uniforme<\/li>\n<li>Design durable n\u00e9cessitant 28 % de r\u00e9frig\u00e9rant en moins que ses pr\u00e9d\u00e9cesseurs<\/li>\n<li>Conception plus l\u00e9g\u00e8re r\u00e9duisant la charge de poids, facilitant l&rsquo;installation<\/li>\n<li>Fonctionnement silencieux : produit un tiers de bruit en moins que les mod\u00e8les pr\u00e9c\u00e9dents<\/li>\n<li>Conception de bobine d&rsquo;\u00e9vaporateur e-coat offrant une excellente couverture et une r\u00e9sistance \u00e0 la corrosion<\/li>\n<\/ul>\n<p>Restez au frais et \u00e0 l&rsquo;aise lors de votre voyage avec le climatiseur de toit Dometic\u2014commande d\u00e8s aujourd&rsquo;hui pour une exp\u00e9rience de refroidissement exceptionnelle dans votre VR!<\/p>\n","protected":false},"excerpt":{"rendered":"<ul>\n<li>Montage : Pour ouvertures d&rsquo;\u00e9vent de 14 po x 14 po<\/li>\n<li>Capacit\u00e9 : 13 500 BTU<\/li>\n<li>Syst\u00e8me de climatisation : Syst\u00e8me \u00e0 conduits ou sans conduits<\/li>\n<li>Contr\u00f4le de zones : Sans carte \u00e9lectronique de contr\u00f4le de zones int\u00e9gr\u00e9e<\/li>\n<li>Couleur : Blanc<\/li>\n<li>Type de refroidissement : Refroidissement par r\u00e9frig\u00e9rant<\/li>\n<li>Fonction : Climatisation seulement<\/li>\n<li>Hauteur : Profil moyen &#8211; 13 7\/8 po<\/li>\n<li>Tension : 115 volts<\/li>\n<li>Amp\u00e9rage : 13 amp\u00e8res<\/li>\n<li>Pompe \u00e0 condensats : Sans pompe \u00e0 condensats<\/li>\n<li>T\u00e9l\u00e9commande : Sans t\u00e9l\u00e9commande<\/li>\n<li>Poids : 64 lb<\/li>\n<li>Note additionnelle 1 : Requiert un ensemble de plafonnier et un thermostat mural (mod\u00e8le monozone CT ou mod\u00e8le multizone Comfort Control Center II (CCCII)).<\/li>\n<li>Temps d&rsquo;installation estim\u00e9 (heures) : 1,5<\/li>\n<li>Usage marin : Oui<\/li>\n<\/ul>\n","protected":false},"featured_media":142177,"comment_status":"open","ping_status":"closed","template":"","meta":{"_glsr_average":0,"_glsr_ranking":0,"_glsr_reviews":0,"keywords_product":"dometic air conditioner, rooftop ac unit, rv ac system, 13500 btu air conditioner, ducted non-ducted ac, climatiseur dometic, unit\u00e9 de climatisation de toit, syst\u00e8me de climatisation vr, climatiseur 13500 btu, climatisation duct\u00e9e non duct\u00e9e","featured_product":"","product_importance":"1","wds_primary_product_brand":0,"wds_primary_product_cat":0,"wds_primary_fb_product_set":0},"product_brand":[1828],"product_cat":[1050,1753],"product_tag":[1427,1310,1462],"class_list":{"0":"post-143280","1":"product","2":"type-product","3":"status-publish","4":"has-post-thumbnail","6":"product_brand-dometic","7":"product_cat-vents","8":"product_cat-air-conditioners-accessories","9":"product_tag-ramassage-en-magasin","10":"product_tag-dometic-fr","11":"product_tag-ntp-fr","13":"first","14":"instock","15":"taxable","16":"shipping-taxable","17":"purchasable","18":"product-type-simple"},"bundled_by":[],"bundle_stock_status":"instock","bundle_stock_quantity":704,"bundle_virtual":false,"bundle_layout":"","bundle_add_to_cart_form_location":"","bundle_editable_in_cart":false,"bundle_sold_individually_context":"","bundle_item_grouping":"","bundle_min_size":"","bundle_max_size":"","bundle_price":[],"bundled_items":[],"bundle_sell_ids":[],"_links":{"self":[{"href":"https:\/\/shop.rvcare.ca\/fr\/wp-json\/wp\/v2\/product\/143280","targetHints":{"allow":["GET"]}}],"collection":[{"href":"https:\/\/shop.rvcare.ca\/fr\/wp-json\/wp\/v2\/product"}],"about":[{"href":"https:\/\/shop.rvcare.ca\/fr\/wp-json\/wp\/v2\/types\/product"}],"replies":[{"embeddable":true,"href":"https:\/\/shop.rvcare.ca\/fr\/wp-json\/wp\/v2\/comments?post=143280"}],"version-history":[{"count":4,"href":"https:\/\/shop.rvcare.ca\/fr\/wp-json\/wp\/v2\/product\/143280\/revisions"}],"predecessor-version":[{"id":157730,"href":"https:\/\/shop.rvcare.ca\/fr\/wp-json\/wp\/v2\/product\/143280\/revisions\/157730"}],"wp:featuredmedia":[{"embeddable":true,"href":"https:\/\/shop.rvcare.ca\/fr\/wp-json\/wp\/v2\/media\/142177"}],"wp:attachment":[{"href":"https:\/\/shop.rvcare.ca\/fr\/wp-json\/wp\/v2\/media?parent=143280"}],"wp:term":[{"taxonomy":"product_brand","embeddable":true,"href":"https:\/\/shop.rvcare.ca\/fr\/wp-json\/wp\/v2\/product_brand?post=143280"},{"taxonomy":"product_cat","embeddable":true,"href":"https:\/\/shop.rvcare.ca\/fr\/wp-json\/wp\/v2\/product_cat?post=143280"},{"taxonomy":"product_tag","embeddable":true,"href":"https:\/\/shop.rvcare.ca\/fr\/wp-json\/wp\/v2\/product_tag?post=143280"}],"curies":[{"name":"wp","href":"https:\/\/api.w.org\/{rel}","templated":true}]}}