{"id":143282,"date":"2025-08-22T09:53:20","date_gmt":"2025-08-22T13:53:20","guid":{"rendered":"https:\/\/shop.rvcare.ca\/product\/ge-appliances-outdoor-air-conditioner-white-cool-only-13500-btu\/"},"modified":"2026-04-10T11:43:05","modified_gmt":"2026-04-10T15:43:05","slug":"ge-appliances-outdoor-air-conditioner-white-cool-only-13500-btu","status":"publish","type":"product","link":"https:\/\/shop.rvcare.ca\/fr\/produit\/ge-appliances-outdoor-air-conditioner-white-cool-only-13500-btu\/","title":{"rendered":"Climatiseur ext\u00e9rieur GE Appliance \u2013 Blanc \/ Froid seulement (13500 BTU)"},"content":{"rendered":"<p>Description du produit : climatiseur ext\u00e9rieur GE Appliances \u2013 Blanc \/ Refroidissement seulement (13500 BTU)  Restez au frais pendant les chaudes mois d&rsquo;\u00e9t\u00e9 avec le climatiseur ext\u00e9rieur GE Appliances, con\u00e7u pour s&rsquo;adapter aux ouvertures de ventilation de 14-3\/8 pouces x 14-3\/8 pouces. Unit\u00e9 de refroidissement efficace de 13 500 BTU, elle garde vos espaces de vie confortables sans vous ruiner en co\u00fbts \u00e9nerg\u00e9tiques. Fonctionnant \u00e0 115 volts et n\u00e9cessitant un disjoncteur de 20 amp\u00e8res, cette \u00e9l\u00e9gante unit\u00e9 ext\u00e9rieure blanche est parfaite pour tout VR ou environnement ext\u00e9rieur. Avec un poids de 78 livres, ses dimensions sont de 27,7 pouces de large, 13,9 pouces de haut et 32,8 pouces de profondeur. \u00c9quip\u00e9 de r\u00e9frig\u00e9rant R32, ce climatiseur offre des performances de refroidissement exceptionnelles tout en respectant des normes \u00e9cologiques, en faisant un choix durable pour vos besoins de refroidissement.<\/p>\n<p><strong>Caract\u00e9ristiques cl\u00e9s :<\/strong><\/p>\n<ul>\n<li>R\u00e9frig\u00e9rant R32 : Ce climatiseur pour VR utilise le R32, un r\u00e9frig\u00e9rant plus respectueux de l&rsquo;environnement avec un potentiel de r\u00e9chauffement climatique (PRG) inf\u00e9rieur \u00e0 celui du R410A.<\/li>\n<li>Refroidissement durable : Profitez de puissants r\u00e9sultats de refroidissement avec moins d&rsquo;impact environnemental gr\u00e2ce \u00e0 la technologie du r\u00e9frig\u00e9rant R32.<\/li>\n<li>Performance de refroidissement puissante et fiable : Avec plus de 70 ans d&rsquo;expertise en confort climatique, ce climatiseur maintient des temp\u00e9ratures agr\u00e9ables de mani\u00e8re constante.<\/li>\n<li>Conception durable : Fabriqu\u00e9 avec des rev\u00eatements r\u00e9sistants \u00e0 la corrosion, des supports de moteur robustes, des trous de vis renforc\u00e9s et des tests de contr\u00f4le des vibrations pour la durabilit\u00e9 et la long\u00e9vit\u00e9.<\/li>\n<li>Fonctionnement silencieux : Le moteur haute performance, \u00e9quip\u00e9 d&rsquo;\u00e9l\u00e9ments en caoutchouc anti-vibrations, minimise le bruit et les vibrations pour un environnement paisible.<\/li>\n<li>Apparence a\u00e9rodynamique \u00e9l\u00e9gante : Le rev\u00eatement UV de haute qualit\u00e9 et la carapace en polym\u00e8re de qualit\u00e9 automobile garantissent un aspect brillant et attrayant pendant des ann\u00e9es.<\/li>\n<li>Installation facile : La bo\u00eete de contr\u00f4le \u00ab\u00a0EZ Install\u00a0\u00bb, avec son design basculant, permet des connexions de c\u00e2blage simples, r\u00e9duisant les risques d&rsquo;erreurs d&rsquo;installation.<\/li>\n<li>Bo\u00eete de contr\u00f4le et thermostat universels : Mettez facilement \u00e0 niveau de la climatisation refroidissement seul vers une pompe \u00e0 chaleur sans le co\u00fbt de remplacement de la bo\u00eete de contr\u00f4le et du thermostat.<\/li>\n<\/ul>\n<p>Luttez contre la chaleur tout en ayant un impact positif sur l&rsquo;environnement &#8211; commandez le climatiseur ext\u00e9rieur GE Appliances d\u00e8s aujourd&rsquo;hui !<\/p>\n","protected":false},"excerpt":{"rendered":"<ul>\n<li>Montage : Pour ouvertures d&rsquo;\u00e9vent de 14 po x 14 po<\/li>\n<li>Capacit\u00e9 : 13 500 BTU<\/li>\n<li>Syst\u00e8me de climatisation : Syst\u00e8me \u00e0 conduits ou sans conduits<\/li>\n<li>Contr\u00f4le de zones : Sans carte \u00e9lectronique de contr\u00f4le de zones int\u00e9gr\u00e9e<\/li>\n<li>Couleur : Blanc<\/li>\n<li>Type de refroidissement : Refroidissement par r\u00e9frig\u00e9rant<\/li>\n<li>Fonction : Climatisation seulement<\/li>\n<li>Hauteur : Profil moyen &#8211; 13,8 po<\/li>\n<li>Tension : 115 volts<\/li>\n<li>Amp\u00e9rage : 20 amp\u00e8res<\/li>\n<li>Poids : 78 lb<\/li>\n<li>Note additionnelle 1 : L&rsquo;ensemble de plafonnier et le thermostat doivent \u00eatre command\u00e9s s\u00e9par\u00e9ment<\/li>\n<li>Temps d&rsquo;installation estim\u00e9 (heures) : 1,5<\/li>\n<li>Usage marin : Non<\/li>\n<\/ul>\n","protected":false},"featured_media":138589,"comment_status":"open","ping_status":"closed","template":"","meta":{"_glsr_average":0,"_glsr_ranking":0,"_glsr_reviews":0,"keywords_product":"outdoor air conditioner, ge air conditioner, 13500 btu unit, rv air conditioning, eco-friendly cooling, climatiseur ext\u00e9rieur, climatiseur ge, unit\u00e9 de refroidissement 13500 btu, climatisation pour vr, refroidissement \u00e9cologique","featured_product":"","product_importance":"1","wds_primary_product_brand":0,"wds_primary_product_cat":0,"wds_primary_fb_product_set":0},"product_brand":[1913],"product_cat":[1089,1761],"product_tag":[1427,1839,1462],"class_list":{"0":"post-143282","1":"product","2":"type-product","3":"status-publish","4":"has-post-thumbnail","6":"product_brand-ge-appliances-fr","7":"product_cat-events","8":"product_cat-climatiseurs-accessoires","9":"product_tag-ramassage-en-magasin","10":"product_tag-ge-appliances-fr","11":"product_tag-ntp-fr","13":"first","14":"instock","15":"taxable","16":"shipping-taxable","17":"purchasable","18":"product-type-simple"},"bundled_by":[],"bundle_stock_status":"instock","bundle_stock_quantity":26,"bundle_virtual":false,"bundle_layout":"","bundle_add_to_cart_form_location":"","bundle_editable_in_cart":false,"bundle_sold_individually_context":"","bundle_item_grouping":"","bundle_min_size":"","bundle_max_size":"","bundle_price":[],"bundled_items":[],"bundle_sell_ids":[],"_links":{"self":[{"href":"https:\/\/shop.rvcare.ca\/fr\/wp-json\/wp\/v2\/product\/143282","targetHints":{"allow":["GET"]}}],"collection":[{"href":"https:\/\/shop.rvcare.ca\/fr\/wp-json\/wp\/v2\/product"}],"about":[{"href":"https:\/\/shop.rvcare.ca\/fr\/wp-json\/wp\/v2\/types\/product"}],"replies":[{"embeddable":true,"href":"https:\/\/shop.rvcare.ca\/fr\/wp-json\/wp\/v2\/comments?post=143282"}],"version-history":[{"count":4,"href":"https:\/\/shop.rvcare.ca\/fr\/wp-json\/wp\/v2\/product\/143282\/revisions"}],"predecessor-version":[{"id":157731,"href":"https:\/\/shop.rvcare.ca\/fr\/wp-json\/wp\/v2\/product\/143282\/revisions\/157731"}],"wp:featuredmedia":[{"embeddable":true,"href":"https:\/\/shop.rvcare.ca\/fr\/wp-json\/wp\/v2\/media\/138589"}],"wp:attachment":[{"href":"https:\/\/shop.rvcare.ca\/fr\/wp-json\/wp\/v2\/media?parent=143282"}],"wp:term":[{"taxonomy":"product_brand","embeddable":true,"href":"https:\/\/shop.rvcare.ca\/fr\/wp-json\/wp\/v2\/product_brand?post=143282"},{"taxonomy":"product_cat","embeddable":true,"href":"https:\/\/shop.rvcare.ca\/fr\/wp-json\/wp\/v2\/product_cat?post=143282"},{"taxonomy":"product_tag","embeddable":true,"href":"https:\/\/shop.rvcare.ca\/fr\/wp-json\/wp\/v2\/product_tag?post=143282"}],"curies":[{"name":"wp","href":"https:\/\/api.w.org\/{rel}","templated":true}]}}