{"id":150630,"date":"2025-12-12T11:02:05","date_gmt":"2025-12-12T16:02:05","guid":{"rendered":"https:\/\/shop.rvcare.ca\/product\/xantrex-power-inverter-advanced-rv-power-conversion-technology\/"},"modified":"2026-04-16T05:30:38","modified_gmt":"2026-04-16T09:30:38","slug":"xantrex-power-inverter-advanced-rv-power-conversion-technology","status":"publish","type":"product","link":"https:\/\/shop.rvcare.ca\/fr\/produit\/xantrex-power-inverter-advanced-rv-power-conversion-technology\/","title":{"rendered":"Xantrex Power Inverter \u2013 Advanced RV Power Conversion Technology"},"content":{"rendered":"<p>Xantrex Power Inverter \u2013 Advanced RV Power Conversion Technology<br \/>\nExperience superior power management with the Xantrex Power Inverter, designed to meet the demands of both recreational and commercial applications. As a global leader in power electronics, Xantrex Technology brings cutting-edge engineering and manufacturing to your fingertips. Whether you are on an RV adventure or running a mobile business, this inverter ensures reliable power conversion in all conditions. With a strong team committed to research and innovation, Xantrex has developed over 100 revolutionary products to enhance your power experience. The Xantrex Power Inverter delivers premium performance in a lightweight, compact package, making it the perfect choice for those on the go.<\/p>\n<p><strong>Key Features:<\/strong><\/p>\n<ul>\n<li>Offers premium performance in a lightweight, compact package<\/li>\n<li>Cranks out full output from -20\u00b0C to 40\u00b0C for operation in all climate temperatures<\/li>\n<li>The extended surge rating makes it ideal to start difficult loads including fridge and microwave<\/li>\n<li>Designed for both recreational and commercial applications<\/li>\n<li>Surges to 2X continuous power for 2 seconds for motor loads<\/li>\n<li>True sine wave AC power for the operation of sensitive and motor loads<\/li>\n<li>Quick connect terminals at AC IN and OUT make installation a breeze<\/li>\n<li>View AC and battery current, percentage status bar for inverter output on the onboard display<\/li>\n<\/ul>\n<p>Don&rsquo;t compromise on your power needs! Invest in the Xantrex Power Inverter today and ensure a seamless energy supply for your RV or business on the road.<\/p>\n","protected":false},"excerpt":{"rendered":"<ul>\n<li>Input Voltage: 12 Volt DC<\/li>\n<li>Output Voltage: 120 Volt AC<\/li>\n<li>Continuous Output Power (W): 2000 Watt<\/li>\n<li>Peak Output Power (W): 4000 Watt<\/li>\n<li>Ampere Rating: 16.7 Amp<\/li>\n<li>Efficiency: 91 Percent<\/li>\n<li>Length (IN): 15.4 Inch<\/li>\n<li>Width (IN): 10.8 Inch<\/li>\n<li>Height (IN): 4 Inch<\/li>\n<li>Remote On\/Off Capable: Yes<\/li>\n<li>With USB Port: No<\/li>\n<li>With Volt\/Watt Meter: No<\/li>\n<li>With Short Circuit: No<\/li>\n<li>With Reverse Battery Protection: No<\/li>\n<li>With Thermal Protection: No<\/li>\n<li>With Battery Cables: No<\/li>\n<li>With Built-In Charger: No<\/li>\n<li>With Fuse: No<\/li>\n<li><\/li>\n<\/ul>\n","protected":false},"featured_media":151120,"comment_status":"open","ping_status":"closed","template":"","meta":{"_glsr_average":0,"_glsr_ranking":0,"_glsr_reviews":0,"keywords_product":"xantrex power inverter, rv power converter, true sine wave inverter, lightweight power inverter, recreational vehicle inverter, convertisseur de puissance xantrex, convertisseur \u00e9nerg\u00e9tique rv, onduleur onde sinuso\u00efdale, onduleur l\u00e9ger, onduleur pour vr","featured_product":"","product_importance":"1","wds_primary_product_brand":0,"wds_primary_product_cat":0,"wds_primary_fb_product_set":0},"product_brand":[1887],"product_cat":[1381,1880],"product_tag":[1462,1891],"class_list":{"0":"post-150630","1":"product","2":"type-product","3":"status-publish","4":"has-post-thumbnail","6":"product_brand-xantrex","7":"product_cat-electrical","8":"product_cat-power-inverters","9":"product_tag-ntp-fr","10":"product_tag-xantrex-fr","12":"first","13":"instock","14":"taxable","15":"shipping-taxable","16":"purchasable","17":"product-type-simple"},"bundled_by":[],"bundle_stock_status":"instock","bundle_stock_quantity":94,"bundle_virtual":false,"bundle_layout":"","bundle_add_to_cart_form_location":"","bundle_editable_in_cart":false,"bundle_sold_individually_context":"","bundle_item_grouping":"","bundle_min_size":"","bundle_max_size":"","bundle_price":[],"bundled_items":[],"bundle_sell_ids":[],"_links":{"self":[{"href":"https:\/\/shop.rvcare.ca\/fr\/wp-json\/wp\/v2\/product\/150630","targetHints":{"allow":["GET"]}}],"collection":[{"href":"https:\/\/shop.rvcare.ca\/fr\/wp-json\/wp\/v2\/product"}],"about":[{"href":"https:\/\/shop.rvcare.ca\/fr\/wp-json\/wp\/v2\/types\/product"}],"replies":[{"embeddable":true,"href":"https:\/\/shop.rvcare.ca\/fr\/wp-json\/wp\/v2\/comments?post=150630"}],"version-history":[{"count":7,"href":"https:\/\/shop.rvcare.ca\/fr\/wp-json\/wp\/v2\/product\/150630\/revisions"}],"predecessor-version":[{"id":157865,"href":"https:\/\/shop.rvcare.ca\/fr\/wp-json\/wp\/v2\/product\/150630\/revisions\/157865"}],"wp:featuredmedia":[{"embeddable":true,"href":"https:\/\/shop.rvcare.ca\/fr\/wp-json\/wp\/v2\/media\/151120"}],"wp:attachment":[{"href":"https:\/\/shop.rvcare.ca\/fr\/wp-json\/wp\/v2\/media?parent=150630"}],"wp:term":[{"taxonomy":"product_brand","embeddable":true,"href":"https:\/\/shop.rvcare.ca\/fr\/wp-json\/wp\/v2\/product_brand?post=150630"},{"taxonomy":"product_cat","embeddable":true,"href":"https:\/\/shop.rvcare.ca\/fr\/wp-json\/wp\/v2\/product_cat?post=150630"},{"taxonomy":"product_tag","embeddable":true,"href":"https:\/\/shop.rvcare.ca\/fr\/wp-json\/wp\/v2\/product_tag?post=150630"}],"curies":[{"name":"wp","href":"https:\/\/api.w.org\/{rel}","templated":true}]}}