{"id":150631,"date":"2025-12-12T11:02:00","date_gmt":"2025-12-12T16:02:00","guid":{"rendered":"https:\/\/shop.rvcare.ca\/product\/xantrex-freedom-x-power-inverter-120v-true-sine-wave-with-transfer-switch-bluetooth-compatibility\/"},"modified":"2026-04-10T12:00:54","modified_gmt":"2026-04-10T16:00:54","slug":"xantrex-freedom-x-power-inverter-120v-true-sine-wave-with-transfer-switch-bluetooth-compatibility","status":"publish","type":"product","link":"https:\/\/shop.rvcare.ca\/fr\/produit\/xantrex-freedom-x-power-inverter-120v-true-sine-wave-with-transfer-switch-bluetooth-compatibility\/","title":{"rendered":"Xantrex Freedom X Power Inverter \u2013 120V True Sine Wave with Transfer Switch &#038; Bluetooth Compatibility"},"content":{"rendered":"<p>Xantrex Freedom X Power Inverter \u2013 120V True Sine Wave with Transfer Switch &amp; Bluetooth Compatibility<\/p>\n<p>Experience the ultimate in power management with the Xantrex Freedom X Power Inverter. This 120V true sine wave inverter features a built-in transfer switch, providing seamless power transfer for your recreational and commercial applications. Designed to perform in a wide range of temperatures\u2014from -4\u00b0F to 104\u00b0F\u2014this inverter delivers premium performance in a lightweight, compact package. Enjoy the convenience of monitoring and configuring system performance via the Bluetooth app when paired with the optional Freedom X Bluetooth remote panel. The extended surge rating allows for easy startup of demanding loads like refrigerators and microwaves, making it a reliable choice for all your power needs.<\/p>\n<p><strong>Key Features:<\/strong><\/p>\n<ul>\n<li>Offers premium performance in a lightweight compact package<\/li>\n<li>Cranks out full output from -4\u00b0F to 104\u00b0F for operation in all climate temperatures<\/li>\n<li>The extended surge rating makes it ideal to start difficult loads including fridges and microwaves<\/li>\n<li>Designed for recreational and commercial applications<\/li>\n<li>Surges to 2X continuous power for 2 seconds for motor loads<\/li>\n<li>True sine wave AC power for operation of sensitive and motor loads<\/li>\n<li>Quick connect terminals at AC IN and OUT make installation a breeze<\/li>\n<li>View AC and battery current, percentage status bar for inverter output on the onboard display<\/li>\n<\/ul>\n<p>Don\u2019t miss out on the chance to elevate your power capabilities! Invest in the Xantrex Freedom X Power Inverter today and ensure you have a reliable power solution wherever your adventures take you!<\/p>\n","protected":false},"excerpt":{"rendered":"<ul>\n<li>Input Voltage: 12 Volt DC<\/li>\n<li>Output Voltage: 120 Volt AC<\/li>\n<li>Continuous Output Power (W): 1000 Watt<\/li>\n<li>Peak Output Power (W): 2000 Watt<\/li>\n<li>Ampere Rating: 8.4 Amp<\/li>\n<li>Efficiency: 91 Percent<\/li>\n<li>Length (IN): 14.2 Inch<\/li>\n<li>Width (IN): 10.6 Inch<\/li>\n<li>Height (IN): 3.7 Inch<\/li>\n<li>Remote On\/Off Capable: Yes<\/li>\n<li>With USB Port: No<\/li>\n<li>With Volt\/Watt Meter: No<\/li>\n<li>With Short Circuit: No<\/li>\n<li>With Reverse Battery Protection: No<\/li>\n<li>With Thermal Protection: No<\/li>\n<li>With Battery Cables: No<\/li>\n<li>With Built-In Charger: No<\/li>\n<li>With Fuse: No<\/li>\n<li><\/li>\n<\/ul>\n","protected":false},"featured_media":150423,"comment_status":"open","ping_status":"closed","template":"","meta":{"_glsr_average":0,"_glsr_ranking":0,"_glsr_reviews":0,"keywords_product":"xantrex inverter, power inverter, true sine wave inverter, bluetooth inverter, rv power solutions, inverseur xantrex, inverseur de puissance, onde sinuso\u00efdale pure, compatibilit\u00e9 bluetooth, solutions \u00e9nerg\u00e9tiques rv","featured_product":"","product_importance":"1","wds_primary_product_brand":0,"wds_primary_product_cat":0,"wds_primary_fb_product_set":0},"product_brand":[1887],"product_cat":[1382,1881],"product_tag":[1462,1891],"class_list":{"0":"post-150631","1":"product","2":"type-product","3":"status-publish","4":"has-post-thumbnail","6":"product_brand-xantrex","7":"product_cat-produits-electriques","8":"product_cat-onduleur","9":"product_tag-ntp-fr","10":"product_tag-xantrex-fr","12":"first","13":"instock","14":"taxable","15":"shipping-taxable","16":"purchasable","17":"product-type-simple"},"bundled_by":[],"bundle_stock_status":"instock","bundle_stock_quantity":15,"bundle_virtual":false,"bundle_layout":"","bundle_add_to_cart_form_location":"","bundle_editable_in_cart":false,"bundle_sold_individually_context":"","bundle_item_grouping":"","bundle_min_size":"","bundle_max_size":"","bundle_price":[],"bundled_items":[],"bundle_sell_ids":[],"_links":{"self":[{"href":"https:\/\/shop.rvcare.ca\/fr\/wp-json\/wp\/v2\/product\/150631","targetHints":{"allow":["GET"]}}],"collection":[{"href":"https:\/\/shop.rvcare.ca\/fr\/wp-json\/wp\/v2\/product"}],"about":[{"href":"https:\/\/shop.rvcare.ca\/fr\/wp-json\/wp\/v2\/types\/product"}],"replies":[{"embeddable":true,"href":"https:\/\/shop.rvcare.ca\/fr\/wp-json\/wp\/v2\/comments?post=150631"}],"version-history":[{"count":7,"href":"https:\/\/shop.rvcare.ca\/fr\/wp-json\/wp\/v2\/product\/150631\/revisions"}],"predecessor-version":[{"id":159087,"href":"https:\/\/shop.rvcare.ca\/fr\/wp-json\/wp\/v2\/product\/150631\/revisions\/159087"}],"wp:featuredmedia":[{"embeddable":true,"href":"https:\/\/shop.rvcare.ca\/fr\/wp-json\/wp\/v2\/media\/150423"}],"wp:attachment":[{"href":"https:\/\/shop.rvcare.ca\/fr\/wp-json\/wp\/v2\/media?parent=150631"}],"wp:term":[{"taxonomy":"product_brand","embeddable":true,"href":"https:\/\/shop.rvcare.ca\/fr\/wp-json\/wp\/v2\/product_brand?post=150631"},{"taxonomy":"product_cat","embeddable":true,"href":"https:\/\/shop.rvcare.ca\/fr\/wp-json\/wp\/v2\/product_cat?post=150631"},{"taxonomy":"product_tag","embeddable":true,"href":"https:\/\/shop.rvcare.ca\/fr\/wp-json\/wp\/v2\/product_tag?post=150631"}],"curies":[{"name":"wp","href":"https:\/\/api.w.org\/{rel}","templated":true}]}}