{"id":150638,"date":"2025-12-12T11:01:52","date_gmt":"2025-12-12T16:01:52","guid":{"rendered":"https:\/\/shop.rvcare.ca\/product\/go-power-heavy-duty-modified-sine-wave-power-inverter-rv-boat-home-backup-power\/"},"modified":"2026-04-16T05:30:44","modified_gmt":"2026-04-16T09:30:44","slug":"go-power-heavy-duty-modified-sine-wave-power-inverter-rv-boat-home-backup-power","status":"publish","type":"product","link":"https:\/\/shop.rvcare.ca\/fr\/produit\/go-power-heavy-duty-modified-sine-wave-power-inverter-rv-boat-home-backup-power\/","title":{"rendered":"Go Power Heavy-Duty Modified Sine Wave Power Inverter \u2013 RV\/Boat\/Home Backup Power"},"content":{"rendered":"<p>Go Power Heavy-Duty Modified Sine Wave Power Inverter \u2013 RV\/Boat\/Home Backup Power<br \/>\nEnsure you have reliable power wherever your adventures take you with the Go Power Heavy-Duty Modified Sine Wave Power Inverter. This versatile inverter is perfect for use in your RV, boat, truck, or even as a backup power solution at home during outages. Designed to run standard AC devices seamlessly, this inverter replicates AC power for optimal performance and provides dependable energy whenever you need it. With features such as USB connectivity and full overload protection, you can trust the Go Power inverter to meet your power needs safely and effectively. Experience the freedom of autonomy on the road or at sea\u2014never be left in the dark again!<\/p>\n<p><strong>Key Features:<\/strong><\/p>\n<ul>\n<li>Produces an adequate replica of AC power for optimal performance<\/li>\n<li>Runs most devices in wattage range without interference<\/li>\n<li>USB connectivity for charging devices<\/li>\n<li>Heavy-duty steel case for durability<\/li>\n<li>Wide voltage range for versatile applications<\/li>\n<li>Full overload protection for peace of mind<\/li>\n<\/ul>\n<p>Don\u2019t miss out on the convenience of portable power! Equip yourself with the Go Power Heavy-Duty Modified Sine Wave Power Inverter today and ensure you\u2019re always ready for your next adventure!<\/p>\n","protected":false},"excerpt":{"rendered":"<ul>\n<li>Input Voltage: 10.5-15 Volt DC<\/li>\n<li>Output Voltage: 120 Volt AC<\/li>\n<li>Continuous Output Power (W): 5000 Watt<\/li>\n<li>Peak Output Power (W): 10000 Watt<\/li>\n<li>Ampere Rating: 1.2 Amp<\/li>\n<li>Efficiency: 80 Percent<\/li>\n<li>Number Of AC Outlets: 4<\/li>\n<li>Length (IN): 18-1\/2 Inch<\/li>\n<li>Width (IN): 9.9 Inch<\/li>\n<li>Height (IN): 4.13 Inch<\/li>\n<li>Remote On\/Off Capable: No<\/li>\n<li><\/li>\n<\/ul>\n","protected":false},"featured_media":151194,"comment_status":"open","ping_status":"closed","template":"","meta":{"_glsr_average":0,"_glsr_ranking":0,"_glsr_reviews":0,"keywords_product":"go power inverter, modified sine wave inverter, rv power solution, boat power supply, home backup power, onduleur go power, onduleur modifi\u00e9, \u00e9nergie de secours vr, onduleur pour bateau, source d'\u00e9nergie portable","featured_product":"","product_importance":"1","wds_primary_product_brand":0,"wds_primary_product_cat":0,"wds_primary_fb_product_set":0},"product_brand":[1918],"product_cat":[1382,1881],"product_tag":[1619,1462],"class_list":{"0":"post-150638","1":"product","2":"type-product","3":"status-publish","4":"has-post-thumbnail","6":"product_brand-go-power-fr","7":"product_cat-produits-electriques","8":"product_cat-onduleur","9":"product_tag-go-power-fr","10":"product_tag-ntp-fr","12":"first","13":"instock","14":"taxable","15":"shipping-taxable","16":"purchasable","17":"product-type-simple"},"bundled_by":[],"bundle_stock_status":"instock","bundle_stock_quantity":58,"bundle_virtual":false,"bundle_layout":"","bundle_add_to_cart_form_location":"","bundle_editable_in_cart":false,"bundle_sold_individually_context":"","bundle_item_grouping":"","bundle_min_size":"","bundle_max_size":"","bundle_price":[],"bundled_items":[],"bundle_sell_ids":[],"_links":{"self":[{"href":"https:\/\/shop.rvcare.ca\/fr\/wp-json\/wp\/v2\/product\/150638","targetHints":{"allow":["GET"]}}],"collection":[{"href":"https:\/\/shop.rvcare.ca\/fr\/wp-json\/wp\/v2\/product"}],"about":[{"href":"https:\/\/shop.rvcare.ca\/fr\/wp-json\/wp\/v2\/types\/product"}],"replies":[{"embeddable":true,"href":"https:\/\/shop.rvcare.ca\/fr\/wp-json\/wp\/v2\/comments?post=150638"}],"version-history":[{"count":7,"href":"https:\/\/shop.rvcare.ca\/fr\/wp-json\/wp\/v2\/product\/150638\/revisions"}],"predecessor-version":[{"id":159095,"href":"https:\/\/shop.rvcare.ca\/fr\/wp-json\/wp\/v2\/product\/150638\/revisions\/159095"}],"wp:featuredmedia":[{"embeddable":true,"href":"https:\/\/shop.rvcare.ca\/fr\/wp-json\/wp\/v2\/media\/151194"}],"wp:attachment":[{"href":"https:\/\/shop.rvcare.ca\/fr\/wp-json\/wp\/v2\/media?parent=150638"}],"wp:term":[{"taxonomy":"product_brand","embeddable":true,"href":"https:\/\/shop.rvcare.ca\/fr\/wp-json\/wp\/v2\/product_brand?post=150638"},{"taxonomy":"product_cat","embeddable":true,"href":"https:\/\/shop.rvcare.ca\/fr\/wp-json\/wp\/v2\/product_cat?post=150638"},{"taxonomy":"product_tag","embeddable":true,"href":"https:\/\/shop.rvcare.ca\/fr\/wp-json\/wp\/v2\/product_tag?post=150638"}],"curies":[{"name":"wp","href":"https:\/\/api.w.org\/{rel}","templated":true}]}}