{"id":153481,"date":"2026-02-06T13:19:12","date_gmt":"2026-02-06T18:19:12","guid":{"rendered":"https:\/\/shop.rvcare.ca\/product\/camco-door-mat-life-is-better-at-the-campsite-pvc-entry-rug-with-skid-proof-backing\/"},"modified":"2026-04-10T11:41:39","modified_gmt":"2026-04-10T15:41:39","slug":"camco-door-mat-life-is-better-at-the-campsite-pvc-entry-rug-with-skid-proof-backing","status":"publish","type":"product","link":"https:\/\/shop.rvcare.ca\/fr\/produit\/camco-door-mat-life-is-better-at-the-campsite-pvc-entry-rug-with-skid-proof-backing\/","title":{"rendered":"Tapis d\u2019entr\u00e9e Camco pour VR \u2013 \u00ab La vie est plus belle au camping \u00bb en PVC avec endos antid\u00e9rapant"},"content":{"rendered":"<p>Ajoutez une touche de charme ext\u00e9rieur \u00e0 votre entr\u00e9e avec le paillasson CAMCO \u00ab La vie est meilleure au camping \u00bb, con\u00e7u pour les maisons canadiennes et les passionn\u00e9s de plein air. Fabriqu\u00e9 en PVC boucl\u00e9 durable, ce paillasson pi\u00e8ge efficacement la salet\u00e9 et les d\u00e9bris, aidant \u00e0 garder vos sols plus propres tout au long de l&rsquo;ann\u00e9e. Que ce soit \u00e0 l&rsquo;int\u00e9rieur de votre porte d&rsquo;entr\u00e9e, \u00e0 l&rsquo;ext\u00e9rieur sur le porche, sous la station de nourriture de votre animal de compagnie ou lors de votre prochaine aventure en camping, ce paillasson allie praticit\u00e9 et style. Sa construction r\u00e9sistante aux intemp\u00e9ries et \u00e0 s\u00e9chage rapide lui permet de r\u00e9sister facilement \u00e0 la pluie, \u00e0 la neige et \u00e0 la moisissure. La sensation de coussin sous le pied offre du confort tout en ajoutant de l&rsquo;adh\u00e9rence, et le fond bleu vibrant avec un logo orange audacieux en fait un accessoire remarquable pour tout espace. Le dos en caoutchouc antid\u00e9rapant garantit que le paillasson reste fermement en place, m\u00eame dans les zones \u00e0 fort trafic, ce qui en fait un choix id\u00e9al pour les m\u00e9nages canadiens occup\u00e9s cherchant \u00e0 r\u00e9duire le d\u00e9sordre tout en maximisant le confort.<\/p>\n<p>&nbsp;<\/p>\n<p>Caract\u00e9ristiques cl\u00e9s :<\/p>\n<ul>\n<li><\/li>\n<\/ul>\n<p>Apportez chez vous le paillasson CAMCO aujourd&rsquo;hui et profitez d&rsquo;une entr\u00e9e plus propre et plus confortable qui c\u00e9l\u00e8bre votre amour du camping et de la grande nature. Commandez maintenant pour am\u00e9liorer la premi\u00e8re impression de votre maison tout en gardant la salet\u00e9 et l&rsquo;humidit\u00e9 \u00e0 distance !<\/p>\n","protected":false},"excerpt":{"rendered":"<ul>\n<li>Type : Int\u00e9rieur ou ext\u00e9rieur<\/li>\n<li>Longueur (PO) : 29 pouces<\/li>\n<li>Largeur (PO) : 17-1\/4 pouces<\/li>\n<li>Design : Design r\u00e9tro de VR avec logo \u00ab La vie est meilleure au camping \u00bb<\/li>\n<li>Couleur : Gris<\/li>\n<li>Mat\u00e9riau : Caoutchouc<\/li>\n<\/ul>\n","protected":false},"featured_media":156583,"comment_status":"open","ping_status":"closed","template":"","meta":{"_glsr_average":0,"_glsr_ranking":0,"_glsr_reviews":0,"keywords_product":"door mat, outdoor mat, camping mat, entrance mat, dirt trap mat, paillasson, paillasson ext\u00e9rieur, paillasson de camping, paillasson d'entr\u00e9e, paillasson anti-d\u00e9rapant","featured_product":"false","product_importance":"1","wds_primary_product_brand":0,"wds_primary_product_cat":0,"wds_primary_fb_product_set":0},"product_brand":[1915],"product_cat":[1867,1087],"product_tag":[1443,1589,1462],"class_list":{"0":"post-153481","1":"product","2":"type-product","3":"status-publish","4":"has-post-thumbnail","6":"product_brand-camco-fr","7":"product_cat-camping-exterieur","8":"product_cat-tapis-exterieur","9":"product_tag-camco-fr","10":"product_tag-nouveautes","11":"product_tag-ntp-fr","13":"first","14":"instock","15":"taxable","16":"shipping-taxable","17":"purchasable","18":"product-type-simple"},"bundled_by":[],"bundle_stock_status":"instock","bundle_stock_quantity":151,"bundle_virtual":false,"bundle_layout":"","bundle_add_to_cart_form_location":"","bundle_editable_in_cart":false,"bundle_sold_individually_context":"","bundle_item_grouping":"","bundle_min_size":"","bundle_max_size":"","bundle_price":[],"bundled_items":[],"bundle_sell_ids":[],"_links":{"self":[{"href":"https:\/\/shop.rvcare.ca\/fr\/wp-json\/wp\/v2\/product\/153481","targetHints":{"allow":["GET"]}}],"collection":[{"href":"https:\/\/shop.rvcare.ca\/fr\/wp-json\/wp\/v2\/product"}],"about":[{"href":"https:\/\/shop.rvcare.ca\/fr\/wp-json\/wp\/v2\/types\/product"}],"replies":[{"embeddable":true,"href":"https:\/\/shop.rvcare.ca\/fr\/wp-json\/wp\/v2\/comments?post=153481"}],"version-history":[{"count":6,"href":"https:\/\/shop.rvcare.ca\/fr\/wp-json\/wp\/v2\/product\/153481\/revisions"}],"predecessor-version":[{"id":159026,"href":"https:\/\/shop.rvcare.ca\/fr\/wp-json\/wp\/v2\/product\/153481\/revisions\/159026"}],"wp:featuredmedia":[{"embeddable":true,"href":"https:\/\/shop.rvcare.ca\/fr\/wp-json\/wp\/v2\/media\/156583"}],"wp:attachment":[{"href":"https:\/\/shop.rvcare.ca\/fr\/wp-json\/wp\/v2\/media?parent=153481"}],"wp:term":[{"taxonomy":"product_brand","embeddable":true,"href":"https:\/\/shop.rvcare.ca\/fr\/wp-json\/wp\/v2\/product_brand?post=153481"},{"taxonomy":"product_cat","embeddable":true,"href":"https:\/\/shop.rvcare.ca\/fr\/wp-json\/wp\/v2\/product_cat?post=153481"},{"taxonomy":"product_tag","embeddable":true,"href":"https:\/\/shop.rvcare.ca\/fr\/wp-json\/wp\/v2\/product_tag?post=153481"}],"curies":[{"name":"wp","href":"https:\/\/api.w.org\/{rel}","templated":true}]}}