{"id":156094,"date":"2026-03-18T13:57:58","date_gmt":"2026-03-18T17:57:58","guid":{"rendered":"https:\/\/shop.rvcare.ca\/product\/truck-gear-expedition-beverage-cooler-heavy-duty-insulated-ice-chest-with-wheels-and-bottle-opener\/"},"modified":"2026-04-10T11:41:34","modified_gmt":"2026-04-10T15:41:34","slug":"truck-gear-expedition-beverage-cooler-heavy-duty-insulated-ice-chest-with-wheels-and-bottle-opener","status":"publish","type":"product","link":"https:\/\/shop.rvcare.ca\/fr\/produit\/truck-gear-expedition-beverage-cooler-heavy-duty-insulated-ice-chest-with-wheels-and-bottle-opener\/","title":{"rendered":"Glaci\u00e8re de Camping Truck Gear Expedition \u2013 Coffre \u00e0 glace isol\u00e9 ultra-robuste avec roues et ouvre-bouteille &#8211; 45 Pintes"},"content":{"rendered":"<p>D\u00e9couvrez une fiabilit\u00e9 de refroidissement ultime avec le r\u00e9frig\u00e9rateur de boissons TRUCK GEAR Expedition, con\u00e7u pour offrir des performances fiables pendant des ann\u00e9es pour toutes vos aventures en plein air. Ce r\u00e9frig\u00e9rateur premium pr\u00e9sente une isolation particuli\u00e8rement dense combin\u00e9e \u00e0 un joint de couvercle durable qui fixe l&rsquo;air froid et emp\u00eache l&rsquo;air chaud d&rsquo;entrer, garantissant que votre glace reste gel\u00e9e et que vos boissons restent agr\u00e9ablement froides plus longtemps. Que vous soyez en train de faire un barbecue, de p\u00eacher, de camper, de chasser ou simplement de profiter d&rsquo;une journ\u00e9e \u00e0 l&rsquo;ext\u00e9rieur, le r\u00e9frig\u00e9rateur Expedition am\u00e9liore votre exp\u00e9rience avec un ensemble d&rsquo;accessoires intelligent et un verrou en acier inoxydable multifonctionnel qui fait \u00e9galement office d&rsquo;ouvre-bouteille pour plus de commodit\u00e9.<\/p>\n<p>Con\u00e7u pour les passionn\u00e9s de plein air canadiens, ce r\u00e9frig\u00e9rateur dispose de roues verticales, anti-virages et d&rsquo;une poign\u00e9e r\u00e9tractable pour une mobilit\u00e9 sans effort, m\u00eame lorsqu&rsquo;il est compl\u00e8tement charg\u00e9. Son \u00e9paisseur de paroi accrue offre une isolation sup\u00e9rieure, tandis qu&rsquo;une soupape de d\u00e9compression int\u00e9gr\u00e9e permet au couvercle de s&rsquo;ouvrir en douceur en soulageant la pression de l&rsquo;air interne. Les tampons de friction int\u00e9gr\u00e9s stabilisent le r\u00e9frig\u00e9rateur en position verticale, emp\u00eachant les basculements non d\u00e9sir\u00e9s sur un terrain accident\u00e9. Robuste et polyvalent, le r\u00e9frig\u00e9rateur de boissons TRUCK GEAR Expedition est votre compagnon id\u00e9al pour garder vos boissons froides tout au long de chaque saison et dans n&rsquo;importe quel environnement.<\/p>\n<p>&nbsp;<\/p>\n<p>Caract\u00e9ristiques cl\u00e9s :<\/p>\n<ul>\n<li><\/li>\n<\/ul>\n<p>&#8211; Roues verticales pour un mouvement facile lorsqu&rsquo;il est compl\u00e8tement charg\u00e9<br \/>&#8211; Poign\u00e9e r\u00e9tractable pour une utilisation et un rangement pratiques<br \/>&#8211; \u00c9paisseur de paroi accrue pour des performances d&rsquo;isolation exceptionnelles<br \/>&#8211; Joint de couvercle durable cr\u00e9e un joint \u00e9tanche<br \/>&#8211; Soupape de d\u00e9compression du r\u00e9frig\u00e9rateur permet une facile ouverture du couvercle lors des changements de pression d&rsquo;air<br \/>&#8211; Verrou en acier inoxydable de qualit\u00e9 fait \u00e9galement office d&rsquo;ouvre-bouteille<br \/>&#8211; Tampons de friction int\u00e9gr\u00e9s am\u00e9liorent la stabilit\u00e9 en position verticale<\/p>\n<p>Ne faites aucun compromis sur le froid \u2014 procurez-vous le r\u00e9frig\u00e9rateur de boissons TRUCK GEAR Expedition aujourd&rsquo;hui et gardez vos rafra\u00eechissements parfaitement refroidis o\u00f9 que vos aventures vous m\u00e8nent. Commandez maintenant et \u00e9levez votre exp\u00e9rience en plein air avec une puissance de refroidissement premium !<\/p>\n","protected":false},"excerpt":{"rendered":"<ul>\n<li>Style : Rigide<\/li>\n<li>Capacit\u00e9 du refroidisseur : 45 quarts<\/li>\n<li>Capacit\u00e9 de contenu : 60 canettes de douze onces<\/li>\n<li>Largeur : 24-3\/8 pouces<\/li>\n<li>Profondeur : 18-3\/8 pouces<\/li>\n<li>Hauteur : 22 pouces<\/li>\n<li>Design du logo : Logo Truck Gear By Line-X<\/li>\n<li>Couleur : Gris<\/li>\n<li>Marin : Non<\/li>\n<li>Poids brut de l&#8217;emballage total : 0.15<\/li>\n<li>% du poids de l&#8217;emballage &#8211; Carton : 90 %<\/li>\n<li>% du poids de l&#8217;emballage &#8211; Autre plastique : 5 %<\/li>\n<li>% du poids de l&#8217;emballage &#8211; Papier : 5 %<\/li>\n<\/ul>\n","protected":false},"featured_media":153331,"comment_status":"open","ping_status":"closed","template":"","meta":{"_glsr_average":0,"_glsr_ranking":0,"_glsr_reviews":0,"keywords_product":"truck gear cooler, beverage cooler, camping cooler, outdoor cooler, insulated cooler, r\u00e9frig\u00e9rateur de boissons, r\u00e9frig\u00e9rateur camping, r\u00e9frig\u00e9rateur outdoor, r\u00e9frig\u00e9rateur isol\u00e9, r\u00e9frig\u00e9rateur \u00e0 glace","featured_product":"false","product_importance":"1","wds_primary_product_brand":0,"wds_primary_product_cat":0,"wds_primary_fb_product_set":0},"product_brand":[1951],"product_cat":[1867,1481,1088],"product_tag":[1427,1589,1462,1937],"class_list":{"0":"post-156094","1":"product","2":"type-product","3":"status-publish","4":"has-post-thumbnail","6":"product_brand-truck-gear-fr","7":"product_cat-camping-exterieur","8":"product_cat-camping-en-vr","9":"product_cat-glaciere","10":"product_tag-ramassage-en-magasin","11":"product_tag-nouveautes","12":"product_tag-ntp-fr","13":"product_tag-truck-gear-fr","15":"first","16":"instock","17":"taxable","18":"shipping-taxable","19":"purchasable","20":"product-type-simple"},"bundled_by":[],"bundle_stock_status":"instock","bundle_stock_quantity":277,"bundle_virtual":false,"bundle_layout":"","bundle_add_to_cart_form_location":"","bundle_editable_in_cart":false,"bundle_sold_individually_context":"","bundle_item_grouping":"","bundle_min_size":"","bundle_max_size":"","bundle_price":[],"bundled_items":[],"bundle_sell_ids":[],"_links":{"self":[{"href":"https:\/\/shop.rvcare.ca\/fr\/wp-json\/wp\/v2\/product\/156094","targetHints":{"allow":["GET"]}}],"collection":[{"href":"https:\/\/shop.rvcare.ca\/fr\/wp-json\/wp\/v2\/product"}],"about":[{"href":"https:\/\/shop.rvcare.ca\/fr\/wp-json\/wp\/v2\/types\/product"}],"replies":[{"embeddable":true,"href":"https:\/\/shop.rvcare.ca\/fr\/wp-json\/wp\/v2\/comments?post=156094"}],"version-history":[{"count":6,"href":"https:\/\/shop.rvcare.ca\/fr\/wp-json\/wp\/v2\/product\/156094\/revisions"}],"predecessor-version":[{"id":157809,"href":"https:\/\/shop.rvcare.ca\/fr\/wp-json\/wp\/v2\/product\/156094\/revisions\/157809"}],"wp:featuredmedia":[{"embeddable":true,"href":"https:\/\/shop.rvcare.ca\/fr\/wp-json\/wp\/v2\/media\/153331"}],"wp:attachment":[{"href":"https:\/\/shop.rvcare.ca\/fr\/wp-json\/wp\/v2\/media?parent=156094"}],"wp:term":[{"taxonomy":"product_brand","embeddable":true,"href":"https:\/\/shop.rvcare.ca\/fr\/wp-json\/wp\/v2\/product_brand?post=156094"},{"taxonomy":"product_cat","embeddable":true,"href":"https:\/\/shop.rvcare.ca\/fr\/wp-json\/wp\/v2\/product_cat?post=156094"},{"taxonomy":"product_tag","embeddable":true,"href":"https:\/\/shop.rvcare.ca\/fr\/wp-json\/wp\/v2\/product_tag?post=156094"}],"curies":[{"name":"wp","href":"https:\/\/api.w.org\/{rel}","templated":true}]}}