{"id":156117,"date":"2026-03-19T11:53:08","date_gmt":"2026-03-19T15:53:08","guid":{"rendered":"https:\/\/shop.rvcare.ca\/?post_type=product&#038;p=156117"},"modified":"2026-03-30T14:30:27","modified_gmt":"2026-03-30T18:30:27","slug":"table-de-camping-compacte-coleman-en-aluminium-avec-dessus-enroulable-carree","status":"publish","type":"product","link":"https:\/\/shop.rvcare.ca\/fr\/produit\/table-de-camping-compacte-coleman-en-aluminium-avec-dessus-enroulable-carree\/","title":{"rendered":"Table de camping compacte Coleman en aluminium avec dessus enroulable \u2013 Carr\u00e9e"},"content":{"rendered":"<p>Jouez aux cartes ou savourez un repas au camping gr\u00e2ce \u00e0 cette table de camping compacte en aluminium avec dessus enroulable. Sa conception facile \u00e0 assembler par pression et son cadre en acier robuste en font \u00e9galement le support id\u00e9al pour une station d\u2019hydratation lors d\u2019un match de baseball pour enfants.<\/p>\n<p>Caract\u00e9ristiques cl\u00e9s :<\/p>\n<ul>\n<li>\n<p>Surface robuste : Le plateau \u00e0 lattes en aluminium se roule pour un rangement compact.<\/p>\n<\/li>\n<li>\n<p>Structure solide : Cadre en acier r\u00e9sistant.<\/p>\n<\/li>\n<li>\n<p>Assemblage rapide : Conception par embo\u00eetement permettant un montage et un d\u00e9montage sans effort.<\/p>\n<\/li>\n<li>\n<p>Capacit\u00e9 : Peut accueillir jusqu&rsquo;\u00e0 4 personnes.<\/p>\n<\/li>\n<li>\n<p>Transport inclus : Sac de transport fourni pour un rangement facile.<\/p>\n<\/li>\n<\/ul>\n","protected":false},"excerpt":{"rendered":"<p>Sp\u00e9cifications :<\/p>\n<p>Forme : Carr\u00e9e<br \/>\nLongueur : 27,6 po (70 cm)<br \/>\nLargeur : 27,6 po (70 cm)<br \/>\nHauteur : 27,6 po (70 cm)<br \/>\nCapacit\u00e9 de poids : 45 kg (100 lb)<br \/>\nPliable : Oui<br \/>\nCouleur : Argent<br \/>\nMat\u00e9riau : Aluminium<\/p>\n","protected":false},"featured_media":156109,"comment_status":"closed","ping_status":"closed","template":"","meta":{"_glsr_average":0,"_glsr_ranking":0,"_glsr_reviews":0,"keywords_product":"camping table, folding camping table, aluminum camp table, roll top camping table, Coleman camping table, portable outdoor table, lightweight picnic table, RV camping furniture, compact camp table, small folding table, table de camping, table de camping pliante, table en aluminium, table de camping Coleman, table camping roulable, mobilier de camping, table de pique-nique portative, \u00e9quipement de VR, table de camping compacte, table pliante l\u00e9g\u00e8re","featured_product":"","product_importance":"1","wds_primary_product_brand":0,"wds_primary_product_cat":0,"wds_primary_fb_product_set":0},"product_brand":[2077],"product_cat":[1083],"product_tag":[1508,1462],"class_list":{"0":"post-156117","1":"product","2":"type-product","3":"status-publish","4":"has-post-thumbnail","6":"product_brand-coleman-fr","7":"product_cat-meuble-camping","8":"product_tag-coleman-fr","9":"product_tag-ntp-fr","11":"first","12":"instock","13":"sale","14":"taxable","15":"shipping-taxable","16":"purchasable","17":"product-type-simple"},"bundled_by":[],"bundle_stock_status":"instock","bundle_stock_quantity":189,"bundle_virtual":false,"bundle_layout":"","bundle_add_to_cart_form_location":"","bundle_editable_in_cart":false,"bundle_sold_individually_context":"","bundle_item_grouping":"","bundle_min_size":"","bundle_max_size":"","bundle_price":[],"bundled_items":[],"bundle_sell_ids":[],"_links":{"self":[{"href":"https:\/\/shop.rvcare.ca\/fr\/wp-json\/wp\/v2\/product\/156117","targetHints":{"allow":["GET"]}}],"collection":[{"href":"https:\/\/shop.rvcare.ca\/fr\/wp-json\/wp\/v2\/product"}],"about":[{"href":"https:\/\/shop.rvcare.ca\/fr\/wp-json\/wp\/v2\/types\/product"}],"replies":[{"embeddable":true,"href":"https:\/\/shop.rvcare.ca\/fr\/wp-json\/wp\/v2\/comments?post=156117"}],"version-history":[{"count":4,"href":"https:\/\/shop.rvcare.ca\/fr\/wp-json\/wp\/v2\/product\/156117\/revisions"}],"predecessor-version":[{"id":156122,"href":"https:\/\/shop.rvcare.ca\/fr\/wp-json\/wp\/v2\/product\/156117\/revisions\/156122"}],"wp:featuredmedia":[{"embeddable":true,"href":"https:\/\/shop.rvcare.ca\/fr\/wp-json\/wp\/v2\/media\/156109"}],"wp:attachment":[{"href":"https:\/\/shop.rvcare.ca\/fr\/wp-json\/wp\/v2\/media?parent=156117"}],"wp:term":[{"taxonomy":"product_brand","embeddable":true,"href":"https:\/\/shop.rvcare.ca\/fr\/wp-json\/wp\/v2\/product_brand?post=156117"},{"taxonomy":"product_cat","embeddable":true,"href":"https:\/\/shop.rvcare.ca\/fr\/wp-json\/wp\/v2\/product_cat?post=156117"},{"taxonomy":"product_tag","embeddable":true,"href":"https:\/\/shop.rvcare.ca\/fr\/wp-json\/wp\/v2\/product_tag?post=156117"}],"curies":[{"name":"wp","href":"https:\/\/api.w.org\/{rel}","templated":true}]}}