{"id":25437,"date":"2022-05-02T03:04:30","date_gmt":"2022-05-02T07:04:30","guid":{"rendered":"https:\/\/rvcare.ca\/shop\/non%20class\u00e9\/protege-matelas\/"},"modified":"2026-03-30T14:25:00","modified_gmt":"2026-03-30T18:25:00","slug":"protege-matelas","status":"publish","type":"product","link":"https:\/\/shop.rvcare.ca\/fr\/produit\/protege-matelas\/","title":{"rendered":"Prot\u00e8ge-matelas Le choix du campeur \u2013 Bambou Plus"},"content":{"rendered":"<p>Dormez sur vos deux oreilles avec le prot\u00e8ge-matelas Le choix du campeur en bambou (rayonne) naturel. \u00ab Recommand\u00e9 par les m\u00e9decins en cas d\u2019allergies \u00bb<\/p>\n<p>Le r\u00e9seau de concessionnaires RV Care vend \u00e0 moindre co\u00fbt tout en vous offrant les conseils de nos experts. Consultez la liste des concessionnaires RV Care pour conna\u00eetre le magasin le plus pr\u00e8s de chez vous.<\/p>\n<p><strong>Caract\u00e9ristiques<\/strong><\/p>\n<ul>\n<li style=\"list-style-type: none;\">\n<ul>\n<li style=\"list-style-type: none;\">\n<ul>\n<li>Fabriqu\u00e9 en bambou naturel (rayonne) \u2013 Boucles en tissu \u00e9ponge doux, hydrophile, absorbe les liquides jusqu\u2019\u00e0 leur \u00e9vaporation, pour un confort maximum et un environnement de sommeil sec et hygi\u00e9nique<\/li>\n<li>Barri\u00e8re \u00e9tanche en polyur\u00e9thane \u2013 Transmission de vapeur<\/li>\n<li>Hypoallerg\u00e9nique \u2014 maintiens un environnement de sommeil propre et sain<\/li>\n<li>Barri\u00e8re antiacarienne \u2014 emp\u00eache les acariens de p\u00e9n\u00e9trer dans le matelas \u00e0 partir de la surface.<\/li>\n<li>Jupe en tricot extensible de 15 po (38,1 cm) qui s\u2019adapte \u00e0 toutes les profondeurs de matelas.<\/li>\n<li>Garantie de 5 ans contre les d\u00e9fauts de fabrication (voir description ci-dessous)<\/li>\n<\/ul>\n<\/li>\n<\/ul>\n<\/li>\n<\/ul>\n<p><strong>PLUS<\/strong>, lorsqu\u2019il est achet\u00e9 avec un nouveau matelas Le choix du campeur, vous b\u00e9n\u00e9ficiez des avantages suivants :<\/p>\n<ul>\n<li style=\"list-style-type: none;\">\n<ul>\n<li style=\"list-style-type: none;\">\n<ul>\n<li>Garantie de 5 ans contre les taches accidentelles (aliments m\u00e9nagers, boissons, graisses ou taches biologiques humaines).<\/li>\n<li>Garantie de 5 ans \u2013 Nettoyage ou remplacement \u2013 Si votre prot\u00e8ge-matelas ne fonctionne pas et qu\u2019une tache appara\u00eet sur le matelas, Healthguard s\u2019engage \u00e0 nettoyer, r\u00e9parer ou remplacer le matelas tach\u00e9.<\/li>\n<\/ul>\n<\/li>\n<\/ul>\n<\/li>\n<\/ul>\n<p>&nbsp;<\/p>\n<div>\n<p><strong>Garantie anti-tache sur un matelas neuf <\/strong><\/p>\n<p>Si le nouveau matelas qui a \u00e9t\u00e9 achet\u00e9 en m\u00eame temps, ou dans une p\u00e9riode de quatre-vingt-dix (90) jours apr\u00e8s l\u2019achat du prot\u00e8ge-matelas HealthGuard, est tach\u00e9, suite \u00e0 une utilisation r\u00e9sidentielle normale pendant les soixante (60) premiers mois de la dur\u00e9e de cette garantie, par des aliments m\u00e9nagers ordinaires, des boissons, de la graisse et\/ou des taches biologiques humaines alors que le prot\u00e8ge-matelas HealthGuard est utilis\u00e9, la garantie s\u2019appliquera. Bay Street Manufacturing demandera au client de retourner le prot\u00e8ge-matelas dans un \u00e9tat propre et hygi\u00e9nique pour inspection et enverra le produit de remplacement par la poste. Apr\u00e8s avoir v\u00e9rifi\u00e9 la fuite, Bay Street Manufacturing, \u00e0 sa discr\u00e9tion, nettoiera, r\u00e9parera ou remplacera le matelas tach\u00e9. Responsabilit\u00e9s du titulaire du contrat de garantie: L\u2019acheteur du nouveau matelas et du prot\u00e8ge-matelas HealthGuard est enti\u00e8rement responsable de la conservation de la preuve d\u2019achat, du lavage de routine du prot\u00e8ge-matelas HealthGuard et du retour du prot\u00e8ge-matelas endommag\u00e9 au fabricant, et ce, \u00e0 ses frais. Comment faire une r\u00e9clamation : Pour toute r\u00e9clamation respectant les r\u00e8gles de cette garantie, veuillez contacter Bay Street Manufacturing au num\u00e9ro de t\u00e9l\u00e9phone suivant : 1-905-851-1050 ou sans frais au 1-800-624-2436. Veuillez avoir votre re\u00e7u d\u2019achat original pour valider cette garantie. Vous devez signaler les dommages dans les cinq (5) jours suivant l\u2019incident.<\/p>\n<\/div>\n","protected":false},"excerpt":{"rendered":"<ul>\n<li>\u00c9ponge de viscose de bambou thermor\u00e9gulatrice<\/li>\n<li>Avec NO-MITE\u2122<\/li>\n<li>Imperm\u00e9able et respirant<\/li>\n<li>Haut 80 % coton \/ 20 % polyester<\/li>\n<li>Jupe 100 % polyester tricot\u00e9e<\/li>\n<li>\u00c9lastique universel pour un ajustement plus serr\u00e9<\/li>\n<\/ul>\n","protected":false},"featured_media":48362,"comment_status":"closed","ping_status":"closed","template":"","meta":{"_glsr_average":0,"_glsr_ranking":0,"_glsr_reviews":0,"keywords_product":"","featured_product":"false","product_importance":"1","wds_primary_product_brand":0,"wds_primary_product_cat":0,"wds_primary_fb_product_set":0},"product_brand":[2109],"product_cat":[254,1084],"product_tag":[1943,1944,1294],"class_list":{"0":"post-25437","1":"product","2":"type-product","3":"status-publish","4":"has-post-thumbnail","6":"product_brand-rv-travelers-choice-fr","7":"product_cat-literie","8":"product_cat-sommeil","9":"product_tag-rv-travelers-choice-fr","10":"product_tag-meilleurs-vendeurs","11":"product_tag-spaceful-fr","13":"first","14":"instock","15":"taxable","16":"shipping-taxable","17":"purchasable","18":"product-type-variable"},"bundled_by":[],"bundle_stock_status":"instock","bundle_stock_quantity":null,"bundle_virtual":false,"bundle_layout":"","bundle_add_to_cart_form_location":"","bundle_editable_in_cart":false,"bundle_sold_individually_context":"","bundle_item_grouping":"","bundle_min_size":"","bundle_max_size":"","bundle_price":[],"bundled_items":[],"bundle_sell_ids":[],"_links":{"self":[{"href":"https:\/\/shop.rvcare.ca\/fr\/wp-json\/wp\/v2\/product\/25437","targetHints":{"allow":["GET"]}}],"collection":[{"href":"https:\/\/shop.rvcare.ca\/fr\/wp-json\/wp\/v2\/product"}],"about":[{"href":"https:\/\/shop.rvcare.ca\/fr\/wp-json\/wp\/v2\/types\/product"}],"replies":[{"embeddable":true,"href":"https:\/\/shop.rvcare.ca\/fr\/wp-json\/wp\/v2\/comments?post=25437"}],"version-history":[{"count":3,"href":"https:\/\/shop.rvcare.ca\/fr\/wp-json\/wp\/v2\/product\/25437\/revisions"}],"predecessor-version":[{"id":157144,"href":"https:\/\/shop.rvcare.ca\/fr\/wp-json\/wp\/v2\/product\/25437\/revisions\/157144"}],"wp:featuredmedia":[{"embeddable":true,"href":"https:\/\/shop.rvcare.ca\/fr\/wp-json\/wp\/v2\/media\/48362"}],"wp:attachment":[{"href":"https:\/\/shop.rvcare.ca\/fr\/wp-json\/wp\/v2\/media?parent=25437"}],"wp:term":[{"taxonomy":"product_brand","embeddable":true,"href":"https:\/\/shop.rvcare.ca\/fr\/wp-json\/wp\/v2\/product_brand?post=25437"},{"taxonomy":"product_cat","embeddable":true,"href":"https:\/\/shop.rvcare.ca\/fr\/wp-json\/wp\/v2\/product_cat?post=25437"},{"taxonomy":"product_tag","embeddable":true,"href":"https:\/\/shop.rvcare.ca\/fr\/wp-json\/wp\/v2\/product_tag?post=25437"}],"curies":[{"name":"wp","href":"https:\/\/api.w.org\/{rel}","templated":true}]}}