{"id":25703,"date":"2022-05-12T13:53:12","date_gmt":"2022-05-12T17:53:12","guid":{"rendered":"https:\/\/rvcare.ca\/shop\/non%20class\u00e9\/chaise-baquet-faulkner-verte-et-noire\/"},"modified":"2026-04-02T15:29:23","modified_gmt":"2026-04-02T19:29:23","slug":"chaise-baquet-faulkner-verte-et-noire","status":"publish","type":"product","link":"https:\/\/shop.rvcare.ca\/fr\/produit\/chaise-baquet-faulkner-verte-et-noire\/","title":{"rendered":"Chaise baquet Faulkner \u2013 verte et noire"},"content":{"rendered":"<p>Cette chaise baquet de Faulkner est parfaite pour agr\u00e9menter vos journ\u00e9es \u00e0 la plage, jouir des moments en famille autour d&rsquo;un feu de camp ou m\u00eame assister \u00e0 des \u00e9v\u00e9nements sportifs. Cette chaise est facile \u00e0 installer et se replie sur elle-m\u00eame.<\/p>\n<ul>\n<li>Couleurs : vert et noir<\/li>\n<li>Si\u00e8ge et dossier rembourr\u00e9s pour assurer votre confort<\/li>\n<li>Dimensions : 92 x 96 x 72,8 cm<\/li>\n<li>Fabriqu\u00e9 en acier robuste et en tissus de polyester r\u00e9sistant aux rayons UV<\/li>\n<li>Comprend une table lat\u00e9rale pliante avec porte-gobelet int\u00e9gr\u00e9<\/li>\n<li>Comprend un sac de transport pratique avec une bandouli\u00e8re r\u00e9glable<\/li>\n<li>Con\u00e7u pour \u00eatre utilis\u00e9 dans n&rsquo;importe quel type d&rsquo;environnement<\/li>\n<\/ul>\n","protected":false},"excerpt":{"rendered":"<ul>\n<li>Type:\u00a0Camping<\/li>\n<li>Couleurs : vert et noir<\/li>\n<li>Poids maximal :\u00a0136 kg (300 lbs)<\/li>\n<li>Longueur :\u00a092 cm<\/li>\n<li>Largeur :\u00a096 cm<\/li>\n<li>Hauteur : 72,8 cm<\/li>\n<li>Mat\u00e9riaux :\u00a0armature en acier avec tissus de polyester<\/li>\n<li>Bretelles r\u00e9glables<\/li>\n<li>Type de pattes : Coussinets antid\u00e9rapants<\/li>\n<li>Pliable :\u00a0Oui<\/li>\n<li>Sans appui-t\u00eate<\/li>\n<li>Sans porte-gobelet<\/li>\n<\/ul>\n","protected":false},"featured_media":25704,"comment_status":"open","ping_status":"closed","template":"","meta":{"_glsr_average":0,"_glsr_ranking":0,"_glsr_reviews":0,"keywords_product":"","featured_product":"false","product_importance":"1","wds_primary_product_brand":0,"wds_primary_product_cat":0,"wds_primary_fb_product_set":0},"product_brand":[1949],"product_cat":[1867,1481,1083],"product_tag":[1210,1678],"class_list":{"0":"post-25703","1":"product","2":"type-product","3":"status-publish","4":"has-post-thumbnail","6":"product_brand-faulkner-fr","7":"product_cat-camping-exterieur","8":"product_cat-camping-en-vr","9":"product_cat-meuble-camping","10":"product_tag-faulkner-fr","11":"product_tag-ts-fr","13":"first","14":"instock","15":"taxable","16":"shipping-taxable","17":"purchasable","18":"product-type-simple"},"bundled_by":[],"bundle_stock_status":"instock","bundle_stock_quantity":132,"bundle_virtual":false,"bundle_layout":"","bundle_add_to_cart_form_location":"","bundle_editable_in_cart":false,"bundle_sold_individually_context":"","bundle_item_grouping":"","bundle_min_size":"","bundle_max_size":"","bundle_price":[],"bundled_items":[],"bundle_sell_ids":[],"_links":{"self":[{"href":"https:\/\/shop.rvcare.ca\/fr\/wp-json\/wp\/v2\/product\/25703","targetHints":{"allow":["GET"]}}],"collection":[{"href":"https:\/\/shop.rvcare.ca\/fr\/wp-json\/wp\/v2\/product"}],"about":[{"href":"https:\/\/shop.rvcare.ca\/fr\/wp-json\/wp\/v2\/types\/product"}],"replies":[{"embeddable":true,"href":"https:\/\/shop.rvcare.ca\/fr\/wp-json\/wp\/v2\/comments?post=25703"}],"version-history":[{"count":4,"href":"https:\/\/shop.rvcare.ca\/fr\/wp-json\/wp\/v2\/product\/25703\/revisions"}],"predecessor-version":[{"id":158453,"href":"https:\/\/shop.rvcare.ca\/fr\/wp-json\/wp\/v2\/product\/25703\/revisions\/158453"}],"wp:featuredmedia":[{"embeddable":true,"href":"https:\/\/shop.rvcare.ca\/fr\/wp-json\/wp\/v2\/media\/25704"}],"wp:attachment":[{"href":"https:\/\/shop.rvcare.ca\/fr\/wp-json\/wp\/v2\/media?parent=25703"}],"wp:term":[{"taxonomy":"product_brand","embeddable":true,"href":"https:\/\/shop.rvcare.ca\/fr\/wp-json\/wp\/v2\/product_brand?post=25703"},{"taxonomy":"product_cat","embeddable":true,"href":"https:\/\/shop.rvcare.ca\/fr\/wp-json\/wp\/v2\/product_cat?post=25703"},{"taxonomy":"product_tag","embeddable":true,"href":"https:\/\/shop.rvcare.ca\/fr\/wp-json\/wp\/v2\/product_tag?post=25703"}],"curies":[{"name":"wp","href":"https:\/\/api.w.org\/{rel}","templated":true}]}}