{"id":25712,"date":"2022-05-12T13:53:11","date_gmt":"2022-05-12T17:53:11","guid":{"rendered":"https:\/\/rvcare.ca\/shop\/non%20class\u00e9\/barbecue-portable-faulkner-12-000-btu\/"},"modified":"2026-04-02T15:29:23","modified_gmt":"2026-04-02T19:29:23","slug":"barbecue-portable-faulkner-12-000-btu","status":"publish","type":"product","link":"https:\/\/shop.rvcare.ca\/fr\/produit\/barbecue-portable-faulkner-12-000-btu\/","title":{"rendered":"Grill portable Faulkner \u2013 12 000 BTU"},"content":{"rendered":"<p>Ce grill portable Faulkner peut \u00eatre utilis\u00e9 au camping, lors de rassemblements avant les matchs (tailgates) ou m\u00eame sur votre patio. Il est l\u00e9ger, portable et facile \u00e0 installer, permettant de pr\u00e9parer des aliments cuits uniform\u00e9ment o\u00f9 que vous aimiez faire griller. <\/p>\n<ul>\n<li>Grill manuel \u00e0 propane<\/li>\n<li>Puissance de chauffage : 12 000 BTU<\/li>\n<li>Couleur noire (finition en poudre) avec un grill en acier et une grille en acier inoxydable<\/li>\n<li>Grill dimensions: 16,7 pouces (42.5 cm) x 13,4 pouces (34 cm) et l&rsquo;\u00e9tag\u00e8re sup\u00e9rieure : 11,8 pouces (30 cm) x 5,9 pouces (15 cm)<\/li>\n<li>Hauteur de 22 pouces (56 cm) lorsqu\u2019on utilise le support portable inclus<\/li>\n<li>Caract\u00e9ristiques : couvercle verrouillable, thermom\u00e8tres de temp\u00e9rature r\u00e9glables et bac de r\u00e9cup\u00e9ration des graisses<\/li>\n<li>Approuv\u00e9 CSA et certifi\u00e9 UL en Am\u00e9rique du Nord<\/li>\n<\/ul>\n","protected":false},"excerpt":{"rendered":"<ul>\n<li>Type : Propane<\/li>\n<li>Type d\u2019allumage : Manuel<\/li>\n<li>Puissance de chauffage : 12 000 BTU<\/li>\n<li>Forme: Rectangulaire<\/li>\n<li>Diam\u00e8tre : Non applicable<\/li>\n<li>Taille de la surface de cuisson : 223,78 pouces carr\u00e9s (1445,4 cm\u00b2)<\/li>\n<li>Largeur totale : 23-1\/2 pouces (RV) \/ 21-3\/4 pouces (au sol) (59,7 cm RV \/ 55,2 cm au sol)<\/li>\n<li>Hauteur totale : 21-3\/4 pouces (RV) \/ 14-3\/4 pouces (au sol) (55,2 cm RV \/ 37,5 cm au sol)<\/li>\n<li>Profondeur totale : 17 pouces (RV) \/ 24-3\/4 pouces (au sol) (43,2 cm RV \/ 62,9 cm au sol)<\/li>\n<li>Finition : Rev\u00eatement en poudre<\/li>\n<li>Couleur : noire<\/li>\n<li>Mat\u00e9riau du grill : Acier<\/li>\n<li>Mat\u00e9riau de la grille : Acier inoxydable<\/li>\n<\/ul>\n","protected":false},"featured_media":25713,"comment_status":"closed","ping_status":"closed","template":"","meta":{"_glsr_average":0,"_glsr_ranking":0,"_glsr_reviews":0,"keywords_product":"","featured_product":"false","product_importance":"1","wds_primary_product_brand":0,"wds_primary_product_cat":0,"wds_primary_fb_product_set":0},"product_brand":[1949],"product_cat":[1867,1481,1083],"product_tag":[1210,1944,1678],"class_list":{"0":"post-25712","1":"product","2":"type-product","3":"status-publish","4":"has-post-thumbnail","6":"product_brand-faulkner-fr","7":"product_cat-camping-exterieur","8":"product_cat-camping-en-vr","9":"product_cat-meuble-camping","10":"product_tag-faulkner-fr","11":"product_tag-meilleurs-vendeurs","12":"product_tag-ts-fr","14":"first","15":"instock","16":"taxable","17":"shipping-taxable","18":"purchasable","19":"product-type-simple"},"bundled_by":[],"bundle_stock_status":"instock","bundle_stock_quantity":83,"bundle_virtual":false,"bundle_layout":"","bundle_add_to_cart_form_location":"","bundle_editable_in_cart":false,"bundle_sold_individually_context":"","bundle_item_grouping":"","bundle_min_size":"","bundle_max_size":"","bundle_price":[],"bundled_items":[],"bundle_sell_ids":[],"_links":{"self":[{"href":"https:\/\/shop.rvcare.ca\/fr\/wp-json\/wp\/v2\/product\/25712","targetHints":{"allow":["GET"]}}],"collection":[{"href":"https:\/\/shop.rvcare.ca\/fr\/wp-json\/wp\/v2\/product"}],"about":[{"href":"https:\/\/shop.rvcare.ca\/fr\/wp-json\/wp\/v2\/types\/product"}],"replies":[{"embeddable":true,"href":"https:\/\/shop.rvcare.ca\/fr\/wp-json\/wp\/v2\/comments?post=25712"}],"version-history":[{"count":4,"href":"https:\/\/shop.rvcare.ca\/fr\/wp-json\/wp\/v2\/product\/25712\/revisions"}],"predecessor-version":[{"id":158454,"href":"https:\/\/shop.rvcare.ca\/fr\/wp-json\/wp\/v2\/product\/25712\/revisions\/158454"}],"wp:featuredmedia":[{"embeddable":true,"href":"https:\/\/shop.rvcare.ca\/fr\/wp-json\/wp\/v2\/media\/25713"}],"wp:attachment":[{"href":"https:\/\/shop.rvcare.ca\/fr\/wp-json\/wp\/v2\/media?parent=25712"}],"wp:term":[{"taxonomy":"product_brand","embeddable":true,"href":"https:\/\/shop.rvcare.ca\/fr\/wp-json\/wp\/v2\/product_brand?post=25712"},{"taxonomy":"product_cat","embeddable":true,"href":"https:\/\/shop.rvcare.ca\/fr\/wp-json\/wp\/v2\/product_cat?post=25712"},{"taxonomy":"product_tag","embeddable":true,"href":"https:\/\/shop.rvcare.ca\/fr\/wp-json\/wp\/v2\/product_tag?post=25712"}],"curies":[{"name":"wp","href":"https:\/\/api.w.org\/{rel}","templated":true}]}}