{"id":26113,"date":"2022-05-12T13:53:12","date_gmt":"2022-05-12T17:53:12","guid":{"rendered":"https:\/\/rvcare.ca\/shop\/non%20class\u00e9\/barbecue-deluxe-au-gaz-de-faulkner-12-000-btu-chrome\/"},"modified":"2026-04-02T15:29:24","modified_gmt":"2026-04-02T19:29:24","slug":"barbecue-deluxe-au-gaz-de-faulkner-12-000-btu-chrome","status":"publish","type":"product","link":"https:\/\/shop.rvcare.ca\/fr\/produit\/barbecue-deluxe-au-gaz-de-faulkner-12-000-btu-chrome\/","title":{"rendered":"Barbecue \u00e0 gaz Faulkner Deluxe \u2013 12 000 BTU (Chrome)"},"content":{"rendered":"<p>Ce barbecue \u00e0 gaz Faulkner Deluxe peut \u00eatre utilis\u00e9 au camping, lors de f\u00eates en plein air ou m\u00eame sur votre terrasse. Il est l\u00e9ger, portable et facile \u00e0 installer, vous permettant de pr\u00e9parer des repas cuits uniform\u00e9ment o\u00f9 que vous aimiez griller. <\/p>\n<ul>\n<li>Grill manuel \u00e0 propane<\/li>\n<li>Puissance de chauffage : 12 000 BTU<\/li>\n<li>Couleur argent (finition polie) avec un grill et une grille en acier inoxydable<\/li>\n<li>Dimensions du grill : 20,35 pouces x 12,2 pouces (51,7 cm x 31 cm)<br \/>Dimensions de la grille sup\u00e9rieure : 14,7 pouces x 4,57 pouces (37,3 cm x 11,6 cm)<\/li>\n<li>Hauteur de 22 pouces (56 cm) lorsqu\u2019on utilise le support portable inclus<\/li>\n<li>Caract\u00e9ristiques : couvercle verrouillable, thermom\u00e8tres de temp\u00e9rature r\u00e9glables et bac de r\u00e9cup\u00e9ration des graisses<\/li>\n<li>Approuv\u00e9 CSA et inscrit UL aux \u00c9tats-Unis<\/li>\n<\/ul>\n","protected":false},"excerpt":{"rendered":"<ul>\n<li>Type:Propane<\/li>\n<li>Type d\u2019allumage : Manuel<\/li>\n<li>Puissance calorifique : 12 000 BTU<\/li>\n<li>Forme  Rectangulaire<\/li>\n<li>Diam\u00e8tere:Non applicable<\/li>\n<li>Taille de la surface de cuisson : 248,27 pouces carr\u00e9s (1604,3 cm\u00b2)<\/li>\n<li>Largeur totale : 25-1\/2 pouces (64,8 cm)<\/li>\n<li>Hauteur totale : 22 pouces (56 cm)<\/li>\n<li>Profondeur totale : 14-1\/2 pouces (36,8 cm)<\/li>\n<li>Finition : Polie<\/li>\n<li>Couleur : Argent<\/li>\n<li>Mat\u00e9riau du grill : Acier inoxydable<\/li>\n<li>Mat\u00e9riau de la grille : Acier inoxydable<\/li>\n<\/ul>\n","protected":false},"featured_media":26114,"comment_status":"closed","ping_status":"closed","template":"","meta":{"_glsr_average":0,"_glsr_ranking":0,"_glsr_reviews":0,"keywords_product":"","featured_product":"false","product_importance":"1","wds_primary_product_brand":0,"wds_primary_product_cat":0,"wds_primary_fb_product_set":0},"product_brand":[1949],"product_cat":[1081,1867,1481],"product_tag":[1210,1678],"class_list":{"0":"post-26113","1":"product","2":"type-product","3":"status-publish","4":"has-post-thumbnail","6":"product_brand-faulkner-fr","7":"product_cat-bbq-accessoires","8":"product_cat-camping-exterieur","9":"product_cat-camping-en-vr","10":"product_tag-faulkner-fr","11":"product_tag-ts-fr","13":"first","14":"instock","15":"taxable","16":"shipping-taxable","17":"purchasable","18":"product-type-simple"},"bundled_by":[],"bundle_stock_status":"instock","bundle_stock_quantity":13,"bundle_virtual":false,"bundle_layout":"","bundle_add_to_cart_form_location":"","bundle_editable_in_cart":false,"bundle_sold_individually_context":"","bundle_item_grouping":"","bundle_min_size":"","bundle_max_size":"","bundle_price":[],"bundled_items":[],"bundle_sell_ids":[],"_links":{"self":[{"href":"https:\/\/shop.rvcare.ca\/fr\/wp-json\/wp\/v2\/product\/26113","targetHints":{"allow":["GET"]}}],"collection":[{"href":"https:\/\/shop.rvcare.ca\/fr\/wp-json\/wp\/v2\/product"}],"about":[{"href":"https:\/\/shop.rvcare.ca\/fr\/wp-json\/wp\/v2\/types\/product"}],"replies":[{"embeddable":true,"href":"https:\/\/shop.rvcare.ca\/fr\/wp-json\/wp\/v2\/comments?post=26113"}],"version-history":[{"count":3,"href":"https:\/\/shop.rvcare.ca\/fr\/wp-json\/wp\/v2\/product\/26113\/revisions"}],"predecessor-version":[{"id":158456,"href":"https:\/\/shop.rvcare.ca\/fr\/wp-json\/wp\/v2\/product\/26113\/revisions\/158456"}],"wp:featuredmedia":[{"embeddable":true,"href":"https:\/\/shop.rvcare.ca\/fr\/wp-json\/wp\/v2\/media\/26114"}],"wp:attachment":[{"href":"https:\/\/shop.rvcare.ca\/fr\/wp-json\/wp\/v2\/media?parent=26113"}],"wp:term":[{"taxonomy":"product_brand","embeddable":true,"href":"https:\/\/shop.rvcare.ca\/fr\/wp-json\/wp\/v2\/product_brand?post=26113"},{"taxonomy":"product_cat","embeddable":true,"href":"https:\/\/shop.rvcare.ca\/fr\/wp-json\/wp\/v2\/product_cat?post=26113"},{"taxonomy":"product_tag","embeddable":true,"href":"https:\/\/shop.rvcare.ca\/fr\/wp-json\/wp\/v2\/product_tag?post=26113"}],"curies":[{"name":"wp","href":"https:\/\/api.w.org\/{rel}","templated":true}]}}