{"id":27146,"date":"2022-05-12T13:53:15","date_gmt":"2022-05-12T17:53:15","guid":{"rendered":"https:\/\/rvcare.ca\/shop\/non%20class\u00e9\/tapis-multifonctions-faulkner-16-x-8-pi-motifs-vagues-bourgognes\/"},"modified":"2026-04-02T15:29:27","modified_gmt":"2026-04-02T19:29:27","slug":"tapis-multifonctions-faulkner-16-x-8-pi-motifs-vagues-bourgognes","status":"publish","type":"product","link":"https:\/\/shop.rvcare.ca\/fr\/produit\/tapis-multifonctions-faulkner-16-x-8-pi-motifs-vagues-bourgognes\/","title":{"rendered":"Tapis multifonctions Faulkner \u2013 16 x 8 pi (Motifs vagues bourgognes)"},"content":{"rendered":"<p>Ce tapis multifonctions de Faulkner est facile \u00e0 installer et \u00e0 nettoyer. Il est offert en plusieurs mod\u00e8les et tailles afin de r\u00e9pondre \u00e0 vos besoins. Ce tapis est la solution parfaite pour ajouter de la couleur partout o\u00f9 vous allez.<\/p>\n<ul>\n<li>Fabriqu\u00e9 \u00e0 100 % en polypropyl\u00e8ne<\/li>\n<li>Motifs \u00a0: vagues (bourgogne)<\/li>\n<li>Dimensions : 4,88 x 2,44 m<\/li>\n<li>Pr\u00e9sente diff\u00e9rents motifs r\u00e9versibles sur les faces avant et arri\u00e8re<\/li>\n<li>\u00c9quip\u00e9 de boucles d&rsquo;arrimage aux 4 coins<\/li>\n<li>Se replie et se range facilement dans le sac de transport inclus<\/li>\n<li>R\u00e9sistant aux rayons UV, \u00e0 la moisissure et au mildiou<\/li>\n<\/ul>\n","protected":false},"excerpt":{"rendered":"<ul>\n<li>Longueur :\u00a04,88 m<\/li>\n<li>Largeur :\u00a02,44 m<\/li>\n<li>Motifs : vagues bourgogne<\/li>\n<li>Mat\u00e9riaux :\u00a0Polypropyl\u00e8ne<\/li>\n<li>R\u00e9versible<\/li>\n<li>Pas d&rsquo;oeillet<\/li>\n<li>Avec sac de rangement<\/li>\n<\/ul>\n","protected":false},"featured_media":26602,"comment_status":"open","ping_status":"closed","template":"","meta":{"_glsr_average":0,"_glsr_ranking":0,"_glsr_reviews":0,"keywords_product":"","featured_product":"false","product_importance":"1","wds_primary_product_brand":0,"wds_primary_product_cat":0,"wds_primary_fb_product_set":0},"product_brand":[1949],"product_cat":[1087],"product_tag":[1210,1678],"class_list":{"0":"post-27146","1":"product","2":"type-product","3":"status-publish","4":"has-post-thumbnail","6":"product_brand-faulkner-fr","7":"product_cat-tapis-exterieur","8":"product_tag-faulkner-fr","9":"product_tag-ts-fr","11":"first","12":"instock","13":"taxable","14":"shipping-taxable","15":"purchasable","16":"product-type-simple"},"bundled_by":[],"bundle_stock_status":"instock","bundle_stock_quantity":1,"bundle_virtual":false,"bundle_layout":"","bundle_add_to_cart_form_location":"","bundle_editable_in_cart":false,"bundle_sold_individually_context":"","bundle_item_grouping":"","bundle_min_size":"","bundle_max_size":"","bundle_price":[],"bundled_items":[],"bundle_sell_ids":[],"_links":{"self":[{"href":"https:\/\/shop.rvcare.ca\/fr\/wp-json\/wp\/v2\/product\/27146","targetHints":{"allow":["GET"]}}],"collection":[{"href":"https:\/\/shop.rvcare.ca\/fr\/wp-json\/wp\/v2\/product"}],"about":[{"href":"https:\/\/shop.rvcare.ca\/fr\/wp-json\/wp\/v2\/types\/product"}],"replies":[{"embeddable":true,"href":"https:\/\/shop.rvcare.ca\/fr\/wp-json\/wp\/v2\/comments?post=27146"}],"version-history":[{"count":4,"href":"https:\/\/shop.rvcare.ca\/fr\/wp-json\/wp\/v2\/product\/27146\/revisions"}],"predecessor-version":[{"id":158466,"href":"https:\/\/shop.rvcare.ca\/fr\/wp-json\/wp\/v2\/product\/27146\/revisions\/158466"}],"wp:featuredmedia":[{"embeddable":true,"href":"https:\/\/shop.rvcare.ca\/fr\/wp-json\/wp\/v2\/media\/26602"}],"wp:attachment":[{"href":"https:\/\/shop.rvcare.ca\/fr\/wp-json\/wp\/v2\/media?parent=27146"}],"wp:term":[{"taxonomy":"product_brand","embeddable":true,"href":"https:\/\/shop.rvcare.ca\/fr\/wp-json\/wp\/v2\/product_brand?post=27146"},{"taxonomy":"product_cat","embeddable":true,"href":"https:\/\/shop.rvcare.ca\/fr\/wp-json\/wp\/v2\/product_cat?post=27146"},{"taxonomy":"product_tag","embeddable":true,"href":"https:\/\/shop.rvcare.ca\/fr\/wp-json\/wp\/v2\/product_tag?post=27146"}],"curies":[{"name":"wp","href":"https:\/\/api.w.org\/{rel}","templated":true}]}}