{"id":29715,"date":"2022-05-02T00:33:37","date_gmt":"2022-05-02T04:33:37","guid":{"rendered":"https:\/\/rvcare.ca\/shop\/non%20class\u00e9\/couvercle-devent-le-choix-du-campeur-14-x-14-po-blanc\/"},"modified":"2026-03-30T14:23:01","modified_gmt":"2026-03-30T18:23:01","slug":"rv-travelers-choice-roof-vent-lid-14-x-14-white","status":"publish","type":"product","link":"https:\/\/shop.rvcare.ca\/fr\/produit\/rv-travelers-choice-roof-vent-lid-14-x-14-white\/","title":{"rendered":"Couvercle d&rsquo;\u00e9vent Le choix du campeur \u2013 14 x 14 po (blanc)"},"content":{"rendered":"<h3>Couvercle d&rsquo;\u00e9vent Le choix du campeur<\/h3>\n<p><strong>Compatibilit\u00e9 : 14 x 14 po avec \u00e9vent de type Ventline, Elixir 1995+ vents et Heng&rsquo;s<\/strong><\/p>\n<hr \/>\n<p>Ce couvercle de remplacement blanc pour \u00e9vent de toit RV Traveler&rsquo;s Choice est con\u00e7u pour les \u00e9vents de 14 pouces X 14 pouces. Il convient \u00e0 tous les \u00e9vents Ventline, aux \u00e9vents Elixir fabriqu\u00e9s \u00e0 partir de 1995 et aux \u00e9vents universels Heng.<\/p>\n<ul>\n<li>Couleur : blanche<\/li>\n<li>Il convient \u00e0 tous les \u00e9vents de type Ventline, Elixir fabriqu\u00e9s \u00e0 partir de 1995 et aux \u00e9vents universels de Heng.<\/li>\n<li>R\u00e9sistant aux chocs et stabilis\u00e9 aux UV<\/li>\n<li>Ensach\u00e9<\/li>\n<li>Installation rapide et facile<\/li>\n<\/ul>\n","protected":false},"excerpt":{"rendered":"<ul>\n<li>Compatibilit\u00e9 : 14 x 14 po avec \u00e9vent de type Ventline, Elixir 1995+ vents et Heng&rsquo;s<\/li>\n<li>Type de charni\u00e8re : ELXR avec charni\u00e8re \u00e0 goupille<\/li>\n<li>Couleur : blanche<\/li>\n<li>Mat\u00e9riaux : Polypropyl\u00e8ne<\/li>\n<li>La trousse de montage n&rsquo;est pas comprise<\/li>\n<li>Quantit\u00e9 : unit\u00e9<\/li>\n<li>Emballage : Ensach\u00e9<\/li>\n<\/ul>\n","protected":false},"featured_media":28483,"comment_status":"closed","ping_status":"closed","template":"","meta":{"_glsr_average":0,"_glsr_ranking":0,"_glsr_reviews":0,"keywords_product":"","featured_product":"false","product_importance":"1","wds_primary_product_brand":0,"wds_primary_product_cat":0,"wds_primary_fb_product_set":0},"product_brand":[2040],"product_cat":[1050,1051,1878],"product_tag":[1200,1586,1461],"class_list":{"0":"post-29715","1":"product","2":"type-product","3":"status-publish","4":"has-post-thumbnail","6":"product_brand-rv-travelers-choice","7":"product_cat-vents","8":"product_cat-vent-covers","9":"product_cat-vents-category","10":"product_tag-rv-travelers-choice","11":"product_tag-top-sellers","12":"product_tag-ntp","14":"first","15":"outofstock","16":"taxable","17":"shipping-taxable","18":"purchasable","19":"product-type-simple"},"bundled_by":[],"bundle_stock_status":"outofstock","bundle_stock_quantity":0,"bundle_virtual":false,"bundle_layout":"","bundle_add_to_cart_form_location":"","bundle_editable_in_cart":false,"bundle_sold_individually_context":"","bundle_item_grouping":"","bundle_min_size":"","bundle_max_size":"","bundle_price":[],"bundled_items":[],"bundle_sell_ids":[],"_links":{"self":[{"href":"https:\/\/shop.rvcare.ca\/fr\/wp-json\/wp\/v2\/product\/29715","targetHints":{"allow":["GET"]}}],"collection":[{"href":"https:\/\/shop.rvcare.ca\/fr\/wp-json\/wp\/v2\/product"}],"about":[{"href":"https:\/\/shop.rvcare.ca\/fr\/wp-json\/wp\/v2\/types\/product"}],"replies":[{"embeddable":true,"href":"https:\/\/shop.rvcare.ca\/fr\/wp-json\/wp\/v2\/comments?post=29715"}],"version-history":[{"count":3,"href":"https:\/\/shop.rvcare.ca\/fr\/wp-json\/wp\/v2\/product\/29715\/revisions"}],"predecessor-version":[{"id":157148,"href":"https:\/\/shop.rvcare.ca\/fr\/wp-json\/wp\/v2\/product\/29715\/revisions\/157148"}],"wp:featuredmedia":[{"embeddable":true,"href":"https:\/\/shop.rvcare.ca\/fr\/wp-json\/wp\/v2\/media\/28483"}],"wp:attachment":[{"href":"https:\/\/shop.rvcare.ca\/fr\/wp-json\/wp\/v2\/media?parent=29715"}],"wp:term":[{"taxonomy":"product_brand","embeddable":true,"href":"https:\/\/shop.rvcare.ca\/fr\/wp-json\/wp\/v2\/product_brand?post=29715"},{"taxonomy":"product_cat","embeddable":true,"href":"https:\/\/shop.rvcare.ca\/fr\/wp-json\/wp\/v2\/product_cat?post=29715"},{"taxonomy":"product_tag","embeddable":true,"href":"https:\/\/shop.rvcare.ca\/fr\/wp-json\/wp\/v2\/product_tag?post=29715"}],"curies":[{"name":"wp","href":"https:\/\/api.w.org\/{rel}","templated":true}]}}