{"id":32535,"date":"2022-05-12T10:35:57","date_gmt":"2022-05-12T14:35:57","guid":{"rendered":"https:\/\/rvcare.ca\/shop\/adaptateur-electrique-triangulaire-arcon-30a-f-15a-m-copy\/"},"modified":"2026-04-02T15:29:28","modified_gmt":"2026-04-02T19:29:28","slug":"arcon-triangular-power-cord-adapter-30a-f-15a-m-2","status":"publish","type":"product","link":"https:\/\/shop.rvcare.ca\/fr\/produit\/arcon-triangular-power-cord-adapter-30a-f-15a-m-2\/","title":{"rendered":"Adaptateur \u00e9lectrique triangulaire Arcon (30A F &#8211; 15A M) (Copy)"},"content":{"rendered":"<p>Cet adaptateur \u00e9lectrique triangulaire de Arcon cord peut \u00eatre utilis\u00e9 de mani\u00e8re temporaire pour transformer et transmettre du courant dans un VR.<\/p>\n<\/p>\n<ul>\n<li> Embout F de 30A vers embout M de 15A<\/li>\n<li>Poign\u00e9e pour utilisation facile<\/li>\n<li>Pour une vaste gamme de connexions VR<\/li>\n<li>Fabriqu\u00e9 en PVC robuste et contact de laiton<\/li>\n<li>Certification cCSAus<\/li>\n<li>Noir<\/li>\n<\/ul>\n","protected":false},"excerpt":{"rendered":"<ul>\n<li>Type: Adaptateur<\/li>\n<li>Embout 1: fiche<\/li>\n<li>Embout 2: prise<\/li>\n<li>Amp\u00e9rage embout 1: 15 amps<\/li>\n<li>Amp\u00e9rage embout 2: 30 amps<\/li>\n<li>Couleur de la jaquette : pas de jaquette<\/li>\n<li>Mat\u00e9riaux de la jaquette : pas de jaquette<\/li>\n<li>\u00c9tanch\u00e9it\u00e9 : oui<\/li>\n<li>Certification \u00e9lectrique: cCSAus<\/li>\n<li>Pas d&rsquo;anneau de verrouillage<\/li>\n<li>Pas de lumi\u00e8re \u00e0 l&rsquo;extr\u00e9mit\u00e9<\/li>\n<li>Pas de prise \u00e0 la fiche<\/li>\n<\/ul>\n","protected":false},"featured_media":32536,"comment_status":"closed","ping_status":"closed","template":"","meta":{"_glsr_average":0,"_glsr_ranking":0,"_glsr_reviews":0,"keywords_product":"","featured_product":"false","product_importance":"1","wds_primary_product_brand":0,"wds_primary_product_cat":0,"wds_primary_fb_product_set":0},"product_brand":[1920],"product_cat":[1873,1382,1079],"product_tag":[1212,1944,1678],"class_list":{"0":"post-32535","1":"product","2":"type-product","3":"status-publish","4":"has-post-thumbnail","6":"product_brand-arcon-fr","7":"product_cat-cables-adaptateurs","8":"product_cat-produits-electriques","9":"product_cat-rallonges-adapteurs","10":"product_tag-arcon-fr","11":"product_tag-meilleurs-vendeurs","12":"product_tag-ts-fr","14":"first","15":"instock","16":"taxable","17":"shipping-taxable","18":"purchasable","19":"product-type-simple"},"bundled_by":[],"bundle_stock_status":"instock","bundle_stock_quantity":581,"bundle_virtual":false,"bundle_layout":"","bundle_add_to_cart_form_location":"","bundle_editable_in_cart":false,"bundle_sold_individually_context":"","bundle_item_grouping":"","bundle_min_size":"","bundle_max_size":"","bundle_price":[],"bundled_items":[],"bundle_sell_ids":[],"_links":{"self":[{"href":"https:\/\/shop.rvcare.ca\/fr\/wp-json\/wp\/v2\/product\/32535","targetHints":{"allow":["GET"]}}],"collection":[{"href":"https:\/\/shop.rvcare.ca\/fr\/wp-json\/wp\/v2\/product"}],"about":[{"href":"https:\/\/shop.rvcare.ca\/fr\/wp-json\/wp\/v2\/types\/product"}],"replies":[{"embeddable":true,"href":"https:\/\/shop.rvcare.ca\/fr\/wp-json\/wp\/v2\/comments?post=32535"}],"version-history":[{"count":3,"href":"https:\/\/shop.rvcare.ca\/fr\/wp-json\/wp\/v2\/product\/32535\/revisions"}],"predecessor-version":[{"id":158468,"href":"https:\/\/shop.rvcare.ca\/fr\/wp-json\/wp\/v2\/product\/32535\/revisions\/158468"}],"wp:featuredmedia":[{"embeddable":true,"href":"https:\/\/shop.rvcare.ca\/fr\/wp-json\/wp\/v2\/media\/32536"}],"wp:attachment":[{"href":"https:\/\/shop.rvcare.ca\/fr\/wp-json\/wp\/v2\/media?parent=32535"}],"wp:term":[{"taxonomy":"product_brand","embeddable":true,"href":"https:\/\/shop.rvcare.ca\/fr\/wp-json\/wp\/v2\/product_brand?post=32535"},{"taxonomy":"product_cat","embeddable":true,"href":"https:\/\/shop.rvcare.ca\/fr\/wp-json\/wp\/v2\/product_cat?post=32535"},{"taxonomy":"product_tag","embeddable":true,"href":"https:\/\/shop.rvcare.ca\/fr\/wp-json\/wp\/v2\/product_tag?post=32535"}],"curies":[{"name":"wp","href":"https:\/\/api.w.org\/{rel}","templated":true}]}}