{"id":37087,"date":"2025-01-06T15:40:41","date_gmt":"2025-01-06T20:40:41","guid":{"rendered":"https:\/\/rvcare.ca\/?post_type=product&#038;p=37087"},"modified":"2026-04-10T11:44:20","modified_gmt":"2026-04-10T15:44:20","slug":"rv-travelers-choice-sewer-hose-kit-20-feet-black","status":"publish","type":"product","link":"https:\/\/shop.rvcare.ca\/fr\/produit\/rv-travelers-choice-sewer-hose-kit-20-feet-black\/","title":{"rendered":"Ensemble de tuyaux d&rsquo;\u00e9vacuation Le choix du campeur \u2013 20 pi (noir)"},"content":{"rendered":"<p>Cet ensemble de tuyaux d\u2019\u00e9vacuation Le choix du campeur comporte deux tuyaux de 10 pi renforc\u00e9s par des fils m\u00e9talliques. Ils se verrouillent par rotation et sont pliables pour en faciliter l\u2019entreposage.<\/p>\n<ul>\n<li>Comprend 4 bouchons anti-goutte pour faciliter le transport et l&rsquo;entreposage de mani\u00e8re s\u00e9curitaire et hygi\u00e9nique.<\/li>\n<li>Comprend un coude transparent qui permet de voir facilement quand le drainage est termin\u00e9.<\/li>\n<li>Chaque tuyau de 10 pi se replie jusqu\u2019\u00e0 39 po pour faciliter le rangement.<\/li>\n<li>Fabriqu\u00e9 en polypropyl\u00e8ne renforc\u00e9 de fils m\u00e9talliques<\/li>\n<li>Raccords pivotants \u00e0 verrouillage rotatif<\/li>\n<li>Stabilis\u00e9 contre les rayons UV<\/li>\n<li>Durabilit\u00e9 allong\u00e9e<\/li>\n<li>Posture semi-rigide pour faciliter le drainage<\/li>\n<li>Repliable pour un ajustement parfait afin d&rsquo;\u00e9viter les obstructions<\/li>\n<li>Les raccords sont solidement scell\u00e9s pour \u00e9viter les fuites ou le desserrage<\/li>\n<li>Le boyau garde sa forme lorsque mis en place<\/li>\n<li>Tuyau r\u00e9sistant \u00e0 l&rsquo;\u00e9crasement<\/li>\n<\/ul>\n","protected":false},"excerpt":{"rendered":"<ul>\n<li>Longueur maximale : 20 pieds (6,1 m)<\/li>\n<li>Longueur minimale : 39 po (1 m)<\/li>\n<li>Couleur : noire<\/li>\n<li>Mat\u00e9riaux : plastique (polypropyl\u00e8ne)<\/li>\n<li>Raccords : oui<\/li>\n<li>Bouchon ba\u00efonnette : oui<\/li>\n<\/ul>\n","protected":false},"featured_media":37091,"comment_status":"closed","ping_status":"closed","template":"","meta":{"_glsr_average":0,"_glsr_ranking":0,"_glsr_reviews":0,"keywords_product":"","featured_product":"false","product_importance":"1","wds_primary_product_brand":0,"wds_primary_product_cat":0,"wds_primary_fb_product_set":0},"product_brand":[2109],"product_cat":[271,1561],"product_tag":[1943,1678],"class_list":{"0":"post-37087","1":"product","2":"type-product","3":"status-publish","4":"has-post-thumbnail","6":"product_brand-rv-travelers-choice-fr","7":"product_cat-assainissement-dechets","8":"product_cat-sewer-hoses-accessories-fr","9":"product_tag-rv-travelers-choice-fr","10":"product_tag-ts-fr","12":"first","13":"instock","14":"taxable","15":"shipping-taxable","16":"purchasable","17":"product-type-simple"},"bundled_by":[],"bundle_stock_status":"instock","bundle_stock_quantity":200,"bundle_virtual":false,"bundle_layout":"","bundle_add_to_cart_form_location":"","bundle_editable_in_cart":false,"bundle_sold_individually_context":"","bundle_item_grouping":"","bundle_min_size":"","bundle_max_size":"","bundle_price":[],"bundled_items":[],"bundle_sell_ids":[],"_links":{"self":[{"href":"https:\/\/shop.rvcare.ca\/fr\/wp-json\/wp\/v2\/product\/37087","targetHints":{"allow":["GET"]}}],"collection":[{"href":"https:\/\/shop.rvcare.ca\/fr\/wp-json\/wp\/v2\/product"}],"about":[{"href":"https:\/\/shop.rvcare.ca\/fr\/wp-json\/wp\/v2\/types\/product"}],"replies":[{"embeddable":true,"href":"https:\/\/shop.rvcare.ca\/fr\/wp-json\/wp\/v2\/comments?post=37087"}],"version-history":[{"count":3,"href":"https:\/\/shop.rvcare.ca\/fr\/wp-json\/wp\/v2\/product\/37087\/revisions"}],"predecessor-version":[{"id":157106,"href":"https:\/\/shop.rvcare.ca\/fr\/wp-json\/wp\/v2\/product\/37087\/revisions\/157106"}],"wp:featuredmedia":[{"embeddable":true,"href":"https:\/\/shop.rvcare.ca\/fr\/wp-json\/wp\/v2\/media\/37091"}],"wp:attachment":[{"href":"https:\/\/shop.rvcare.ca\/fr\/wp-json\/wp\/v2\/media?parent=37087"}],"wp:term":[{"taxonomy":"product_brand","embeddable":true,"href":"https:\/\/shop.rvcare.ca\/fr\/wp-json\/wp\/v2\/product_brand?post=37087"},{"taxonomy":"product_cat","embeddable":true,"href":"https:\/\/shop.rvcare.ca\/fr\/wp-json\/wp\/v2\/product_cat?post=37087"},{"taxonomy":"product_tag","embeddable":true,"href":"https:\/\/shop.rvcare.ca\/fr\/wp-json\/wp\/v2\/product_tag?post=37087"}],"curies":[{"name":"wp","href":"https:\/\/api.w.org\/{rel}","templated":true}]}}