{"id":37100,"date":"2022-05-12T10:36:01","date_gmt":"2022-05-12T14:36:01","guid":{"rendered":"https:\/\/rvcare.ca\/shop\/cales-de-roues-husky-orange-ensemble-de-2\/"},"modified":"2026-04-02T15:29:28","modified_gmt":"2026-04-02T19:29:28","slug":"husky-towing-wheel-chocks-orange-set-of-2-2","status":"publish","type":"product","link":"https:\/\/shop.rvcare.ca\/fr\/produit\/husky-towing-wheel-chocks-orange-set-of-2-2\/","title":{"rendered":"Cales de roues Husky orange \u2013 Ensemble de 2"},"content":{"rendered":"<p>Cet ensemble de 2 cales de roues orange Husky convient \u00e0 tout type de VR, de roulotte ou m\u00eame de roulotte \u00e0 sellette.<\/p>\n<ul>\n<li>Fabriqu\u00e9 en plastique durable r\u00e9sistant aux chocs<\/li>\n<li>Surface stri\u00e9e pour une meilleure adh\u00e9rence<\/li>\n<li>Emp\u00eache le mouvement lorsque vous devez changer un pneu<\/li>\n<li>Couleur saillante pour visibilit\u00e9 accrue<\/li>\n<li>Facile \u00e0 utiliser<\/li>\n<\/ul>\n","protected":false},"excerpt":{"rendered":"<ul>\n<li>Couleur : orange<\/li>\n<li>Mat\u00e9riaux : plastique<\/li>\n<li>Longueur : 18,4 cm<\/li>\n<li>Largeur : 12,7 cm<\/li>\n<li>Hauteur : 10.8 cm<\/li>\n<\/ul>\n","protected":false},"featured_media":18888,"comment_status":"closed","ping_status":"closed","template":"","meta":{"_glsr_average":0,"_glsr_ranking":0,"_glsr_reviews":0,"keywords_product":"","featured_product":"false","product_importance":"1","wds_primary_product_brand":0,"wds_primary_product_cat":0,"wds_primary_fb_product_set":0},"product_brand":[1952],"product_cat":[1871,1106],"product_tag":[1215,1678],"class_list":{"0":"post-37100","1":"product","2":"type-product","3":"status-publish","4":"has-post-thumbnail","6":"product_brand-husky-towing-fr","7":"product_cat-remorquage-nivellement","8":"product_cat-stabilisation-et-nivellement","9":"product_tag-husky-towing-fr","10":"product_tag-ts-fr","12":"first","13":"instock","14":"taxable","15":"shipping-taxable","16":"purchasable","17":"product-type-simple"},"bundled_by":[],"bundle_stock_status":"instock","bundle_stock_quantity":294,"bundle_virtual":false,"bundle_layout":"","bundle_add_to_cart_form_location":"","bundle_editable_in_cart":false,"bundle_sold_individually_context":"","bundle_item_grouping":"","bundle_min_size":"","bundle_max_size":"","bundle_price":[],"bundled_items":[],"bundle_sell_ids":[],"_links":{"self":[{"href":"https:\/\/shop.rvcare.ca\/fr\/wp-json\/wp\/v2\/product\/37100","targetHints":{"allow":["GET"]}}],"collection":[{"href":"https:\/\/shop.rvcare.ca\/fr\/wp-json\/wp\/v2\/product"}],"about":[{"href":"https:\/\/shop.rvcare.ca\/fr\/wp-json\/wp\/v2\/types\/product"}],"replies":[{"embeddable":true,"href":"https:\/\/shop.rvcare.ca\/fr\/wp-json\/wp\/v2\/comments?post=37100"}],"version-history":[{"count":3,"href":"https:\/\/shop.rvcare.ca\/fr\/wp-json\/wp\/v2\/product\/37100\/revisions"}],"predecessor-version":[{"id":158469,"href":"https:\/\/shop.rvcare.ca\/fr\/wp-json\/wp\/v2\/product\/37100\/revisions\/158469"}],"wp:featuredmedia":[{"embeddable":true,"href":"https:\/\/shop.rvcare.ca\/fr\/wp-json\/wp\/v2\/media\/18888"}],"wp:attachment":[{"href":"https:\/\/shop.rvcare.ca\/fr\/wp-json\/wp\/v2\/media?parent=37100"}],"wp:term":[{"taxonomy":"product_brand","embeddable":true,"href":"https:\/\/shop.rvcare.ca\/fr\/wp-json\/wp\/v2\/product_brand?post=37100"},{"taxonomy":"product_cat","embeddable":true,"href":"https:\/\/shop.rvcare.ca\/fr\/wp-json\/wp\/v2\/product_cat?post=37100"},{"taxonomy":"product_tag","embeddable":true,"href":"https:\/\/shop.rvcare.ca\/fr\/wp-json\/wp\/v2\/product_tag?post=37100"}],"curies":[{"name":"wp","href":"https:\/\/api.w.org\/{rel}","templated":true}]}}