{"id":37505,"date":"2026-01-23T15:44:34","date_gmt":"2026-01-23T20:44:34","guid":{"rendered":"https:\/\/rvcare.ca\/shop\/tuyau-deau-potable-le-choix-du-campeur-1524-m-127-mm-x-1524-m\/"},"modified":"2026-04-10T11:42:05","modified_gmt":"2026-04-10T15:42:05","slug":"rv-travelers-choice-premium-fresh-water-hose-50-feet-1-2-x-50","status":"publish","type":"product","link":"https:\/\/shop.rvcare.ca\/fr\/produit\/rv-travelers-choice-premium-fresh-water-hose-50-feet-1-2-x-50\/","title":{"rendered":"Tuyau d&rsquo;eau potable Le choix du campeur \u2013 15,24 m (12,7 mm x 15,24 m)"},"content":{"rendered":"<p>Ce tuyau d&rsquo;eau potable de 12,7 mm (\u00bd po) de diam\u00e8tre mesure 15,24 m (50 pi) de longueur.<\/p>\n<ul>\n<li>Sans plomb<\/li>\n<li>Respecte les exigences du Product Safety Improvement Act<\/li>\n<li>Fabriqu\u00e9 avec des mat\u00e9riaux autoris\u00e9s par la FDA<\/li>\n<li>Convient pour l&rsquo;eau potable<\/li>\n<li>Le raccord est muni d&rsquo;un pouce pour faciliter la fixation au robinet<\/li>\n<li>Fabrication de haute qualit\u00e9.<\/li>\n<li>Comprend une pince \u00e0 tuyau<\/li>\n<\/ul>\n","protected":false},"excerpt":{"rendered":"<ul>\n<li>Diam\u00e8tre interne : 12,7 mm (\u00bd po)<\/li>\n<li>Longueur : 15,24 m (50 pi)<\/li>\n<li>Couleur : blanche<\/li>\n<li>Type : non chauff\u00e9<\/li>\n<li>Raccords : oui<\/li>\n<\/ul>\n","protected":false},"featured_media":37008,"comment_status":"closed","ping_status":"closed","template":"","meta":{"_glsr_average":0,"_glsr_ranking":0,"_glsr_reviews":0,"keywords_product":"","featured_product":"false","product_importance":"1","wds_primary_product_brand":0,"wds_primary_product_cat":0},"product_brand":[2040],"product_cat":[59,1653],"product_tag":[1200,1677],"class_list":{"0":"post-37505","1":"product","2":"type-product","3":"status-publish","4":"has-post-thumbnail","6":"product_brand-rv-travelers-choice","7":"product_cat-plumbing","8":"product_cat-fresh-water-hoses-accessories","9":"product_tag-rv-travelers-choice","10":"product_tag-ts","12":"first","13":"outofstock","14":"taxable","15":"shipping-taxable","16":"purchasable","17":"product-type-simple"},"bundled_by":[],"bundle_stock_status":"outofstock","bundle_stock_quantity":0,"bundle_virtual":false,"bundle_layout":"","bundle_add_to_cart_form_location":"","bundle_editable_in_cart":false,"bundle_sold_individually_context":"","bundle_item_grouping":"","bundle_min_size":"","bundle_max_size":"","bundle_price":[],"bundled_items":[],"bundle_sell_ids":[],"_links":{"self":[{"href":"https:\/\/shop.rvcare.ca\/fr\/wp-json\/wp\/v2\/product\/37505","targetHints":{"allow":["GET"]}}],"collection":[{"href":"https:\/\/shop.rvcare.ca\/fr\/wp-json\/wp\/v2\/product"}],"about":[{"href":"https:\/\/shop.rvcare.ca\/fr\/wp-json\/wp\/v2\/types\/product"}],"replies":[{"embeddable":true,"href":"https:\/\/shop.rvcare.ca\/fr\/wp-json\/wp\/v2\/comments?post=37505"}],"version-history":[{"count":2,"href":"https:\/\/shop.rvcare.ca\/fr\/wp-json\/wp\/v2\/product\/37505\/revisions"}],"predecessor-version":[{"id":157101,"href":"https:\/\/shop.rvcare.ca\/fr\/wp-json\/wp\/v2\/product\/37505\/revisions\/157101"}],"wp:featuredmedia":[{"embeddable":true,"href":"https:\/\/shop.rvcare.ca\/fr\/wp-json\/wp\/v2\/media\/37008"}],"wp:attachment":[{"href":"https:\/\/shop.rvcare.ca\/fr\/wp-json\/wp\/v2\/media?parent=37505"}],"wp:term":[{"taxonomy":"product_brand","embeddable":true,"href":"https:\/\/shop.rvcare.ca\/fr\/wp-json\/wp\/v2\/product_brand?post=37505"},{"taxonomy":"product_cat","embeddable":true,"href":"https:\/\/shop.rvcare.ca\/fr\/wp-json\/wp\/v2\/product_cat?post=37505"},{"taxonomy":"product_tag","embeddable":true,"href":"https:\/\/shop.rvcare.ca\/fr\/wp-json\/wp\/v2\/product_tag?post=37505"}],"curies":[{"name":"wp","href":"https:\/\/api.w.org\/{rel}","templated":true}]}}