{"id":37506,"date":"2022-05-02T00:35:36","date_gmt":"2022-05-02T04:35:36","guid":{"rendered":"https:\/\/rvcare.ca\/shop\/couvercle-devent-le-choix-du-campeur-355-x-355-cm-blanc\/"},"modified":"2026-03-30T14:23:07","modified_gmt":"2026-03-30T18:23:07","slug":"rv-travelers-choice-roof-vent-lid-14x1-4-white","status":"publish","type":"product","link":"https:\/\/shop.rvcare.ca\/fr\/produit\/rv-travelers-choice-roof-vent-lid-14x1-4-white\/","title":{"rendered":"Couvercle d&rsquo;\u00e9vent Le choix du campeur \u2013 35,5 x 35,5 cm (blanc)"},"content":{"rendered":"<p>Ce couvercle d&rsquo;\u00e9vent Le choix du campeur mesure 35,5 cm x 35,5 cm (14 x 14 po). Jensen ou Heng&rsquo;s post\u00e9rieurs \u00e0 1995<\/p>\n<ul>\n<li>Couleur : blanche<\/li>\n<li>Convient pour les types d&rsquo;\u00e9vent Jensen ou Heng&rsquo;s post\u00e9rieurs \u00e0 1995<\/li>\n<li>R\u00e9sistant aux chocs et stabilis\u00e9 aux UV<\/li>\n<li>Ensach\u00e9<\/li>\n<li>Installation rapide et facile<\/li>\n<\/ul>\n","protected":false},"excerpt":{"rendered":"<ul>\n<li>Compatibilit\u00e9 : Convient pour les types d&rsquo;\u00e9vent Jensen ou Heng&rsquo;s post\u00e9rieurs \u00e0 1995<\/li>\n<li>Type de charni\u00e8re : OEM<\/li>\n<li>Couleur : blanche<\/li>\n<li>Mat\u00e9riaux : Polypropyl\u00e8ne<\/li>\n<li>La trousse de montage n&rsquo;est pas comprise<\/li>\n<li>Quantit\u00e9 : unit\u00e9<\/li>\n<li>Emballage : Ensach\u00e9<\/li>\n<\/ul>\n","protected":false},"featured_media":45568,"comment_status":"closed","ping_status":"closed","template":"","meta":{"_glsr_average":0,"_glsr_ranking":0,"_glsr_reviews":0,"keywords_product":"","featured_product":"false","product_importance":"1","wds_primary_product_brand":0,"wds_primary_product_cat":0,"wds_primary_fb_product_set":0},"product_brand":[2109],"product_cat":[1089,1091,1879],"product_tag":[1943,1590,1944,1462],"class_list":{"0":"post-37506","1":"product","2":"type-product","3":"status-publish","4":"has-post-thumbnail","6":"product_brand-rv-travelers-choice-fr","7":"product_cat-events","8":"product_cat-toiles-events","9":"product_cat-events-categorie","10":"product_tag-rv-travelers-choice-fr","11":"product_tag-liquidation","12":"product_tag-meilleurs-vendeurs","13":"product_tag-ntp-fr","15":"first","16":"instock","17":"sale","18":"taxable","19":"shipping-taxable","20":"purchasable","21":"product-type-simple"},"bundled_by":[],"bundle_stock_status":"instock","bundle_stock_quantity":1,"bundle_virtual":false,"bundle_layout":"","bundle_add_to_cart_form_location":"","bundle_editable_in_cart":false,"bundle_sold_individually_context":"","bundle_item_grouping":"","bundle_min_size":"","bundle_max_size":"","bundle_price":[],"bundled_items":[],"bundle_sell_ids":[],"_links":{"self":[{"href":"https:\/\/shop.rvcare.ca\/fr\/wp-json\/wp\/v2\/product\/37506","targetHints":{"allow":["GET"]}}],"collection":[{"href":"https:\/\/shop.rvcare.ca\/fr\/wp-json\/wp\/v2\/product"}],"about":[{"href":"https:\/\/shop.rvcare.ca\/fr\/wp-json\/wp\/v2\/types\/product"}],"replies":[{"embeddable":true,"href":"https:\/\/shop.rvcare.ca\/fr\/wp-json\/wp\/v2\/comments?post=37506"}],"version-history":[{"count":3,"href":"https:\/\/shop.rvcare.ca\/fr\/wp-json\/wp\/v2\/product\/37506\/revisions"}],"predecessor-version":[{"id":157146,"href":"https:\/\/shop.rvcare.ca\/fr\/wp-json\/wp\/v2\/product\/37506\/revisions\/157146"}],"wp:featuredmedia":[{"embeddable":true,"href":"https:\/\/shop.rvcare.ca\/fr\/wp-json\/wp\/v2\/media\/45568"}],"wp:attachment":[{"href":"https:\/\/shop.rvcare.ca\/fr\/wp-json\/wp\/v2\/media?parent=37506"}],"wp:term":[{"taxonomy":"product_brand","embeddable":true,"href":"https:\/\/shop.rvcare.ca\/fr\/wp-json\/wp\/v2\/product_brand?post=37506"},{"taxonomy":"product_cat","embeddable":true,"href":"https:\/\/shop.rvcare.ca\/fr\/wp-json\/wp\/v2\/product_cat?post=37506"},{"taxonomy":"product_tag","embeddable":true,"href":"https:\/\/shop.rvcare.ca\/fr\/wp-json\/wp\/v2\/product_tag?post=37506"}],"curies":[{"name":"wp","href":"https:\/\/api.w.org\/{rel}","templated":true}]}}