{"id":37507,"date":"2022-05-02T00:34:21","date_gmt":"2022-05-02T04:34:21","guid":{"rendered":"https:\/\/rvcare.ca\/shop\/couvercle-devent-le-choix-du-campeur-355-x-355-cm-noir\/"},"modified":"2026-03-30T14:23:07","modified_gmt":"2026-03-30T18:23:07","slug":"rv-travelers-choice-roof-vent-lid-14-x-14-smoke-2","status":"publish","type":"product","link":"https:\/\/shop.rvcare.ca\/fr\/produit\/rv-travelers-choice-roof-vent-lid-14-x-14-smoke-2\/","title":{"rendered":"Couvercle d&rsquo;\u00e9vent Le choix du campeur \u2013 35,5 x 35,5 cm (noir)"},"content":{"rendered":"<p>Couvercle de remplacement de l&rsquo;\u00e9vent de toit RV Traveler&rsquo;s Choice pour les \u00e9vents de 14 pouces X 14 pouces Jensen ou Heng&rsquo;s fabriqu\u00e9s en 1995 ou plus tard.<\/p>\n<ul>\n<li>Couleur : noir \/ fum\u00e9<\/li>\n<li>Convient pour les types d&rsquo;\u00e9vent Jensen ou Heng&rsquo;s post\u00e9rieurs \u00e0 1995<\/li>\n<li>R\u00e9sistant aux chocs et stabilis\u00e9 aux UV<\/li>\n<li>Ensach\u00e9<\/li>\n<li>Installation rapide et facile<\/li>\n<\/ul>\n","protected":false},"excerpt":{"rendered":"<ul>\n<li>Compatibilit\u00e9 : Convient pour les types d&rsquo;\u00e9vent Jensen ou Heng&rsquo;s post\u00e9rieurs \u00e0 1995<\/li>\n<li>Type de charni\u00e8res : OEM<\/li>\n<li>Couleur : noir \/ fum\u00e9<\/li>\n<li>Mat\u00e9riaux : Polypropyl\u00e8ne<\/li>\n<li>La trousse de montage n&rsquo;est pas comprise<\/li>\n<li>Quantit\u00e9 : unit\u00e9<\/li>\n<li>Emballage : Ensach\u00e9<\/li>\n<\/ul>\n","protected":false},"featured_media":37040,"comment_status":"closed","ping_status":"closed","template":"","meta":{"_glsr_average":0,"_glsr_ranking":0,"_glsr_reviews":0,"keywords_product":"","featured_product":"false","product_importance":"1","wds_primary_product_brand":0,"wds_primary_product_cat":0,"wds_primary_fb_product_set":0},"product_brand":[2109],"product_cat":[1089,1091],"product_tag":[1943,1590,1944,1462],"class_list":{"0":"post-37507","1":"product","2":"type-product","3":"status-publish","4":"has-post-thumbnail","6":"product_brand-rv-travelers-choice-fr","7":"product_cat-events","8":"product_cat-toiles-events","9":"product_tag-rv-travelers-choice-fr","10":"product_tag-liquidation","11":"product_tag-meilleurs-vendeurs","12":"product_tag-ntp-fr","14":"first","15":"instock","16":"sale","17":"taxable","18":"shipping-taxable","19":"purchasable","20":"product-type-simple"},"bundled_by":["97531","102596"],"bundle_stock_status":"instock","bundle_stock_quantity":200,"bundle_virtual":false,"bundle_layout":"","bundle_add_to_cart_form_location":"","bundle_editable_in_cart":false,"bundle_sold_individually_context":"","bundle_item_grouping":"","bundle_min_size":"","bundle_max_size":"","bundle_price":[],"bundled_items":[],"bundle_sell_ids":[],"_links":{"self":[{"href":"https:\/\/shop.rvcare.ca\/fr\/wp-json\/wp\/v2\/product\/37507","targetHints":{"allow":["GET"]}}],"collection":[{"href":"https:\/\/shop.rvcare.ca\/fr\/wp-json\/wp\/v2\/product"}],"about":[{"href":"https:\/\/shop.rvcare.ca\/fr\/wp-json\/wp\/v2\/types\/product"}],"replies":[{"embeddable":true,"href":"https:\/\/shop.rvcare.ca\/fr\/wp-json\/wp\/v2\/comments?post=37507"}],"version-history":[{"count":3,"href":"https:\/\/shop.rvcare.ca\/fr\/wp-json\/wp\/v2\/product\/37507\/revisions"}],"predecessor-version":[{"id":157147,"href":"https:\/\/shop.rvcare.ca\/fr\/wp-json\/wp\/v2\/product\/37507\/revisions\/157147"}],"wp:featuredmedia":[{"embeddable":true,"href":"https:\/\/shop.rvcare.ca\/fr\/wp-json\/wp\/v2\/media\/37040"}],"wp:attachment":[{"href":"https:\/\/shop.rvcare.ca\/fr\/wp-json\/wp\/v2\/media?parent=37507"}],"wp:term":[{"taxonomy":"product_brand","embeddable":true,"href":"https:\/\/shop.rvcare.ca\/fr\/wp-json\/wp\/v2\/product_brand?post=37507"},{"taxonomy":"product_cat","embeddable":true,"href":"https:\/\/shop.rvcare.ca\/fr\/wp-json\/wp\/v2\/product_cat?post=37507"},{"taxonomy":"product_tag","embeddable":true,"href":"https:\/\/shop.rvcare.ca\/fr\/wp-json\/wp\/v2\/product_tag?post=37507"}],"curies":[{"name":"wp","href":"https:\/\/api.w.org\/{rel}","templated":true}]}}