{"id":37898,"date":"2022-05-02T02:32:53","date_gmt":"2022-05-02T06:32:53","guid":{"rendered":"https:\/\/rvcare.ca\/shop\/rallonge-electrique-1524-m-30-a\/"},"modified":"2026-03-30T14:23:07","modified_gmt":"2026-03-30T18:23:07","slug":"rvchoice-extension-cord-50-feet-30a-2","status":"publish","type":"product","link":"https:\/\/shop.rvcare.ca\/fr\/produit\/rvchoice-extension-cord-50-feet-30a-2\/","title":{"rendered":"Rallonge \u00e9lectrique \u2013 15,24 m (30 A)"},"content":{"rendered":"<p>Cette rallonge \u00e9lectrique Le choix du campeur est con\u00e7ue en PVC et mesure 15,24 m (50 pi) de long.<\/p>\n<ul>\n<li>Longueur : 15,24 m (50 pi)<\/li>\n<li>Embout m\u00e2le : 30 A<\/li>\n<li>Embout femelle : 30 A<\/li>\n<li>Rev\u00eatement noir r\u00e9sistant en PVC<\/li>\n<li>Fiches moul\u00e9es aux deux extr\u00e9mit\u00e9s<\/li>\n<li>Certifi\u00e9e cCULus<\/li>\n<\/ul>\n","protected":false},"excerpt":{"rendered":"<ul>\n<li>Type: Adaptateur<\/li>\n<li>Embout 1: fiche<\/li>\n<li>Embout 2: prise<\/li>\n<li>Amp\u00e9rage embout 1: 15 amps<\/li>\n<li>Amp\u00e9rage embout 2: 30 amps<\/li>\n<li>Couleur de la jaquette : pas de jaquette<\/li>\n<li>Mat\u00e9riaux de la jaquette : pas de jaquette<\/li>\n<li>\u00c9tanch\u00e9it\u00e9 : oui<\/li>\n<li>Certification \u00e9lectrique: cCSAus<\/li>\n<li>Pas d&rsquo;anneau de verrouillage<\/li>\n<li>Pas de lumi\u00e8re \u00e0 l&rsquo;extr\u00e9mit\u00e9<\/li>\n<li>Pas de prise \u00e0 la fiche<\/li>\n<\/ul>\n","protected":false},"featured_media":33547,"comment_status":"closed","ping_status":"closed","template":"","meta":{"_glsr_average":0,"_glsr_ranking":0,"_glsr_reviews":0,"keywords_product":"","featured_product":"false","product_importance":"1","wds_primary_product_brand":0,"wds_primary_product_cat":0,"wds_primary_fb_product_set":0},"product_brand":[2109],"product_cat":[1382,1079],"product_tag":[1943,1462],"class_list":{"0":"post-37898","1":"product","2":"type-product","3":"status-publish","4":"has-post-thumbnail","6":"product_brand-rv-travelers-choice-fr","7":"product_cat-produits-electriques","8":"product_cat-rallonges-adapteurs","9":"product_tag-rv-travelers-choice-fr","10":"product_tag-ntp-fr","12":"first","13":"instock","14":"taxable","15":"shipping-taxable","16":"purchasable","17":"product-type-simple"},"bundled_by":[],"bundle_stock_status":"instock","bundle_stock_quantity":91,"bundle_virtual":false,"bundle_layout":"","bundle_add_to_cart_form_location":"","bundle_editable_in_cart":false,"bundle_sold_individually_context":"","bundle_item_grouping":"","bundle_min_size":"","bundle_max_size":"","bundle_price":[],"bundled_items":[],"bundle_sell_ids":[],"_links":{"self":[{"href":"https:\/\/shop.rvcare.ca\/fr\/wp-json\/wp\/v2\/product\/37898","targetHints":{"allow":["GET"]}}],"collection":[{"href":"https:\/\/shop.rvcare.ca\/fr\/wp-json\/wp\/v2\/product"}],"about":[{"href":"https:\/\/shop.rvcare.ca\/fr\/wp-json\/wp\/v2\/types\/product"}],"replies":[{"embeddable":true,"href":"https:\/\/shop.rvcare.ca\/fr\/wp-json\/wp\/v2\/comments?post=37898"}],"version-history":[{"count":3,"href":"https:\/\/shop.rvcare.ca\/fr\/wp-json\/wp\/v2\/product\/37898\/revisions"}],"predecessor-version":[{"id":157145,"href":"https:\/\/shop.rvcare.ca\/fr\/wp-json\/wp\/v2\/product\/37898\/revisions\/157145"}],"wp:featuredmedia":[{"embeddable":true,"href":"https:\/\/shop.rvcare.ca\/fr\/wp-json\/wp\/v2\/media\/33547"}],"wp:attachment":[{"href":"https:\/\/shop.rvcare.ca\/fr\/wp-json\/wp\/v2\/media?parent=37898"}],"wp:term":[{"taxonomy":"product_brand","embeddable":true,"href":"https:\/\/shop.rvcare.ca\/fr\/wp-json\/wp\/v2\/product_brand?post=37898"},{"taxonomy":"product_cat","embeddable":true,"href":"https:\/\/shop.rvcare.ca\/fr\/wp-json\/wp\/v2\/product_cat?post=37898"},{"taxonomy":"product_tag","embeddable":true,"href":"https:\/\/shop.rvcare.ca\/fr\/wp-json\/wp\/v2\/product_tag?post=37898"}],"curies":[{"name":"wp","href":"https:\/\/api.w.org\/{rel}","templated":true}]}}