{"id":37987,"date":"2025-01-06T15:39:54","date_gmt":"2025-01-06T20:39:54","guid":{"rendered":"https:\/\/rvcare.ca\/shop\/verin-electrique-le-choix-du-campeur-noir-3-500-lbs-15875-kg\/"},"modified":"2026-04-10T11:44:34","modified_gmt":"2026-04-10T15:44:34","slug":"rv-travelers-choice-electric-trailer-tongue-jack-3500-lb-black-2","status":"publish","type":"product","link":"https:\/\/shop.rvcare.ca\/fr\/produit\/rv-travelers-choice-electric-trailer-tongue-jack-3500-lb-black-2\/","title":{"rendered":"V\u00e9rin \u00e9lectrique Le choix du campeur noir \u2013 1587,5 kg (3 500 lbs)"},"content":{"rendered":"<p><b>Le v\u00e9rin \u00e9lectrique Le choix du campeur facilite la r\u00e9partition du poids. Utilise une technologie de \u00ab cran d&rsquo;arr\u00eat \u00bb exclusive afin de vous faciliter la vie.<\/b><\/p>\n<ul>\n<li>Couleur : noire<\/li>\n<li>3 500 lbs (1587,5 kg) Force de levage<\/li>\n<li>Diam\u00e8tre du v\u00e9rin 2,25 po (5,71 cm)<\/li>\n<li>Amplitude de course : 18 pouces (45,7 cm)<\/li>\n<li>Temps de d\u00e9placement par cycle : 80 secondes<\/li>\n<li>Rev\u00eatement r\u00e9sistant aux rayons UV<\/li>\n<li>R\u00e9sistant \u00e0 l&rsquo;eau<\/li>\n<li>Interrupteurs prot\u00e9g\u00e9s contre les intemp\u00e9ries<\/li>\n<li>3 voyants lumineux<\/li>\n<li>Finition durable par rev\u00eatement en poudre<\/li>\n<li>Engrenages en acier tremp\u00e9<\/li>\n<li>Fixations en acier inoxydable<\/li>\n<li>Vis de commande de haute r\u00e9sistance de 3\/4 po (1,9 cm)<\/li>\n<li>12 V<\/li>\n<li>\u00e9crou de commande auto-lubrifiant<\/li>\n<li>Protection thermique automatique interne<\/li>\n<li>Disjoncteur r\u00e9enclenchable<\/li>\n<li>Connexions \u00e9lectriques soud\u00e9es<\/li>\n<li>Consommation de courant de 18 amp\u00e8res \u00e0 pleine charge<\/li>\n<\/ul>\n","protected":false},"excerpt":{"rendered":"<ul>\n<li>Type : \u00e9lectrique<\/li>\n<li>Force de levage : 3 500 lbs (1587,5 kg)<\/li>\n<li>D\u00e9ploiement maximal : 24 po (61 cm)<\/li>\n<li>Type de montage : boulonn\u00e9<\/li>\n<li>Type de manivelle : ronde<\/li>\n<li>Sans roues<\/li>\n<li>Couleur : noire<\/li>\n<li>Pivotant : non<\/li>\n<li>Extension minimale : 9 \u215e po (25 cm)<\/li>\n<li>Extension maximale : 33 \u215e po (86 cm)<\/li>\n<li>D\u00e9gagement : 22 po (56 cm)<\/li>\n<li>Mat\u00e9riau : acier<\/li>\n<li>Temps d&rsquo;installation (estimation) : 30 minutes<\/li>\n<\/ul>\n","protected":false},"featured_media":29401,"comment_status":"closed","ping_status":"closed","template":"","meta":{"_glsr_average":0,"_glsr_ranking":0,"_glsr_reviews":0,"keywords_product":"","featured_product":"false","product_importance":"1","wds_primary_product_brand":0,"wds_primary_product_cat":0,"wds_primary_fb_product_set":0},"product_brand":[2109],"product_cat":[1871,1106],"product_tag":[1943,1678],"class_list":{"0":"post-37987","1":"product","2":"type-product","3":"status-publish","4":"has-post-thumbnail","6":"product_brand-rv-travelers-choice-fr","7":"product_cat-remorquage-nivellement","8":"product_cat-stabilisation-et-nivellement","9":"product_tag-rv-travelers-choice-fr","10":"product_tag-ts-fr","12":"first","13":"instock","14":"taxable","15":"shipping-taxable","16":"purchasable","17":"product-type-simple"},"bundled_by":[],"bundle_stock_status":"instock","bundle_stock_quantity":300,"bundle_virtual":false,"bundle_layout":"","bundle_add_to_cart_form_location":"","bundle_editable_in_cart":false,"bundle_sold_individually_context":"","bundle_item_grouping":"","bundle_min_size":"","bundle_max_size":"","bundle_price":[],"bundled_items":[],"bundle_sell_ids":[],"_links":{"self":[{"href":"https:\/\/shop.rvcare.ca\/fr\/wp-json\/wp\/v2\/product\/37987","targetHints":{"allow":["GET"]}}],"collection":[{"href":"https:\/\/shop.rvcare.ca\/fr\/wp-json\/wp\/v2\/product"}],"about":[{"href":"https:\/\/shop.rvcare.ca\/fr\/wp-json\/wp\/v2\/types\/product"}],"replies":[{"embeddable":true,"href":"https:\/\/shop.rvcare.ca\/fr\/wp-json\/wp\/v2\/comments?post=37987"}],"version-history":[{"count":3,"href":"https:\/\/shop.rvcare.ca\/fr\/wp-json\/wp\/v2\/product\/37987\/revisions"}],"predecessor-version":[{"id":157108,"href":"https:\/\/shop.rvcare.ca\/fr\/wp-json\/wp\/v2\/product\/37987\/revisions\/157108"}],"wp:featuredmedia":[{"embeddable":true,"href":"https:\/\/shop.rvcare.ca\/fr\/wp-json\/wp\/v2\/media\/29401"}],"wp:attachment":[{"href":"https:\/\/shop.rvcare.ca\/fr\/wp-json\/wp\/v2\/media?parent=37987"}],"wp:term":[{"taxonomy":"product_brand","embeddable":true,"href":"https:\/\/shop.rvcare.ca\/fr\/wp-json\/wp\/v2\/product_brand?post=37987"},{"taxonomy":"product_cat","embeddable":true,"href":"https:\/\/shop.rvcare.ca\/fr\/wp-json\/wp\/v2\/product_cat?post=37987"},{"taxonomy":"product_tag","embeddable":true,"href":"https:\/\/shop.rvcare.ca\/fr\/wp-json\/wp\/v2\/product_tag?post=37987"}],"curies":[{"name":"wp","href":"https:\/\/api.w.org\/{rel}","templated":true}]}}