{"id":38123,"date":"2022-05-02T04:04:16","date_gmt":"2022-05-02T08:04:16","guid":{"rendered":"https:\/\/rvcare.ca\/shop\/rv-travelers-choice-propane-adapter-kit\/"},"modified":"2026-04-02T15:29:28","modified_gmt":"2026-04-02T19:29:28","slug":"rv-travelers-choice-propane-adapter-kit","status":"publish","type":"product","link":"https:\/\/shop.rvcare.ca\/fr\/produit\/rv-travelers-choice-propane-adapter-kit\/","title":{"rendered":"Ensemble d&rsquo;alimentation au propane de longue dur\u00e9e Le choix du campeur"},"content":{"rendered":"<p>L&rsquo;ensemble d&rsquo;alimentation au propane de longue dur\u00e9e Le choix du campeur est con\u00e7u pour vous donner de la flexibilit\u00e9 dans l&rsquo;utilisation de votre propane. Vous pouvez prolonger votre s\u00e9jour en raccordant des cylindres de gaz de p\u00e9trole liqu\u00e9fi\u00e9 (GPL) auxiliaires, ou vous pouvez utiliser le syst\u00e8me GPL de votre VR pour alimenter des appareils portables \u00e0 haute pression.<\/p>\n<ul>\n<li>Permet la connexion de cylindres de propane suppl\u00e9mentaires ou du syst\u00e8me de gaz de p\u00e9trole liqu\u00e9fi\u00e9 (GPL).<\/li>\n<li>Comprend une connexion coude en laiton et un tuyau de 5 pieds.<\/li>\n<li>Installation facile<\/li>\n<li>Certifi\u00e9 ISO 9001<\/li>\n<\/ul>\n","protected":false},"excerpt":{"rendered":"<ul>\n<li>Compatibilit\u00e9 : permet la connexion de cylindres de gaz de p\u00e9trole liqu\u00e9fi\u00e9 (GPL) suppl\u00e9mentaires ou du syst\u00e8me de gaz de p\u00e9trole liqu\u00e9fi\u00e9 (GPL).<\/li>\n<li>Nombre de connexions : 4.<\/li>\n<li>Taille de la connexion 1 : Prest-O-Lite (POL) m\u00e2le \u00e0 nez dur.<\/li>\n<li>Taille de la connexion 2 : Prest-O-Lite (POL) femelle<\/li>\n<li>Taille de la connexion 3 : 1 pouce-20.<\/li>\n<li>Taille de la connexion 4 : \u00bc de pouce en raccord filet\u00e9 invers\u00e9 femelle.<\/li>\n<li>Mat\u00e9riau : Thermoplastique\/laiton.<\/li>\n<li>Avec tuyau : Oui<\/li>\n<\/ul>\n","protected":false},"featured_media":37550,"comment_status":"closed","ping_status":"closed","template":"","meta":{"_glsr_average":0,"_glsr_ranking":0,"_glsr_reviews":0,"keywords_product":"","featured_product":"false","product_importance":"1","wds_primary_product_brand":0,"wds_primary_product_cat":0,"wds_primary_fb_product_set":0},"product_brand":[2109],"product_cat":[1867,1130],"product_tag":[1943,1590,1944,1462],"class_list":{"0":"post-38123","1":"product","2":"type-product","3":"status-publish","4":"has-post-thumbnail","6":"product_brand-rv-travelers-choice-fr","7":"product_cat-camping-exterieur","8":"product_cat-propane","9":"product_tag-rv-travelers-choice-fr","10":"product_tag-liquidation","11":"product_tag-meilleurs-vendeurs","12":"product_tag-ntp-fr","14":"first","15":"instock","16":"sale","17":"taxable","18":"shipping-taxable","19":"purchasable","20":"product-type-simple"},"bundled_by":[],"bundle_stock_status":"instock","bundle_stock_quantity":113,"bundle_virtual":false,"bundle_layout":"","bundle_add_to_cart_form_location":"","bundle_editable_in_cart":false,"bundle_sold_individually_context":"","bundle_item_grouping":"","bundle_min_size":"","bundle_max_size":"","bundle_price":[],"bundled_items":[],"bundle_sell_ids":[],"_links":{"self":[{"href":"https:\/\/shop.rvcare.ca\/fr\/wp-json\/wp\/v2\/product\/38123","targetHints":{"allow":["GET"]}}],"collection":[{"href":"https:\/\/shop.rvcare.ca\/fr\/wp-json\/wp\/v2\/product"}],"about":[{"href":"https:\/\/shop.rvcare.ca\/fr\/wp-json\/wp\/v2\/types\/product"}],"replies":[{"embeddable":true,"href":"https:\/\/shop.rvcare.ca\/fr\/wp-json\/wp\/v2\/comments?post=38123"}],"version-history":[{"count":4,"href":"https:\/\/shop.rvcare.ca\/fr\/wp-json\/wp\/v2\/product\/38123\/revisions"}],"predecessor-version":[{"id":158470,"href":"https:\/\/shop.rvcare.ca\/fr\/wp-json\/wp\/v2\/product\/38123\/revisions\/158470"}],"wp:featuredmedia":[{"embeddable":true,"href":"https:\/\/shop.rvcare.ca\/fr\/wp-json\/wp\/v2\/media\/37550"}],"wp:attachment":[{"href":"https:\/\/shop.rvcare.ca\/fr\/wp-json\/wp\/v2\/media?parent=38123"}],"wp:term":[{"taxonomy":"product_brand","embeddable":true,"href":"https:\/\/shop.rvcare.ca\/fr\/wp-json\/wp\/v2\/product_brand?post=38123"},{"taxonomy":"product_cat","embeddable":true,"href":"https:\/\/shop.rvcare.ca\/fr\/wp-json\/wp\/v2\/product_cat?post=38123"},{"taxonomy":"product_tag","embeddable":true,"href":"https:\/\/shop.rvcare.ca\/fr\/wp-json\/wp\/v2\/product_tag?post=38123"}],"curies":[{"name":"wp","href":"https:\/\/api.w.org\/{rel}","templated":true}]}}