{"id":38129,"date":"2022-05-02T00:01:19","date_gmt":"2022-05-02T04:01:19","guid":{"rendered":"https:\/\/rvcare.ca\/shop\/rv-travelers-choice-stackers-10-pack-stackable-leveling-blocks\/"},"modified":"2026-04-02T15:29:28","modified_gmt":"2026-04-02T19:29:28","slug":"rv-travelers-choice-stackers-10-pack-stackable-leveling-blocks","status":"publish","type":"product","link":"https:\/\/shop.rvcare.ca\/fr\/produit\/rv-travelers-choice-stackers-10-pack-stackable-leveling-blocks\/","title":{"rendered":"Blocs de mise \u00e0 niveau Le choix du campeur (10 unit\u00e9s)"},"content":{"rendered":"<p>Les blocs de mise \u00e0 niveau empilables Le Choix du Campeur sont polyvalents et peuvent \u00eatre utilis\u00e9s de plusieurs mani\u00e8res : pour niveler votre VR, comme un cric ou comme support de roue. Les blocs de mise \u00e0 niveau se verrouillent ensemble et s&#8217;empilent pour atteindre la hauteur souhait\u00e9e. Ils sont dot\u00e9s d&rsquo;une poign\u00e9e qui vous permet de construire une rampe de transition pour faciliter le nivellement de votre VR. Conviennent aux surfaces dures et aux terrains instables.<\/p>\n<ul>\n<li>Multi-fonctions : niveler votre VR, comme un cric ou pour support de roue.<\/li>\n<li>La poign\u00e9e peut servir de transition pour cr\u00e9er une rampe en douceur.<\/li>\n<li>Livr\u00e9 dans un sac en nylon de haute qualit\u00e9 avec fermeture \u00e9clair.<\/li>\n<li>Comprend une bande Velcro pratique pour le rangement<\/li>\n<li>Capacit\u00e9 portante maximale de 18 143 kg (40 000 lbs)<\/li>\n<\/ul>\n","protected":false},"excerpt":{"rendered":"<ul>\n<li>Utilisation : Nivellement des VR lors du stationnement<\/li>\n<li>Type : Empilable<\/li>\n<li>Longueur : 4,3 cm (1,7 po)<\/li>\n<li>Largeur : 4,1 cm (1,6 po)<\/li>\n<li>Hauteur : 3,6 cm (1,4 po)<\/li>\n<li>Capacit\u00e9 : environ 18 144 kg (40 000 lbs)<\/li>\n<li>Couleur : Jaune<\/li>\n<li>Mat\u00e9riau : Plastique en poly\u00e9thyl\u00e8ne haute r\u00e9sistance<\/li>\n<li>Quantit\u00e9 : Ensemble de 10 blocs de nivellement empilables<\/li>\n<li>Avec sac de rangement : Oui<\/li>\n<\/ul>\n","protected":false},"featured_media":96462,"comment_status":"closed","ping_status":"closed","template":"","meta":{"_glsr_average":0,"_glsr_ranking":0,"_glsr_reviews":0,"keywords_product":"stackers, leveling blocks, levelling blocks, stackable, stackable leveling blocks, wheel support, Blocs de mise \u00e0 niveau, niveler, blocs de mise \u00e0 niveau empilables","featured_product":"false","product_importance":"9998","wds_primary_product_brand":0,"wds_primary_product_cat":0,"wds_primary_fb_product_set":0},"product_brand":[2109],"product_cat":[1871,1106],"product_tag":[1943,1944,1462],"class_list":{"0":"post-38129","1":"product","2":"type-product","3":"status-publish","4":"has-post-thumbnail","6":"product_brand-rv-travelers-choice-fr","7":"product_cat-remorquage-nivellement","8":"product_cat-stabilisation-et-nivellement","9":"product_tag-rv-travelers-choice-fr","10":"product_tag-meilleurs-vendeurs","11":"product_tag-ntp-fr","13":"first","14":"outofstock","15":"taxable","16":"shipping-taxable","17":"purchasable","18":"product-type-simple"},"bundled_by":[],"bundle_stock_status":"outofstock","bundle_stock_quantity":0,"bundle_virtual":false,"bundle_layout":"","bundle_add_to_cart_form_location":"","bundle_editable_in_cart":false,"bundle_sold_individually_context":"","bundle_item_grouping":"","bundle_min_size":"","bundle_max_size":"","bundle_price":[],"bundled_items":[],"bundle_sell_ids":[],"_links":{"self":[{"href":"https:\/\/shop.rvcare.ca\/fr\/wp-json\/wp\/v2\/product\/38129","targetHints":{"allow":["GET"]}}],"collection":[{"href":"https:\/\/shop.rvcare.ca\/fr\/wp-json\/wp\/v2\/product"}],"about":[{"href":"https:\/\/shop.rvcare.ca\/fr\/wp-json\/wp\/v2\/types\/product"}],"replies":[{"embeddable":true,"href":"https:\/\/shop.rvcare.ca\/fr\/wp-json\/wp\/v2\/comments?post=38129"}],"version-history":[{"count":4,"href":"https:\/\/shop.rvcare.ca\/fr\/wp-json\/wp\/v2\/product\/38129\/revisions"}],"predecessor-version":[{"id":158471,"href":"https:\/\/shop.rvcare.ca\/fr\/wp-json\/wp\/v2\/product\/38129\/revisions\/158471"}],"wp:featuredmedia":[{"embeddable":true,"href":"https:\/\/shop.rvcare.ca\/fr\/wp-json\/wp\/v2\/media\/96462"}],"wp:attachment":[{"href":"https:\/\/shop.rvcare.ca\/fr\/wp-json\/wp\/v2\/media?parent=38129"}],"wp:term":[{"taxonomy":"product_brand","embeddable":true,"href":"https:\/\/shop.rvcare.ca\/fr\/wp-json\/wp\/v2\/product_brand?post=38129"},{"taxonomy":"product_cat","embeddable":true,"href":"https:\/\/shop.rvcare.ca\/fr\/wp-json\/wp\/v2\/product_cat?post=38129"},{"taxonomy":"product_tag","embeddable":true,"href":"https:\/\/shop.rvcare.ca\/fr\/wp-json\/wp\/v2\/product_tag?post=38129"}],"curies":[{"name":"wp","href":"https:\/\/api.w.org\/{rel}","templated":true}]}}