{"id":38222,"date":"2022-05-02T02:05:51","date_gmt":"2022-05-02T06:05:51","guid":{"rendered":"https:\/\/rvcare.ca\/shop\/rvc-choice-strap-style-golf-cart-battery-box\/"},"modified":"2026-03-30T14:23:17","modified_gmt":"2026-03-30T18:23:17","slug":"rvc-choice-strap-style-golf-cart-battery-box","status":"publish","type":"product","link":"https:\/\/shop.rvcare.ca\/fr\/produit\/rvc-choice-strap-style-golf-cart-battery-box\/","title":{"rendered":"Bo\u00eete \u00e0 batterie Le choix du campeur : 6V"},"content":{"rendered":"<p>Cette bo\u00eete \u00e0 batterie Le choix du campeur avec sangle (6V) est ventil\u00e9e et fabriqu\u00e9e en polypropyl\u00e8ne l\u00e9ger, robuste et tr\u00e8s r\u00e9sistant pour supporter les chocs et l&rsquo;acide de la batterie. <\/p>\n<ul>\n<li>Comprend le bo\u00eetier, le couvercle, la sangle, les supports de montage et les vis.<\/li>\n<li>Taille : 6V voiturette de golf.<\/li>\n<li>Bo\u00eetier ventil\u00e9, tr\u00e8s r\u00e9sistant et comprend les sangles.<\/li>\n<li>Fabriqu\u00e9 en polypropyl\u00e8ne tr\u00e8s r\u00e9sistant pour supporter les chocs ou la corrosion due au d\u00e9versement d&rsquo;acide \u00e0 batterie.<\/li>\n<li>Conforme aux normes USCG<\/li>\n<\/ul>\n","protected":false},"excerpt":{"rendered":"<ul>\n<li>Compatibilit\u00e9 : 6V voiturette de golf<\/li>\n<li>Quantit\u00e9 : 1<\/li>\n<li>Longueur : 13,32 po<\/li>\n<li>Largeur : 9,68 po<\/li>\n<li>Hauteur : 11,54 po<\/li>\n<li>Couleur : noire<\/li>\n<li>Mat\u00e9riaux : Polypropyl\u00e8ne<\/li>\n<li>C\u00e2bles : Non<\/li>\n<li>Dispositif de retenue : Oui<\/li>\n<li>Ventilation : Oui<\/li>\n<li>Rev\u00eatement : m\u00e2t<\/li>\n<\/ul>\n","protected":false},"featured_media":32817,"comment_status":"closed","ping_status":"closed","template":"","meta":{"_glsr_average":0,"_glsr_ranking":0,"_glsr_reviews":0,"keywords_product":"","featured_product":"","product_importance":"1","wds_primary_product_brand":0,"wds_primary_product_cat":0,"wds_primary_fb_product_set":0},"product_brand":[2040],"product_cat":[1052,1381],"product_tag":[1200,1586,1461],"class_list":{"0":"post-38222","1":"product","2":"type-product","3":"status-publish","4":"has-post-thumbnail","6":"product_brand-rv-travelers-choice","7":"product_cat-batteries-accessories","8":"product_cat-electrical","9":"product_tag-rv-travelers-choice","10":"product_tag-top-sellers","11":"product_tag-ntp","13":"first","14":"outofstock","15":"taxable","16":"shipping-taxable","17":"purchasable","18":"product-type-simple"},"bundled_by":[],"bundle_stock_status":"outofstock","bundle_stock_quantity":0,"bundle_virtual":false,"bundle_layout":"","bundle_add_to_cart_form_location":"","bundle_editable_in_cart":false,"bundle_sold_individually_context":"","bundle_item_grouping":"","bundle_min_size":"","bundle_max_size":"","bundle_price":[],"bundled_items":[],"bundle_sell_ids":[],"_links":{"self":[{"href":"https:\/\/shop.rvcare.ca\/fr\/wp-json\/wp\/v2\/product\/38222","targetHints":{"allow":["GET"]}}],"collection":[{"href":"https:\/\/shop.rvcare.ca\/fr\/wp-json\/wp\/v2\/product"}],"about":[{"href":"https:\/\/shop.rvcare.ca\/fr\/wp-json\/wp\/v2\/types\/product"}],"replies":[{"embeddable":true,"href":"https:\/\/shop.rvcare.ca\/fr\/wp-json\/wp\/v2\/comments?post=38222"}],"version-history":[{"count":1,"href":"https:\/\/shop.rvcare.ca\/fr\/wp-json\/wp\/v2\/product\/38222\/revisions"}],"predecessor-version":[{"id":154369,"href":"https:\/\/shop.rvcare.ca\/fr\/wp-json\/wp\/v2\/product\/38222\/revisions\/154369"}],"wp:featuredmedia":[{"embeddable":true,"href":"https:\/\/shop.rvcare.ca\/fr\/wp-json\/wp\/v2\/media\/32817"}],"wp:attachment":[{"href":"https:\/\/shop.rvcare.ca\/fr\/wp-json\/wp\/v2\/media?parent=38222"}],"wp:term":[{"taxonomy":"product_brand","embeddable":true,"href":"https:\/\/shop.rvcare.ca\/fr\/wp-json\/wp\/v2\/product_brand?post=38222"},{"taxonomy":"product_cat","embeddable":true,"href":"https:\/\/shop.rvcare.ca\/fr\/wp-json\/wp\/v2\/product_cat?post=38222"},{"taxonomy":"product_tag","embeddable":true,"href":"https:\/\/shop.rvcare.ca\/fr\/wp-json\/wp\/v2\/product_tag?post=38222"}],"curies":[{"name":"wp","href":"https:\/\/api.w.org\/{rel}","templated":true}]}}