{"id":38231,"date":"2026-01-23T15:44:34","date_gmt":"2026-01-23T20:44:34","guid":{"rendered":"https:\/\/rvcare.ca\/shop\/rvc-water-pressure-regulator\/"},"modified":"2026-04-10T11:42:05","modified_gmt":"2026-04-10T15:42:05","slug":"rvc-water-pressure-regulator","status":"publish","type":"product","link":"https:\/\/shop.rvcare.ca\/fr\/produit\/rvc-water-pressure-regulator\/","title":{"rendered":"R\u00e9gulateur de pression d&rsquo;eau Le choix du campeur"},"content":{"rendered":"<ul>\n<li>S\u2019adapte \u00e0 tous les tuyaux d\u2019arrosage standard et aux raccords de type bib.<\/li>\n<li>La pince facilite l\u2019installation et \u00e9limine le besoin d\u2019outils.<\/li>\n<li>Pr\u00e9vu pour une pression d&rsquo;entr\u00e9e jusqu&rsquo;\u00e0 150 PSI<\/li>\n<li>Pression de sortie r\u00e9gul\u00e9e \u00e0 40-50<\/li>\n<li>Sans plomb<\/li>\n<li>Fabriqu\u00e9 avec des mat\u00e9riaux non toxique propre \u00e0 la consommation.<\/li>\n<li>Certifi\u00e9 selon les normes IAPMO et NSF<\/li>\n<li>Certification IAPMO et NSF.<\/li>\n<\/ul>\n","protected":false},"excerpt":{"rendered":"<ul>\n<li>Compatibilit\u00e9 : Bo\u00eetier d\u2019entr\u00e9e d\u2019eau potable pour camping-car, pi\u00e8ce n\u00b0 21851<\/li>\n<li>Plage de pression (PSI) : 45 \u00e0 150 livres par pouce carr\u00e9<\/li>\n<li>Taille de l\u2019extr\u00e9mit\u00e9 1 : 3\/4 pouces (1,9 cm)<\/li>\n<li>Type d\u2019extr\u00e9mit\u00e9 1 : Filetage m\u00e2le<\/li>\n<li>Taille de l\u2019extr\u00e9mit\u00e9 2 : 3\/4 pouces (1,9 cm)<\/li>\n<li>Type d\u2019extr\u00e9mit\u00e9 2 : Filetage femelle<\/li>\n<li>Mat\u00e9riau : Cuivre \u00e9cologique<\/li>\n<li>Conforme aux r\u00e9glementations CA\/VT : Oui<\/li>\n<li>Avec clapet anti-retour : Non<\/li>\n<li>Avec manom\u00e8tre : Non<\/li>\n<li>Avec capuchon : Non<\/li>\n<li>Quantit\u00e9 : Simple<\/li>\n<\/ul>\n","protected":false},"featured_media":32632,"comment_status":"closed","ping_status":"closed","template":"","meta":{"_glsr_average":0,"_glsr_ranking":0,"_glsr_reviews":0,"keywords_product":"","featured_product":"","product_importance":"1","wds_primary_product_brand":0,"wds_primary_product_cat":0,"wds_primary_fb_product_set":0},"product_brand":[2109],"product_cat":[268,1657],"product_tag":[1943,1678],"class_list":{"0":"post-38231","1":"product","2":"type-product","3":"status-publish","4":"has-post-thumbnail","6":"product_brand-rv-travelers-choice-fr","7":"product_cat-plomberie","8":"product_cat-tuyaux-deau-potable-accessoires","9":"product_tag-rv-travelers-choice-fr","10":"product_tag-ts-fr","12":"first","13":"instock","14":"taxable","15":"shipping-taxable","16":"purchasable","17":"product-type-simple"},"bundled_by":[],"bundle_stock_status":"instock","bundle_stock_quantity":100,"bundle_virtual":false,"bundle_layout":"","bundle_add_to_cart_form_location":"","bundle_editable_in_cart":false,"bundle_sold_individually_context":"","bundle_item_grouping":"","bundle_min_size":"","bundle_max_size":"","bundle_price":[],"bundled_items":[],"bundle_sell_ids":[],"_links":{"self":[{"href":"https:\/\/shop.rvcare.ca\/fr\/wp-json\/wp\/v2\/product\/38231","targetHints":{"allow":["GET"]}}],"collection":[{"href":"https:\/\/shop.rvcare.ca\/fr\/wp-json\/wp\/v2\/product"}],"about":[{"href":"https:\/\/shop.rvcare.ca\/fr\/wp-json\/wp\/v2\/types\/product"}],"replies":[{"embeddable":true,"href":"https:\/\/shop.rvcare.ca\/fr\/wp-json\/wp\/v2\/comments?post=38231"}],"version-history":[{"count":1,"href":"https:\/\/shop.rvcare.ca\/fr\/wp-json\/wp\/v2\/product\/38231\/revisions"}],"predecessor-version":[{"id":157414,"href":"https:\/\/shop.rvcare.ca\/fr\/wp-json\/wp\/v2\/product\/38231\/revisions\/157414"}],"wp:featuredmedia":[{"embeddable":true,"href":"https:\/\/shop.rvcare.ca\/fr\/wp-json\/wp\/v2\/media\/32632"}],"wp:attachment":[{"href":"https:\/\/shop.rvcare.ca\/fr\/wp-json\/wp\/v2\/media?parent=38231"}],"wp:term":[{"taxonomy":"product_brand","embeddable":true,"href":"https:\/\/shop.rvcare.ca\/fr\/wp-json\/wp\/v2\/product_brand?post=38231"},{"taxonomy":"product_cat","embeddable":true,"href":"https:\/\/shop.rvcare.ca\/fr\/wp-json\/wp\/v2\/product_cat?post=38231"},{"taxonomy":"product_tag","embeddable":true,"href":"https:\/\/shop.rvcare.ca\/fr\/wp-json\/wp\/v2\/product_tag?post=38231"}],"curies":[{"name":"wp","href":"https:\/\/api.w.org\/{rel}","templated":true}]}}