{"id":38243,"date":"2022-06-22T09:09:35","date_gmt":"2022-06-22T13:09:35","guid":{"rendered":"https:\/\/rvcare.ca\/shop\/camper-anti-slip-door-mat-23-x-15-75\/"},"modified":"2026-03-30T14:23:19","modified_gmt":"2026-03-30T18:23:19","slug":"camper-anti-slip-door-mat-23-x-15-75","status":"publish","type":"product","link":"https:\/\/shop.rvcare.ca\/fr\/produit\/camper-anti-slip-door-mat-23-x-15-75\/","title":{"rendered":"Paillasson du campeur \u2013 23 x 15,75 po"},"content":{"rendered":"<p>Ce tapis d\u00e9coratif comprend une surface anti-d\u00e9rapante. Il vous permettra de garder la salet\u00e9 \u00e0 l&rsquo;ext\u00e9rieur du VR.<\/p>\n<ul>\n<li>Surface anti-d\u00e9rapante<\/li>\n<li>Sac en caoutchouc<\/li>\n<li>En forme de VR r\u00e9tro<\/li>\n<\/ul>\n","protected":false},"excerpt":{"rendered":"<p>Dimensions : 23 x 15,75 x 0,25 po<\/p>\n","protected":false},"featured_media":28459,"comment_status":"closed","ping_status":"closed","template":"","meta":{"_glsr_average":0,"_glsr_ranking":0,"_glsr_reviews":0,"keywords_product":"","featured_product":"","product_importance":"","wds_primary_product_brand":0,"wds_primary_product_cat":0},"product_brand":[],"product_cat":[1858,187],"product_tag":[1293],"class_list":{"0":"post-38243","1":"product","2":"type-product","3":"status-publish","4":"has-post-thumbnail","6":"product_cat-rv-interior","7":"product_cat-housewares","8":"product_tag-spaceful","10":"first","11":"instock","12":"taxable","13":"shipping-taxable","14":"purchasable","15":"product-type-simple"},"bundled_by":[],"bundle_stock_status":"instock","bundle_stock_quantity":4,"bundle_virtual":false,"bundle_layout":"","bundle_add_to_cart_form_location":"","bundle_editable_in_cart":false,"bundle_sold_individually_context":"","bundle_item_grouping":"","bundle_min_size":"","bundle_max_size":"","bundle_price":[],"bundled_items":[],"bundle_sell_ids":[],"_links":{"self":[{"href":"https:\/\/shop.rvcare.ca\/fr\/wp-json\/wp\/v2\/product\/38243","targetHints":{"allow":["GET"]}}],"collection":[{"href":"https:\/\/shop.rvcare.ca\/fr\/wp-json\/wp\/v2\/product"}],"about":[{"href":"https:\/\/shop.rvcare.ca\/fr\/wp-json\/wp\/v2\/types\/product"}],"replies":[{"embeddable":true,"href":"https:\/\/shop.rvcare.ca\/fr\/wp-json\/wp\/v2\/comments?post=38243"}],"version-history":[{"count":1,"href":"https:\/\/shop.rvcare.ca\/fr\/wp-json\/wp\/v2\/product\/38243\/revisions"}],"predecessor-version":[{"id":157419,"href":"https:\/\/shop.rvcare.ca\/fr\/wp-json\/wp\/v2\/product\/38243\/revisions\/157419"}],"wp:featuredmedia":[{"embeddable":true,"href":"https:\/\/shop.rvcare.ca\/fr\/wp-json\/wp\/v2\/media\/28459"}],"wp:attachment":[{"href":"https:\/\/shop.rvcare.ca\/fr\/wp-json\/wp\/v2\/media?parent=38243"}],"wp:term":[{"taxonomy":"product_brand","embeddable":true,"href":"https:\/\/shop.rvcare.ca\/fr\/wp-json\/wp\/v2\/product_brand?post=38243"},{"taxonomy":"product_cat","embeddable":true,"href":"https:\/\/shop.rvcare.ca\/fr\/wp-json\/wp\/v2\/product_cat?post=38243"},{"taxonomy":"product_tag","embeddable":true,"href":"https:\/\/shop.rvcare.ca\/fr\/wp-json\/wp\/v2\/product_tag?post=38243"}],"curies":[{"name":"wp","href":"https:\/\/api.w.org\/{rel}","templated":true}]}}