{"id":38248,"date":"2022-06-22T09:09:23","date_gmt":"2022-06-22T13:09:23","guid":{"rendered":"https:\/\/rvcare.ca\/shop\/husky-receiver-mount-bike-rack-holds-4-bikes\/"},"modified":"2026-03-30T14:23:24","modified_gmt":"2026-03-30T18:23:24","slug":"husky-receiver-mount-bike-rack-holds-4-bikes","status":"publish","type":"product","link":"https:\/\/shop.rvcare.ca\/fr\/produit\/husky-receiver-mount-bike-rack-holds-4-bikes\/","title":{"rendered":"Porte-v\u00e9los Husky \u00e0 montage sur attelage \u2013 Contient 4 v\u00e9los"},"content":{"rendered":"<div class=\"flex max-w-full flex-col flex-grow\">\n<div class=\"min-h-8 text-message flex w-full flex-col items-end gap-2 whitespace-normal break-words text-start [.text-message+&amp;]:mt-5\" dir=\"auto\" data-message-author-role=\"assistant\" data-message-id=\"5efe906b-f5cf-43b6-a926-ce2286cc026c\" data-message-model-slug=\"gpt-4o-mini\">\n<div class=\"flex w-full flex-col gap-1 empty:hidden first:pt-[3px]\">\n<div class=\"markdown prose w-full break-words dark:prose-invert light\">\n<p data-start=\"0\" data-end=\"490\">Transportez jusqu&rsquo;\u00e0 quatre v\u00e9los en toute s\u00e9curit\u00e9 avec le porte-v\u00e9los Husky Towing \u00e0 fixation sur attelage pour 4 v\u00e9los. Con\u00e7u pour s&rsquo;adapter aux r\u00e9cepteurs standard de 2 pouces, ce porte-v\u00e9los robuste en acier est dot\u00e9 d&rsquo;un rev\u00eatement en poudre noire pour une long\u00e9vit\u00e9 accrue. Son design rabattable permet un acc\u00e8s rapide \u00e0 l&rsquo;arri\u00e8re de votre v\u00e9hicule, m\u00eame lorsque les v\u00e9los sont charg\u00e9s. \u00c9quip\u00e9 de cradles en caoutchouc, il garantit que vos v\u00e9los restent prot\u00e9g\u00e9s pendant le transport.<\/p>\n<p data-start=\"492\" data-end=\"526\"><strong data-start=\"492\" data-end=\"526\">Caract\u00e9ristiques principales :<\/strong><\/p>\n<ul data-start=\"528\" data-end=\"1177\">\n<li data-start=\"528\" data-end=\"623\"><strong data-start=\"530\" data-end=\"542\">Capacit\u00e9<\/strong> : Peut contenir jusqu&rsquo;\u00e0 4 v\u00e9los avec une capacit\u00e9 de poids totale de 120 livres.<\/li>\n<li data-start=\"624\" data-end=\"714\"><strong data-start=\"626\" data-end=\"663\">Compatibilit\u00e9 avec les r\u00e9cepteurs<\/strong> : Se fixe sur les r\u00e9cepteurs standard de 2 pouces.<\/li>\n<li data-start=\"715\" data-end=\"840\"><strong data-start=\"717\" data-end=\"741\">Fonction de descente<\/strong> : Permet un acc\u00e8s rapide \u00e0 l&rsquo;arri\u00e8re de la plupart des v\u00e9hicules sans avoir \u00e0 d\u00e9charger les v\u00e9los.<\/li>\n<li data-start=\"841\" data-end=\"956\"><strong data-start=\"843\" data-end=\"864\">Cradles s\u00e9curis\u00e9s<\/strong> : Les cradles en caoutchouc peuvent \u00eatre verrouill\u00e9s pour prot\u00e9ger les v\u00e9los contre le vol.<\/li>\n<li data-start=\"957\" data-end=\"1083\"><strong data-start=\"959\" data-end=\"983\">Construction durable<\/strong> : Conception en acier renforc\u00e9 avec un rev\u00eatement en poudre noire pour une durabilit\u00e9 \u00e0 long terme.<\/li>\n<li data-start=\"1084\" data-end=\"1177\"><strong data-start=\"1086\" data-end=\"1108\">Design non pliable<\/strong> : Offre une structure stable et robuste pour le transport des v\u00e9los.<\/li>\n<\/ul>\n<p data-start=\"1179\" data-end=\"1340\" data-is-last-node=\"\">Am\u00e9liorez vos aventures \u00e0 v\u00e9lo avec le porte-v\u00e9los Husky Towing \u00e0 fixation sur attelage pour 4 v\u00e9los, une solution fiable et pratique pour transporter vos v\u00e9los.<\/p>\n<\/div>\n<\/div>\n<\/div>\n<\/div>\n","protected":false},"excerpt":{"rendered":"<ul>\n<li>Emplacement de montage : Montage sur attelage<\/li>\n<li>Capacit\u00e9 de v\u00e9los : Contient 4 v\u00e9los<\/li>\n<li>Type de maintien : Syst\u00e8me de cradle<\/li>\n<li>Mat\u00e9riau : Acier<\/li>\n<li>Universalit\u00e9 : Enti\u00e8rement universel<\/li>\n<li>Capacit\u00e9 de poids : 120 livres<\/li>\n<li>Pliable : Non pliable<\/li>\n<li>Finition : Rev\u00eatement en poudre<\/li>\n<li>Couleur : Noir<\/li>\n<li>D\u00e9tail de montage : Montage sur attelage de 2 pouces<\/li>\n<\/ul>\n","protected":false},"featured_media":28437,"comment_status":"closed","ping_status":"closed","template":"","meta":{"_glsr_average":0,"_glsr_ranking":0,"_glsr_reviews":0,"keywords_product":"Husky receiver mount bike rack, 4-bike hitch rack, bike rack for 4 bikes, receiver hitch bike rack, Husky bike carrier, tow hitch bike rack, bike rack for cars, 4-bike hitch mount rack, Husky bike rack for vehicles, bike rack for RV, SUV bike rack, car bike carrier, four-bike hitch mount system, receiver mount bike carrier","featured_product":"","product_importance":"","wds_primary_product_brand":0,"wds_primary_product_cat":0,"wds_primary_fb_product_set":0},"product_brand":[1932],"product_cat":[1862,1861],"product_tag":[1205,1586,1677],"class_list":{"0":"post-38248","1":"product","2":"type-product","3":"status-publish","4":"has-post-thumbnail","6":"product_brand-husky-towing","7":"product_cat-hitch-towing-accessories","8":"product_cat-towing-leveling","9":"product_tag-husky-towing","10":"product_tag-top-sellers","11":"product_tag-ts","13":"first","14":"instock","15":"taxable","16":"shipping-taxable","17":"purchasable","18":"product-type-simple"},"bundled_by":[],"bundle_stock_status":"instock","bundle_stock_quantity":759,"bundle_virtual":false,"bundle_layout":"","bundle_add_to_cart_form_location":"","bundle_editable_in_cart":false,"bundle_sold_individually_context":"","bundle_item_grouping":"","bundle_min_size":"","bundle_max_size":"","bundle_price":[],"bundled_items":[],"bundle_sell_ids":[],"_links":{"self":[{"href":"https:\/\/shop.rvcare.ca\/fr\/wp-json\/wp\/v2\/product\/38248","targetHints":{"allow":["GET"]}}],"collection":[{"href":"https:\/\/shop.rvcare.ca\/fr\/wp-json\/wp\/v2\/product"}],"about":[{"href":"https:\/\/shop.rvcare.ca\/fr\/wp-json\/wp\/v2\/types\/product"}],"replies":[{"embeddable":true,"href":"https:\/\/shop.rvcare.ca\/fr\/wp-json\/wp\/v2\/comments?post=38248"}],"version-history":[{"count":1,"href":"https:\/\/shop.rvcare.ca\/fr\/wp-json\/wp\/v2\/product\/38248\/revisions"}],"predecessor-version":[{"id":157422,"href":"https:\/\/shop.rvcare.ca\/fr\/wp-json\/wp\/v2\/product\/38248\/revisions\/157422"}],"wp:featuredmedia":[{"embeddable":true,"href":"https:\/\/shop.rvcare.ca\/fr\/wp-json\/wp\/v2\/media\/28437"}],"wp:attachment":[{"href":"https:\/\/shop.rvcare.ca\/fr\/wp-json\/wp\/v2\/media?parent=38248"}],"wp:term":[{"taxonomy":"product_brand","embeddable":true,"href":"https:\/\/shop.rvcare.ca\/fr\/wp-json\/wp\/v2\/product_brand?post=38248"},{"taxonomy":"product_cat","embeddable":true,"href":"https:\/\/shop.rvcare.ca\/fr\/wp-json\/wp\/v2\/product_cat?post=38248"},{"taxonomy":"product_tag","embeddable":true,"href":"https:\/\/shop.rvcare.ca\/fr\/wp-json\/wp\/v2\/product_tag?post=38248"}],"curies":[{"name":"wp","href":"https:\/\/api.w.org\/{rel}","templated":true}]}}