{"id":38272,"date":"2022-05-02T03:03:02","date_gmt":"2022-05-02T07:03:02","guid":{"rendered":"https:\/\/rvcare.ca\/shop\/mirage-mattress\/"},"modified":"2026-03-30T14:30:29","modified_gmt":"2026-03-30T18:30:29","slug":"reflection-mattress","status":"publish","type":"product","link":"https:\/\/shop.rvcare.ca\/fr\/produit\/reflection-mattress\/","title":{"rendered":"Matelas Le choix du campeur &#8211; Reflection"},"content":{"rendered":"<p><em><span style=\"color: #ff0000;\"><strong>* Veuillez pr\u00e9voir au moins 5 jours ouvrables pour le traitement des commandes de matelas, en plus du d\u00e9lai de livraison standard.<\/strong><\/span><\/em><\/p>\n<h4><strong>REFLECTION<\/strong><\/h4>\n<p>Le matelas Le choix du campeur &#8211; <strong>REFLECTION<\/strong> <strong>apporte tout le confort n\u00e9cessaire que les matelas inclus dans les VR n&rsquo;offrent pas.<\/strong> Ce matelas de 22,86 cm d&rsquo;\u00e9paisseur comporte deux zones de ressorts ensach\u00e9s pour assurer un soutien ad\u00e9quat \u00e0 l&rsquo;ensemble de votre corps. Les avantages : Une nuit de sommeil g\u00e9niale \u00e0 prix raisonnable !<\/p>\n<p>Il offre un confort in\u00e9gal\u00e9 qui vous permettra de dormir au frais et de ne pas ressentir les mouvements de votre partenaire.<\/p>\n<ul>\n<li style=\"list-style-type: none;\">\n<ul>\n<li>713\u00a0ressorts ensach\u00e9s envelopp\u00e9s de tissus<\/li>\n<li>Il fournit un confort et un soutien in\u00e9gal\u00e9s, r\u00e9duisant consid\u00e9rablement les perturbations induites par les mouvemen de votre partenaire.<\/li>\n<li>2,5 cm de mousse bio haute densit\u00e9 surmont\u00e9e d&rsquo;une mousse bio\u00a0SuperSoft de\u00a0<strong>1,9 cm<\/strong>\u00a0surpiqu\u00e9e \u00e0 aiguilles multiples<\/li>\n<li><strong>Niveau de fermet\u00e9 : Moyen \u00e0 ferme<\/strong><\/li>\n<li>Tous les matelas sont roul\u00e9s et emball\u00e9s sous vide pour faciliter le transport et l&rsquo;installation.<\/li>\n<li>Fabriqu\u00e9 au Canada par un manufacturier canadien<\/li>\n<\/ul>\n<\/li>\n<\/ul>\n<p>&nbsp;<\/p>\n<p><strong><span style=\"text-decoration: underline;\">VEUILLEZ NOTER<\/span> :<\/strong><\/p>\n<p>L\u2019achat de matelas en ligne est consid\u00e9r\u00e9 comme une <span style=\"color: #ff0000;\"><strong>VENTE FINALE<\/strong><\/span> et <strong>n\u2019est ni \u00e9changeable ni remboursable<\/strong>.<\/p>\n<p>Notre <strong><a href=\"https:\/\/shop.rvcare.ca\/fr\/garantie-confort-30-nuitees\/\">Garantie confort 30 nuit\u00e9es<\/a><\/strong> s\u2019applique uniquement aux achats de matelas Le choix du campeur <strong>effectu\u00e9s EN MAGASIN<\/strong>.<\/p>\n<p>Trouvez votre concessionnaire RV Care participant le plus proche : <a href=\"https:\/\/rvcare.ca\/fr\/concessionnaires\/\"><strong>https:\/\/rvcare.ca\/fr\/concessionnaires\/<\/strong><\/a><\/p>\n","protected":false},"excerpt":{"rendered":"<p><strong>Vous voulez un lit propre et prot\u00e9g\u00e9 des infiltrations de liquides ? <\/strong><\/p>\n<p>Si vous commandez <a href=\"https:\/\/shop.rvcare.ca\/fr\/boutique\/protege-matelas\/\">le prot\u00e8ge-matelas Le choix du campeur<\/a> avec votre nouveau matelas Le choix du campeur (n&rsquo;importe quel mod\u00e8le), vous recevrez automatiquement les avantages suivants :<\/p>\n<ul>\n<li>Garantie de 5 ans contre les taches accidentelles (aliments m\u00e9nagers, boissons, graisses ou taches biologiques humaines).<\/li>\n<li>Garantie de 5 ans &#8211; Nettoyage ou remplacement &#8211; Si votre prot\u00e8ge-matelas ne fonctionne pas et qu&rsquo;une tache appara\u00eet sur le matelas, Healthguard s&rsquo;engage \u00e0 nettoyer, r\u00e9parer ou remplacer le matelas tach\u00e9.<\/li>\n<\/ul>\n<p><strong>EN PLUS +<\/strong><\/p>\n<div class=\"O1\">\n<ul>\n<li>Une <a href=\"https:\/\/shop.rvcare.ca\/wp-content\/uploads\/30-Nights-Guarantee-FR-v1.pdf\">garantie 30-nuit\u00e9s Le choix du campeur<\/a><\/li>\n<\/ul>\n<\/div>\n<div class=\"O1\"><\/div>\n<div class=\"O1\">Notre r\u00e9seau de concessionnaires de VR peut vendre moins cher et est toujours pr\u00eat \u00e0 offrir des conseils d&rsquo;expert. Consulter <a href=\"https:\/\/shop.rvcare.ca\/our-dealers\/\">notre liste de concessionnaires<\/a> pour trouver le magasin le plus pr\u00e8s de chez vous.<\/div>\n<div class=\"O1\"><\/div>\n","protected":false},"featured_media":72387,"comment_status":"closed","ping_status":"closed","template":"","meta":{"_glsr_average":0,"_glsr_ranking":0,"_glsr_reviews":0,"keywords_product":"","featured_product":"","product_importance":"1","wds_primary_product_brand":0,"wds_primary_product_cat":0,"wds_primary_fb_product_set":0},"product_brand":[2109],"product_cat":[254,1487,1084],"product_tag":[1943,1945,1944],"class_list":{"0":"post-38272","1":"product","2":"type-product","3":"status-publish","4":"has-post-thumbnail","6":"product_brand-rv-travelers-choice-fr","7":"product_cat-literie","8":"product_cat-matelas","9":"product_cat-sommeil","10":"product_tag-rv-travelers-choice-fr","11":"product_tag-matelas-fr","12":"product_tag-meilleurs-vendeurs","14":"first","15":"instock","16":"taxable","17":"shipping-taxable","18":"purchasable","19":"product-type-variable"},"bundled_by":[],"bundle_stock_status":"instock","bundle_stock_quantity":100,"bundle_virtual":false,"bundle_layout":"","bundle_add_to_cart_form_location":"","bundle_editable_in_cart":false,"bundle_sold_individually_context":"","bundle_item_grouping":"","bundle_min_size":"","bundle_max_size":"","bundle_price":[],"bundled_items":[],"bundle_sell_ids":[],"_links":{"self":[{"href":"https:\/\/shop.rvcare.ca\/fr\/wp-json\/wp\/v2\/product\/38272","targetHints":{"allow":["GET"]}}],"collection":[{"href":"https:\/\/shop.rvcare.ca\/fr\/wp-json\/wp\/v2\/product"}],"about":[{"href":"https:\/\/shop.rvcare.ca\/fr\/wp-json\/wp\/v2\/types\/product"}],"replies":[{"embeddable":true,"href":"https:\/\/shop.rvcare.ca\/fr\/wp-json\/wp\/v2\/comments?post=38272"}],"version-history":[{"count":9,"href":"https:\/\/shop.rvcare.ca\/fr\/wp-json\/wp\/v2\/product\/38272\/revisions"}],"predecessor-version":[{"id":153148,"href":"https:\/\/shop.rvcare.ca\/fr\/wp-json\/wp\/v2\/product\/38272\/revisions\/153148"}],"wp:featuredmedia":[{"embeddable":true,"href":"https:\/\/shop.rvcare.ca\/fr\/wp-json\/wp\/v2\/media\/72387"}],"wp:attachment":[{"href":"https:\/\/shop.rvcare.ca\/fr\/wp-json\/wp\/v2\/media?parent=38272"}],"wp:term":[{"taxonomy":"product_brand","embeddable":true,"href":"https:\/\/shop.rvcare.ca\/fr\/wp-json\/wp\/v2\/product_brand?post=38272"},{"taxonomy":"product_cat","embeddable":true,"href":"https:\/\/shop.rvcare.ca\/fr\/wp-json\/wp\/v2\/product_cat?post=38272"},{"taxonomy":"product_tag","embeddable":true,"href":"https:\/\/shop.rvcare.ca\/fr\/wp-json\/wp\/v2\/product_tag?post=38272"}],"curies":[{"name":"wp","href":"https:\/\/api.w.org\/{rel}","templated":true}]}}