{"id":38288,"date":"2022-05-02T03:02:58","date_gmt":"2022-05-02T07:02:58","guid":{"rendered":"https:\/\/rvcare.ca\/shop\/vista-ii-mattress-2\/"},"modified":"2026-03-30T14:23:38","modified_gmt":"2026-03-30T18:23:38","slug":"vista-ii-mattress","status":"publish","type":"product","link":"https:\/\/shop.rvcare.ca\/fr\/produit\/vista-ii-mattress\/","title":{"rendered":"Matelas Le choix du campeur &#8211; Vista III"},"content":{"rendered":"<p><em><span style=\"color: #ff0000;\"><strong>* Veuillez pr\u00e9voir au moins 5 jours ouvrables pour le traitement des commandes de matelas, en plus du d\u00e9lai de livraison standard.<\/strong><\/span><\/em><\/p>\n<h4 style=\"text-align: left;\"><strong><span style=\"color: #000000;\">VISTA III<\/span><\/strong><\/h4>\n<p>Le matelas <span style=\"color: #000000;\"><strong>VISTA III<\/strong><\/span> de la marque Le choix du campeur <strong>est aussi confortable que n&rsquo;importe quel matelas con\u00e7u pour la maison.<\/strong> Il s&rsquo;agit du matelas parfait pour les voyages en VR. Vous serez \u00e9pat\u00e9s par la tr\u00e8s grande qualit\u00e9 de sa fabrication. Nous avons repens\u00e9 notre matelas en fonction des zones du corps humain : de l&rsquo;AquaGel en surface, de la mousse m\u00e9moire ensuite et des ressorts ensach\u00e9s de plus gros calibre au milieu du matelas afin de vous offrir le support et le confort dont votre corps a besoin. Quels sont les avantages ? Une nuit de sommeil hors du commun en camping Vous le m\u00e9ritez !<\/p>\n<p>Le matelas Vista III (profondeur de 27.94 cm) est fabriqu\u00e9 avec des ressorts de plus gros calibre dans le tiers central pour offrir un soutien l\u00e0 o\u00f9 c&rsquo;est n\u00e9cessaire. Cette fa\u00e7on de fabriquer les matelas Le choix du campeur augmente consid\u00e9rablement la durabilit\u00e9 du matelas tout en assurant un niveau de soutien constant pendant toute sa dur\u00e9e de vie. La mousse matelass\u00e9e avec du gel offre une surface de sommeil confortable qui aide \u00e0 maintenir la temp\u00e9rature de votre corps tout au long de la nuit.<\/p>\n<ul>\n<li style=\"list-style-type: none;\">\n<ul>\n<li>820 ressorts ensach\u00e9s dans une enveloppe de tissus<\/li>\n<li>Il fournit un confort et un soutien in\u00e9gal\u00e9s, r\u00e9duisant consid\u00e9rablement les perturbations induites par les mouvemen de votre partenaire.<\/li>\n<li>Coussin en polyfibre de 1,27 cm<\/li>\n<li>2,54 cm de mousse confort bio de haute densit\u00e9<\/li>\n<li>Piqu\u00e9 multi-aiguilles de 1,9 cm et mousse bio SuperSoft avec GEL + 567 g de fibres creuses<\/li>\n<li>Le p\u00e9rim\u00e8tre ext\u00e9rieur est fait de mousse enveloppante \u00e0 360\u00b0 pour vous emp\u00eacher de rouler hors du lit. Cette bordure offre aussi un support ad\u00e9quat si vous vous asseoyez sur le bord du lit. Ces innovations aident \u00e0 prolonger la dur\u00e9e de vie du matelas.<\/li>\n<li>Housse en tricot extensible Euro Top<\/li>\n<li>Niveau de fermet\u00e9 : Moyen \u00e0 peluche<\/li>\n<li>Tous les matelas sont roul\u00e9s et emball\u00e9s sous vide pour faciliter le transport et l&rsquo;installation.<\/li>\n<li>Fabriqu\u00e9 au Canada par un manufacturier canadien<\/li>\n<\/ul>\n<\/li>\n<\/ul>\n<p>&nbsp;<\/p>\n<p><strong><span style=\"text-decoration: underline;\">VEUILLEZ NOTER<\/span> :<\/strong><\/p>\n<p>L\u2019achat de matelas en ligne est consid\u00e9r\u00e9 comme une <span style=\"color: #ff0000;\"><strong>VENTE FINALE<\/strong><\/span> et <strong>n\u2019est ni \u00e9changeable ni remboursable<\/strong>.<\/p>\n<p>Notre <strong><a href=\"https:\/\/shop.rvcare.ca\/fr\/garantie-confort-30-nuitees\/\">Garantie confort 30 nuit\u00e9es<\/a><\/strong> s\u2019applique uniquement aux achats de matelas Le choix du campeur <strong>effectu\u00e9s EN MAGASIN<\/strong>.<\/p>\n<p>Trouvez votre concessionnaire RV Care participant le plus proche : <a href=\"https:\/\/rvcare.ca\/fr\/concessionnaires\/\"><strong>https:\/\/rvcare.ca\/fr\/concessionnaires\/<\/strong><\/a><\/p>\n","protected":false},"excerpt":{"rendered":"<div>\n<ul>\n<li>Tr\u00e8s grand VR (\u00e9troit) 183 x 202 cm (72 x 79,5 po)<\/li>\n<li>Tr\u00e8s grand (court) 193 x 188 cm (76 x 74,5 po)<\/li>\n<li>Tr\u00e8s grand : 193 x 202 cm (76 x 79,5 po)<\/li>\n<li>Grand VR : 152 x 188 cm (60 x 74,5 po)<\/li>\n<li>Grand : 152 x 202 cm (60 x 79,5 po)<\/li>\n<li>Double : 134 x 189 cm (53 x 74,5 po)<\/li>\n<li>Jumeau : 96,5 x 189 cm (38 x 74,5 po)<\/li>\n<\/ul>\n<p>&nbsp;<\/p>\n<\/div>\n<div>\n<p><strong>Vous voulez un matelas propre et prot\u00e9g\u00e9 des infiltrations liquides ?<\/strong> Si vous commandez <a href=\"https:\/\/shop.rvcare.ca\/shop\/mattress-protector\/\">le prot\u00e8ge-matelas Le choix du campeur avec votre nouveau matelas Le choix du campeur (n&rsquo;importe quel mod\u00e8le)<\/a>, vous recevrez automatiquement les avantages suivants :<\/p>\n<ul>\n<li>Garantie de 5 ans contre les taches accidentelles (aliments m\u00e9nagers, boissons, graisses ou taches biologiques humaines).<\/li>\n<li>Garantie de 5 ans &#8211; Nettoyage ou remplacement &#8211; Si votre prot\u00e8ge-matelas ne fonctionne pas et qu&rsquo;une tache appara\u00eet sur le matelas, Healthguard s&rsquo;engage \u00e0 nettoyer, r\u00e9parer ou remplacer le matelas tach\u00e9.<\/li>\n<\/ul>\n<\/div>\n<p><strong>EN PLUS +<\/strong><\/p>\n<div class=\"O1\">\n<ul>\n<li>Une <a href=\"https:\/\/shop.rvcare.ca\/wp-content\/uploads\/30-Nights-Guarantee-FR-v1.pdf\">garantie 30-nuit\u00e9s Le choix du campeur<\/a><\/li>\n<\/ul>\n<\/div>\n<div class=\"O1\"><\/div>\n<div class=\"O1\">Notre r\u00e9seau de concessionnaires de VR peut vendre moins cher et est toujours pr\u00eat \u00e0 offrir des conseils d&rsquo;expert. Consulter <a href=\"https:\/\/rvcare.ca\/fr\/concessionnaires\/\">notre liste de concessionnaires<\/a> pour trouver le magasin le plus pr\u00e8s de chez vous.<\/div>\n<div class=\"O1\"><\/div>\n","protected":false},"featured_media":16396,"comment_status":"closed","ping_status":"closed","template":"","meta":{"_glsr_average":0,"_glsr_ranking":0,"_glsr_reviews":0,"keywords_product":"","featured_product":"","product_importance":"1","wds_primary_product_brand":0,"wds_primary_product_cat":0,"wds_primary_fb_product_set":0},"product_brand":[2040],"product_cat":[186,1486,64],"product_tag":[1943,1945,1944],"class_list":{"0":"post-38288","1":"product","2":"type-product","3":"status-publish","4":"has-post-thumbnail","6":"product_brand-rv-travelers-choice","7":"product_cat-bedding","8":"product_cat-mattress","9":"product_cat-sleep-solutions","10":"product_tag-rv-travelers-choice-fr","11":"product_tag-matelas-fr","12":"product_tag-meilleurs-vendeurs","14":"first","15":"instock","16":"taxable","17":"shipping-taxable","18":"purchasable","19":"product-type-variable"},"bundled_by":[],"bundle_stock_status":"instock","bundle_stock_quantity":97,"bundle_virtual":false,"bundle_layout":"","bundle_add_to_cart_form_location":"","bundle_editable_in_cart":false,"bundle_sold_individually_context":"","bundle_item_grouping":"","bundle_min_size":"","bundle_max_size":"","bundle_price":[],"bundled_items":[],"bundle_sell_ids":[],"_links":{"self":[{"href":"https:\/\/shop.rvcare.ca\/fr\/wp-json\/wp\/v2\/product\/38288","targetHints":{"allow":["GET"]}}],"collection":[{"href":"https:\/\/shop.rvcare.ca\/fr\/wp-json\/wp\/v2\/product"}],"about":[{"href":"https:\/\/shop.rvcare.ca\/fr\/wp-json\/wp\/v2\/types\/product"}],"replies":[{"embeddable":true,"href":"https:\/\/shop.rvcare.ca\/fr\/wp-json\/wp\/v2\/comments?post=38288"}],"version-history":[{"count":12,"href":"https:\/\/shop.rvcare.ca\/fr\/wp-json\/wp\/v2\/product\/38288\/revisions"}],"predecessor-version":[{"id":153144,"href":"https:\/\/shop.rvcare.ca\/fr\/wp-json\/wp\/v2\/product\/38288\/revisions\/153144"}],"wp:featuredmedia":[{"embeddable":true,"href":"https:\/\/shop.rvcare.ca\/fr\/wp-json\/wp\/v2\/media\/16396"}],"wp:attachment":[{"href":"https:\/\/shop.rvcare.ca\/fr\/wp-json\/wp\/v2\/media?parent=38288"}],"wp:term":[{"taxonomy":"product_brand","embeddable":true,"href":"https:\/\/shop.rvcare.ca\/fr\/wp-json\/wp\/v2\/product_brand?post=38288"},{"taxonomy":"product_cat","embeddable":true,"href":"https:\/\/shop.rvcare.ca\/fr\/wp-json\/wp\/v2\/product_cat?post=38288"},{"taxonomy":"product_tag","embeddable":true,"href":"https:\/\/shop.rvcare.ca\/fr\/wp-json\/wp\/v2\/product_tag?post=38288"}],"curies":[{"name":"wp","href":"https:\/\/api.w.org\/{rel}","templated":true}]}}