{"id":38407,"date":"2022-05-12T13:53:19","date_gmt":"2022-05-12T17:53:19","guid":{"rendered":"https:\/\/rvcare.ca\/shop\/faulkner-el-capitan-directors-chair-dark-blue-and-light-green\/"},"modified":"2026-04-09T15:22:46","modified_gmt":"2026-04-09T19:22:46","slug":"faulkner-el-capitan-directors-chair-dark-blue-and-light-green","status":"publish","type":"product","link":"https:\/\/shop.rvcare.ca\/fr\/produit\/faulkner-el-capitan-directors-chair-dark-blue-and-light-green\/","title":{"rendered":"<span style=\"color: red; font-weight: 800\">HOT BUY<\/span> Chaise de camping pliable El Capitan bleue et verte de Faulkner"},"content":{"rendered":"<p>Cette chaise de camping pliante de Faulkner est parfaite pour vos vacances. Pliante et portable, il vous sera ais\u00e9 de la transporter et de l\u2019utiliser o\u00f9 que vous soyez. Cette chaise est facile \u00e0 installer et se replie sur elle-m\u00eame.<\/p>\n<ul>\n<li>Couleurs: Bleu fonc\u00e9 et vert p\u00e2le<\/li>\n<li>Dimensions : largeur de 111 cm, profondeur de 96 cm et hauteur de 55 cm.<\/li>\n<li>Fabriqu\u00e9 avec un cadre en aluminium durable et l\u00e9ger ainsi qu\u2019un polyester r\u00e9sistant aux UV.<\/li>\n<li>Comprend une table lat\u00e9rale pliante avec porte-gobelet int\u00e9gr\u00e9<\/li>\n<li>Glaci\u00e8re int\u00e9gr\u00e9e pouvant contenir jusqu\u2019\u00e0 12 canettes.<\/li>\n<li>Con\u00e7u pour \u00eatre utilis\u00e9 dans n&rsquo;importe quel type d&rsquo;environnement<\/li>\n<\/ul>\n","protected":false},"excerpt":{"rendered":"<ul>\n<li>Type:\u00a0R\u00e9alisateur<\/li>\n<li>Couleurs :\u00a0Bleu fonc\u00e9 et vert p\u00e2le<\/li>\n<li>Poids maximal :\u00a0136 kg (300 lbs)<\/li>\n<li>Largeur:\u00a0 43,7 pouces (111 cm) ouvert \/ 5,9 pouces (15 cm) pli\u00e9e.<\/li>\n<li>Profondeur:\u00a037,8 pouces (96 cm) ouvert \/ 35,4 pouces (90 cm) pli\u00e9e.<\/li>\n<li>Hauteur:\u00a021,7 pouces (55 cm).<\/li>\n<li>Mat\u00e9riau:\u00a0tubes en acier avec tissu en polyester.<\/li>\n<li>Ajustable:\u00a0table lat\u00e9rale pliable.<\/li>\n<li>Type de pattes :\u00a0Normal<\/li>\n<li>Pliable :\u00a0 Oui<\/li>\n<li>\u00a0Sans appui-t\u00eate<\/li>\n<li>Avec porte-gobelet:\u00a0Oui<\/li>\n<\/ul>\n","protected":false},"featured_media":38408,"comment_status":"closed","ping_status":"closed","template":"","meta":{"_glsr_average":0,"_glsr_ranking":0,"_glsr_reviews":0,"keywords_product":"","featured_product":"false","product_importance":"1","wds_primary_product_brand":0,"wds_primary_product_cat":0,"wds_primary_fb_product_set":0},"product_brand":[1949],"product_cat":[1867,1481,1083],"product_tag":[1210,1944,1678],"class_list":{"0":"post-38407","1":"product","2":"type-product","3":"status-publish","4":"has-post-thumbnail","6":"product_brand-faulkner-fr","7":"product_cat-camping-exterieur","8":"product_cat-camping-en-vr","9":"product_cat-meuble-camping","10":"product_tag-faulkner-fr","11":"product_tag-meilleurs-vendeurs","12":"product_tag-ts-fr","14":"first","15":"instock","16":"taxable","17":"shipping-taxable","18":"purchasable","19":"product-type-simple"},"bundled_by":["105284"],"bundle_stock_status":"instock","bundle_stock_quantity":7,"bundle_virtual":false,"bundle_layout":"","bundle_add_to_cart_form_location":"","bundle_editable_in_cart":false,"bundle_sold_individually_context":"","bundle_item_grouping":"","bundle_min_size":"","bundle_max_size":"","bundle_price":[],"bundled_items":[],"bundle_sell_ids":[],"_links":{"self":[{"href":"https:\/\/shop.rvcare.ca\/fr\/wp-json\/wp\/v2\/product\/38407","targetHints":{"allow":["GET"]}}],"collection":[{"href":"https:\/\/shop.rvcare.ca\/fr\/wp-json\/wp\/v2\/product"}],"about":[{"href":"https:\/\/shop.rvcare.ca\/fr\/wp-json\/wp\/v2\/types\/product"}],"replies":[{"embeddable":true,"href":"https:\/\/shop.rvcare.ca\/fr\/wp-json\/wp\/v2\/comments?post=38407"}],"version-history":[{"count":6,"href":"https:\/\/shop.rvcare.ca\/fr\/wp-json\/wp\/v2\/product\/38407\/revisions"}],"predecessor-version":[{"id":158922,"href":"https:\/\/shop.rvcare.ca\/fr\/wp-json\/wp\/v2\/product\/38407\/revisions\/158922"}],"wp:featuredmedia":[{"embeddable":true,"href":"https:\/\/shop.rvcare.ca\/fr\/wp-json\/wp\/v2\/media\/38408"}],"wp:attachment":[{"href":"https:\/\/shop.rvcare.ca\/fr\/wp-json\/wp\/v2\/media?parent=38407"}],"wp:term":[{"taxonomy":"product_brand","embeddable":true,"href":"https:\/\/shop.rvcare.ca\/fr\/wp-json\/wp\/v2\/product_brand?post=38407"},{"taxonomy":"product_cat","embeddable":true,"href":"https:\/\/shop.rvcare.ca\/fr\/wp-json\/wp\/v2\/product_cat?post=38407"},{"taxonomy":"product_tag","embeddable":true,"href":"https:\/\/shop.rvcare.ca\/fr\/wp-json\/wp\/v2\/product_tag?post=38407"}],"curies":[{"name":"wp","href":"https:\/\/api.w.org\/{rel}","templated":true}]}}