{"id":38422,"date":"2022-05-12T13:53:18","date_gmt":"2022-05-12T17:53:18","guid":{"rendered":"https:\/\/rvcare.ca\/shop\/faulkner-multi-purpose-patio-mat-12ft-x-9ft-black-beige-swirl-design\/"},"modified":"2026-04-02T15:29:29","modified_gmt":"2026-04-02T19:29:29","slug":"faulkner-multi-purpose-patio-mat-12ft-x-9ft-black-beige-swirl-design","status":"publish","type":"product","link":"https:\/\/shop.rvcare.ca\/fr\/produit\/faulkner-multi-purpose-patio-mat-12ft-x-9ft-black-beige-swirl-design\/","title":{"rendered":"Tapis de Terrasse Polyvalent Faulkner \u2013 12 pi x 9 pi (Motif Tourbillon Noir\/Beige)"},"content":{"rendered":"<p class=\"\" data-start=\"128\" data-end=\"359\">Ce tapis de terrasse polyvalent Faulkner est facile \u00e0 installer et \u00e0 entretenir. Disponible en plusieurs motifs et dimensions, il s\u2019adapte \u00e0 vos besoins. C\u2019est la solution id\u00e9ale pour ajouter une touche de style, o\u00f9 que vous soyez.<\/p>\n<ul data-start=\"361\" data-end=\"742\">\n<li class=\"\" data-start=\"361\" data-end=\"399\">\n<p class=\"\" data-start=\"363\" data-end=\"399\"><strong data-start=\"363\" data-end=\"375\">Mat\u00e9riau<\/strong> : 100 % polypropyl\u00e8ne<\/p>\n<\/li>\n<li class=\"\" data-start=\"400\" data-end=\"445\">\n<p class=\"\" data-start=\"402\" data-end=\"445\"><strong data-start=\"402\" data-end=\"413\">Couleur<\/strong> : Motif tourbillon noir\/beige<\/p>\n<\/li>\n<li class=\"\" data-start=\"446\" data-end=\"502\">\n<p class=\"\" data-start=\"448\" data-end=\"502\"><strong data-start=\"448\" data-end=\"462\">Dimensions<\/strong> : 12 pieds de long x 9 pieds de large<\/p>\n<\/li>\n<li class=\"\" data-start=\"503\" data-end=\"584\">\n<p class=\"\" data-start=\"505\" data-end=\"584\"><strong data-start=\"505\" data-end=\"525\">Caract\u00e9ristiques<\/strong> : Motifs r\u00e9versibles diff\u00e9rents \u00e0 l\u2019avant et \u00e0 l\u2019arri\u00e8re<\/p>\n<\/li>\n<li class=\"\" data-start=\"585\" data-end=\"656\">\n<p class=\"\" data-start=\"587\" data-end=\"656\"><strong data-start=\"587\" data-end=\"599\">Fixation<\/strong> : Boucles d\u2019ancrage aux 4 coins pour plus de praticit\u00e9<\/p>\n<\/li>\n<li class=\"\" data-start=\"657\" data-end=\"742\">\n<p class=\"\" data-start=\"659\" data-end=\"742\"><strong data-start=\"659\" data-end=\"673\">R\u00e9sistance<\/strong> : Stabilis\u00e9 contre les UV, r\u00e9sistant \u00e0 la moisissure et au mildiou<\/p>\n<\/li>\n<\/ul>\n","protected":false},"excerpt":{"rendered":"<ul>\n<li class=\"\" data-start=\"65\" data-end=\"92\">\n<p class=\"\" data-start=\"67\" data-end=\"92\"><strong data-start=\"67\" data-end=\"79\">Longueur<\/strong> : 12 pieds<\/li>\n<\/li>\n<li class=\"\" data-start=\"93\" data-end=\"118\">\n<p class=\"\" data-start=\"95\" data-end=\"118\"><strong data-start=\"95\" data-end=\"106\">Largeur<\/strong> : 9 pieds<\/li>\n<\/li>\n<li class=\"\" data-start=\"119\" data-end=\"164\">\n<p class=\"\" data-start=\"121\" data-end=\"164\"><strong data-start=\"121\" data-end=\"132\">Couleur<\/strong> : Motif tourbillon noir\/beige<\/li>\n<\/li>\n<li class=\"\" data-start=\"165\" data-end=\"197\">\n<p class=\"\" data-start=\"167\" data-end=\"197\"><strong data-start=\"167\" data-end=\"179\">Mat\u00e9riau<\/strong> : Polypropyl\u00e8ne<\/li>\n<\/li>\n<li class=\"\" data-start=\"198\" data-end=\"222\">\n<p class=\"\" data-start=\"200\" data-end=\"222\"><strong data-start=\"200\" data-end=\"214\">R\u00e9versible<\/strong> : Oui<\/li>\n<\/li>\n<li class=\"\" data-start=\"223\" data-end=\"244\">\n<p class=\"\" data-start=\"225\" data-end=\"244\"><strong data-start=\"225\" data-end=\"236\">\u0152illets<\/strong> : Non<\/li>\n<\/li>\n<li class=\"\" data-start=\"245\" data-end=\"280\">\n<p class=\"\" data-start=\"247\" data-end=\"280\"><strong data-start=\"247\" data-end=\"274\">Sac de rangement inclus<\/strong> : Non<\/li>\n<\/li>\n<\/ul>\n","protected":false},"featured_media":38423,"comment_status":"open","ping_status":"closed","template":"","meta":{"_glsr_average":0,"_glsr_ranking":0,"_glsr_reviews":0,"keywords_product":"faulkner patio mat, outdoor mat, multi purpose mat, polypropylene mat, reversible patio mat, black beige mat, uv resistant mat, mold resistant mat, easy clean mat, camping mat","featured_product":"","product_importance":"1","wds_primary_product_brand":0,"wds_primary_product_cat":0,"wds_primary_fb_product_set":0},"product_brand":[1949],"product_cat":[1867,1087],"product_tag":[1210,1944,1678],"class_list":{"0":"post-38422","1":"product","2":"type-product","3":"status-publish","4":"has-post-thumbnail","6":"product_brand-faulkner-fr","7":"product_cat-camping-exterieur","8":"product_cat-tapis-exterieur","9":"product_tag-faulkner-fr","10":"product_tag-meilleurs-vendeurs","11":"product_tag-ts-fr","13":"first","14":"instock","15":"taxable","16":"shipping-taxable","17":"purchasable","18":"product-type-simple"},"bundled_by":[],"bundle_stock_status":"instock","bundle_stock_quantity":10,"bundle_virtual":false,"bundle_layout":"","bundle_add_to_cart_form_location":"","bundle_editable_in_cart":false,"bundle_sold_individually_context":"","bundle_item_grouping":"","bundle_min_size":"","bundle_max_size":"","bundle_price":[],"bundled_items":[],"bundle_sell_ids":[],"_links":{"self":[{"href":"https:\/\/shop.rvcare.ca\/fr\/wp-json\/wp\/v2\/product\/38422","targetHints":{"allow":["GET"]}}],"collection":[{"href":"https:\/\/shop.rvcare.ca\/fr\/wp-json\/wp\/v2\/product"}],"about":[{"href":"https:\/\/shop.rvcare.ca\/fr\/wp-json\/wp\/v2\/types\/product"}],"replies":[{"embeddable":true,"href":"https:\/\/shop.rvcare.ca\/fr\/wp-json\/wp\/v2\/comments?post=38422"}],"version-history":[{"count":2,"href":"https:\/\/shop.rvcare.ca\/fr\/wp-json\/wp\/v2\/product\/38422\/revisions"}],"predecessor-version":[{"id":158473,"href":"https:\/\/shop.rvcare.ca\/fr\/wp-json\/wp\/v2\/product\/38422\/revisions\/158473"}],"wp:featuredmedia":[{"embeddable":true,"href":"https:\/\/shop.rvcare.ca\/fr\/wp-json\/wp\/v2\/media\/38423"}],"wp:attachment":[{"href":"https:\/\/shop.rvcare.ca\/fr\/wp-json\/wp\/v2\/media?parent=38422"}],"wp:term":[{"taxonomy":"product_brand","embeddable":true,"href":"https:\/\/shop.rvcare.ca\/fr\/wp-json\/wp\/v2\/product_brand?post=38422"},{"taxonomy":"product_cat","embeddable":true,"href":"https:\/\/shop.rvcare.ca\/fr\/wp-json\/wp\/v2\/product_cat?post=38422"},{"taxonomy":"product_tag","embeddable":true,"href":"https:\/\/shop.rvcare.ca\/fr\/wp-json\/wp\/v2\/product_tag?post=38422"}],"curies":[{"name":"wp","href":"https:\/\/api.w.org\/{rel}","templated":true}]}}