{"id":38719,"date":"2022-05-12T13:52:52","date_gmt":"2022-05-12T17:52:52","guid":{"rendered":"https:\/\/rvcare.ca\/shop\/arcon-dome-light-single-led-euro-style-light-white\/"},"modified":"2026-04-02T15:29:30","modified_gmt":"2026-04-02T19:29:30","slug":"arcon-dome-light-single-led-euro-style-light-white","status":"publish","type":"product","link":"https:\/\/shop.rvcare.ca\/fr\/produit\/arcon-dome-light-single-led-euro-style-light-white\/","title":{"rendered":"Plafonnier Arcon \u2013 Lumi\u00e8re Euro-Style LED Unique (blanc)"},"content":{"rendered":"<p>Ce plafonnier LED Arcon est une lampe de style europ\u00e9en disponible en version simple ou double, avec une base blanche ou blanc colonial.<\/p>\n<ul>\n<li>12 Volts<\/li>\n<li>Produit un \u00e9clairage durable et de longue dur\u00e9e avec une \u00e9mission de chaleur minimale.<\/li>\n<li>La lumi\u00e8re LED cr\u00e9e un \u00e9clairage \u00e9conome en \u00e9nergie. <\/li>\n<li>Dimensions : 8 pouces x 4 3\/4 pouces (20,32 cm x 12,07 cm)<\/li>\n<li>Design \u00e9l\u00e9gant et discret <\/li>\n<li>Lentille blanche \u00e0 encliqueter simple<\/li>\n<li>Interrupteur marche\/arr\u00eat facile \u00e0 utiliser<\/li>\n<\/ul>\n","protected":false},"excerpt":{"rendered":"<ul>\n<li>Type : Lumi\u00e8re simple de plafond <\/li>\n<li>Taille : 8 pouces de longueur x 4 3\/4 pouces de largeur (20,32 cm x 12,07 cm) <\/li>\n<li>Couleur de la lentille : Claire <\/li>\n<li>Couleur de l\u2019ampoule : Blanc lumineux <\/li>\n<li>Alimentation : 12 Volts <\/li>\n<li>Quantit\u00e9 : unit\u00e9 <\/li>\n<li>Temps d\u2019installation estim\u00e9 (heures) : 1<\/li>\n<\/ul>\n","protected":false},"featured_media":38720,"comment_status":"closed","ping_status":"closed","template":"","meta":{"_glsr_average":0,"_glsr_ranking":0,"_glsr_reviews":0,"keywords_product":"","featured_product":"","product_importance":"","wds_primary_product_brand":0,"wds_primary_product_cat":0,"wds_primary_fb_product_set":0},"product_brand":[1888],"product_cat":[1042,1381],"product_tag":[1202,1677],"class_list":{"0":"post-38719","1":"product","2":"type-product","3":"status-publish","4":"has-post-thumbnail","6":"product_brand-arcon","7":"product_cat-lighting-accessories","8":"product_cat-electrical","9":"product_tag-arcon","10":"product_tag-ts","12":"first","13":"outofstock","14":"taxable","15":"shipping-taxable","16":"purchasable","17":"product-type-simple"},"bundled_by":[],"bundle_stock_status":"outofstock","bundle_stock_quantity":0,"bundle_virtual":false,"bundle_layout":"","bundle_add_to_cart_form_location":"","bundle_editable_in_cart":false,"bundle_sold_individually_context":"","bundle_item_grouping":"","bundle_min_size":"","bundle_max_size":"","bundle_price":[],"bundled_items":[],"bundle_sell_ids":[],"_links":{"self":[{"href":"https:\/\/shop.rvcare.ca\/fr\/wp-json\/wp\/v2\/product\/38719","targetHints":{"allow":["GET"]}}],"collection":[{"href":"https:\/\/shop.rvcare.ca\/fr\/wp-json\/wp\/v2\/product"}],"about":[{"href":"https:\/\/shop.rvcare.ca\/fr\/wp-json\/wp\/v2\/types\/product"}],"replies":[{"embeddable":true,"href":"https:\/\/shop.rvcare.ca\/fr\/wp-json\/wp\/v2\/comments?post=38719"}],"version-history":[{"count":1,"href":"https:\/\/shop.rvcare.ca\/fr\/wp-json\/wp\/v2\/product\/38719\/revisions"}],"predecessor-version":[{"id":158475,"href":"https:\/\/shop.rvcare.ca\/fr\/wp-json\/wp\/v2\/product\/38719\/revisions\/158475"}],"wp:featuredmedia":[{"embeddable":true,"href":"https:\/\/shop.rvcare.ca\/fr\/wp-json\/wp\/v2\/media\/38720"}],"wp:attachment":[{"href":"https:\/\/shop.rvcare.ca\/fr\/wp-json\/wp\/v2\/media?parent=38719"}],"wp:term":[{"taxonomy":"product_brand","embeddable":true,"href":"https:\/\/shop.rvcare.ca\/fr\/wp-json\/wp\/v2\/product_brand?post=38719"},{"taxonomy":"product_cat","embeddable":true,"href":"https:\/\/shop.rvcare.ca\/fr\/wp-json\/wp\/v2\/product_cat?post=38719"},{"taxonomy":"product_tag","embeddable":true,"href":"https:\/\/shop.rvcare.ca\/fr\/wp-json\/wp\/v2\/product_tag?post=38719"}],"curies":[{"name":"wp","href":"https:\/\/api.w.org\/{rel}","templated":true}]}}