{"id":38775,"date":"2022-05-12T13:52:48","date_gmt":"2022-05-12T17:52:48","guid":{"rendered":"https:\/\/rvcare.ca\/shop\/arcon-incandescent-instrument-panel-light-bulb-12-volt-set-of-2\/"},"modified":"2026-04-02T15:29:30","modified_gmt":"2026-04-02T19:29:30","slug":"arcon-incandescent-instrument-panel-light-bulb-12-volt-set-of-2","status":"publish","type":"product","link":"https:\/\/shop.rvcare.ca\/fr\/produit\/arcon-incandescent-instrument-panel-light-bulb-12-volt-set-of-2\/","title":{"rendered":"Ampoule de tableau de bord incandescente Arcon \u2013 12 volts (ensemble de 2)"},"content":{"rendered":"<p>Cette ampoule de tableau de bord incandescente Arcon est claire et vendue par paires.<\/p>\n<ul>\n<li>12 volts \/ 3,2 watts<\/li>\n<li>Consomme moins d\u2019\u00e9nergie, ce qui r\u00e9duit la d\u00e9charge de la batterie.<\/li>\n<li>Dure jusqu\u2019\u00e0 25 fois plus longtemps que les autres ampoules incandescentes (selon la plupart des estimations<\/li>\n<li>Fonctionne bien dans des temp\u00e9ratures extr\u00eames et n\u2019est pas affect\u00e9 par les fluctuations de tension<\/li>\n<\/ul>\n","protected":false},"excerpt":{"rendered":"<ul>\n<li><strong>Type<\/strong>:Incandescent<\/li>\n<li><strong>Couleur<\/strong>:Claire<\/li>\n<li><strong>Puissance<\/strong> : 3.2 Watts<\/li>\n<li><strong>Tension Nominale<\/strong>:12 Volts<\/li>\n<li><strong>Quantit\u00e9<\/strong>:Ensemble de 2<\/li>\n<li><strong>Num\u00e9ro industriel<\/strong>:1895<\/li>\n<\/ul>\n","protected":false},"featured_media":38774,"comment_status":"open","ping_status":"closed","template":"","meta":{"_glsr_average":0,"_glsr_ranking":0,"_glsr_reviews":0,"keywords_product":"","featured_product":"","product_importance":"","wds_primary_product_brand":0,"wds_primary_product_cat":0,"wds_primary_fb_product_set":0},"product_brand":[1888],"product_cat":[1105],"product_tag":[1212,1678],"class_list":{"0":"post-38775","1":"product","2":"type-product","3":"status-publish","4":"has-post-thumbnail","6":"product_brand-arcon","7":"product_cat-eclairage-accessoires","8":"product_tag-arcon-fr","9":"product_tag-ts-fr","11":"first","12":"instock","13":"taxable","14":"shipping-taxable","15":"purchasable","16":"product-type-simple"},"bundled_by":[],"bundle_stock_status":"instock","bundle_stock_quantity":105,"bundle_virtual":false,"bundle_layout":"","bundle_add_to_cart_form_location":"","bundle_editable_in_cart":false,"bundle_sold_individually_context":"","bundle_item_grouping":"","bundle_min_size":"","bundle_max_size":"","bundle_price":[],"bundled_items":[],"bundle_sell_ids":[],"_links":{"self":[{"href":"https:\/\/shop.rvcare.ca\/fr\/wp-json\/wp\/v2\/product\/38775","targetHints":{"allow":["GET"]}}],"collection":[{"href":"https:\/\/shop.rvcare.ca\/fr\/wp-json\/wp\/v2\/product"}],"about":[{"href":"https:\/\/shop.rvcare.ca\/fr\/wp-json\/wp\/v2\/types\/product"}],"replies":[{"embeddable":true,"href":"https:\/\/shop.rvcare.ca\/fr\/wp-json\/wp\/v2\/comments?post=38775"}],"version-history":[{"count":1,"href":"https:\/\/shop.rvcare.ca\/fr\/wp-json\/wp\/v2\/product\/38775\/revisions"}],"predecessor-version":[{"id":158477,"href":"https:\/\/shop.rvcare.ca\/fr\/wp-json\/wp\/v2\/product\/38775\/revisions\/158477"}],"wp:featuredmedia":[{"embeddable":true,"href":"https:\/\/shop.rvcare.ca\/fr\/wp-json\/wp\/v2\/media\/38774"}],"wp:attachment":[{"href":"https:\/\/shop.rvcare.ca\/fr\/wp-json\/wp\/v2\/media?parent=38775"}],"wp:term":[{"taxonomy":"product_brand","embeddable":true,"href":"https:\/\/shop.rvcare.ca\/fr\/wp-json\/wp\/v2\/product_brand?post=38775"},{"taxonomy":"product_cat","embeddable":true,"href":"https:\/\/shop.rvcare.ca\/fr\/wp-json\/wp\/v2\/product_cat?post=38775"},{"taxonomy":"product_tag","embeddable":true,"href":"https:\/\/shop.rvcare.ca\/fr\/wp-json\/wp\/v2\/product_tag?post=38775"}],"curies":[{"name":"wp","href":"https:\/\/api.w.org\/{rel}","templated":true}]}}