{"id":38868,"date":"2022-05-12T10:35:58","date_gmt":"2022-05-12T14:35:58","guid":{"rendered":"https:\/\/rvcare.ca\/shop\/arcon-premium-series-extension-cord-with-handle-25-feet-30a\/"},"modified":"2026-04-02T15:29:33","modified_gmt":"2026-04-02T19:29:33","slug":"arcon-premium-series-extension-cord-with-handle-25-feet-30a","status":"publish","type":"product","link":"https:\/\/shop.rvcare.ca\/fr\/produit\/arcon-premium-series-extension-cord-with-handle-25-feet-30a\/","title":{"rendered":"Rallonge \u00e9lectrique Arcon s\u00e9rie Premium avec poign\u00e9e \u2013 25 pieds (30 A)"},"content":{"rendered":"<p class=\"p1\">Cette rallonge de la s\u00e9rie Premium d\u2019Arcon fonctionne sur 30 amp\u00e8res et est munie d\u2019une poign\u00e9e int\u00e9gr\u00e9e pour un d\u00e9branchement plus facile et un rangement plus pratique.<\/p>\n<p class=\"p1\"><b>Caract\u00e9ristiques :<\/b><b><\/b><\/p>\n<ul>\n<li class=\"p2\">Rallonge de 7,62 m (25 pi) avec poign\u00e9e de transport (fiche m\u00e2le 30 A \u00d7 prise femelle 30 A)<\/li>\n<li class=\"p2\">Couleur jaune vif pour une meilleure visibilit\u00e9<\/li>\n<li class=\"p2\">Poign\u00e9e repliable facile \u00e0 saisir pour un rangement simplifi\u00e9<\/li>\n<li class=\"p2\">Fiches moul\u00e9es en PVC durable avec contacts en laiton massif<\/li>\n<li class=\"p2\">Type de fiche : m\u00e2le 3 broches<\/li>\n<li class=\"p2\">Homologation \u00e9lectrique : cULus<\/li>\n<\/ul>\n","protected":false},"excerpt":{"rendered":"<ul>\n<li class=\"p1\"><b>Type de fiche (m\u00e2le)<\/b><span class=\"s1\"> : Fiche 3 broches<\/span><\/li>\n<li class=\"p1\"><b>Type de prise (femelle)<\/b><span class=\"s1\"> : Prise standard<\/span><\/li>\n<li class=\"p1\"><b>Intensit\u00e9 (fiche m\u00e2le)<\/b><span class=\"s1\"> : 30 amp\u00e8res<\/span><\/li>\n<li class=\"p1\"><b>Intensit\u00e9 (prise femelle)<\/b><span class=\"s1\"> : 30 amp\u00e8res<\/span><\/li>\n<li class=\"p1\"><span class=\"s2\"><b>Calibre de fil<\/b><\/span> : 10 AWG \/ 3 conducteurs<\/li>\n<li class=\"p1\"><span class=\"s2\"><b>Longueur<\/b><\/span> : 7,62 m \u00a0(25 pi)<\/li>\n<li class=\"p1\"><b>Couleur de la gaine<\/b><span class=\"s1\"> : Jaune<\/span><\/li>\n<li class=\"p1\"><b>Mat\u00e9riau de la gaine<\/b><span class=\"s1\"> : PVC<\/span><\/li>\n<li class=\"p1\"><b>Homologation \u00e9lectrique<\/b><span class=\"s1\"> : cULus<\/span><\/li>\n<li class=\"p1\"><b>Sangle de transport<\/b><span class=\"s1\"> : Non incluse<\/span><\/li>\n<\/ul>\n","protected":false},"featured_media":33549,"comment_status":"closed","ping_status":"closed","template":"","meta":{"_glsr_average":0,"_glsr_ranking":0,"_glsr_reviews":0,"keywords_product":"arcon extension cord, 25 feet power cord, 30a extension cord, rv power cord, premium extension cord, extension cord with handle","featured_product":"","product_importance":"1","wds_primary_product_brand":0,"wds_primary_product_cat":0,"wds_primary_fb_product_set":0},"product_brand":[1920],"product_cat":[1873,1382,1079],"product_tag":[1212,1678],"class_list":{"0":"post-38868","1":"product","2":"type-product","3":"status-publish","4":"has-post-thumbnail","6":"product_brand-arcon-fr","7":"product_cat-cables-adaptateurs","8":"product_cat-produits-electriques","9":"product_cat-rallonges-adapteurs","10":"product_tag-arcon-fr","11":"product_tag-ts-fr","13":"first","14":"instock","15":"taxable","16":"shipping-taxable","17":"purchasable","18":"product-type-simple"},"bundled_by":[],"bundle_stock_status":"instock","bundle_stock_quantity":208,"bundle_virtual":false,"bundle_layout":"","bundle_add_to_cart_form_location":"","bundle_editable_in_cart":false,"bundle_sold_individually_context":"","bundle_item_grouping":"","bundle_min_size":"","bundle_max_size":"","bundle_price":[],"bundled_items":[],"bundle_sell_ids":[],"_links":{"self":[{"href":"https:\/\/shop.rvcare.ca\/fr\/wp-json\/wp\/v2\/product\/38868","targetHints":{"allow":["GET"]}}],"collection":[{"href":"https:\/\/shop.rvcare.ca\/fr\/wp-json\/wp\/v2\/product"}],"about":[{"href":"https:\/\/shop.rvcare.ca\/fr\/wp-json\/wp\/v2\/types\/product"}],"replies":[{"embeddable":true,"href":"https:\/\/shop.rvcare.ca\/fr\/wp-json\/wp\/v2\/comments?post=38868"}],"version-history":[{"count":1,"href":"https:\/\/shop.rvcare.ca\/fr\/wp-json\/wp\/v2\/product\/38868\/revisions"}],"predecessor-version":[{"id":157444,"href":"https:\/\/shop.rvcare.ca\/fr\/wp-json\/wp\/v2\/product\/38868\/revisions\/157444"}],"wp:featuredmedia":[{"embeddable":true,"href":"https:\/\/shop.rvcare.ca\/fr\/wp-json\/wp\/v2\/media\/33549"}],"wp:attachment":[{"href":"https:\/\/shop.rvcare.ca\/fr\/wp-json\/wp\/v2\/media?parent=38868"}],"wp:term":[{"taxonomy":"product_brand","embeddable":true,"href":"https:\/\/shop.rvcare.ca\/fr\/wp-json\/wp\/v2\/product_brand?post=38868"},{"taxonomy":"product_cat","embeddable":true,"href":"https:\/\/shop.rvcare.ca\/fr\/wp-json\/wp\/v2\/product_cat?post=38868"},{"taxonomy":"product_tag","embeddable":true,"href":"https:\/\/shop.rvcare.ca\/fr\/wp-json\/wp\/v2\/product_tag?post=38868"}],"curies":[{"name":"wp","href":"https:\/\/api.w.org\/{rel}","templated":true}]}}