{"id":38885,"date":"2022-05-12T10:35:55","date_gmt":"2022-05-12T14:35:55","guid":{"rendered":"https:\/\/rvcare.ca\/shop\/2-ply-nature-pure-rv-toilet-tissue-4-roll-pack-sold-in-cases-of-24\/"},"modified":"2026-03-30T14:24:18","modified_gmt":"2026-03-30T18:24:18","slug":"2-ply-nature-pure-rv-toilet-tissue-4-roll-pack-sold-in-cases-of-24","status":"publish","type":"product","link":"https:\/\/shop.rvcare.ca\/fr\/produit\/2-ply-nature-pure-rv-toilet-tissue-4-roll-pack-sold-in-cases-of-24\/","title":{"rendered":"Papier de toilette pour VR Nature Pure &#8211; bo\u00eete de 24 paquets"},"content":{"rendered":"<p>Le papier hygi\u00e9nique Nature Pure 2 \u00e9paisseurs convient aux toilettes portatives et permanentes. Il se dissout rapidement et se rince facilement dans tous les types de toilettes pour VR ou marines.<\/p>\n<ul>\n<li>Vendu en bo\u00eete de 24 paquets de 4 rouleaux, soit un total de 96 rouleaux<\/li>\n<li>2 \u00e9paisseurs<\/li>\n<li>280 feuilles par rouleau<\/li>\n<li>Doux, solide et absorbant<\/li>\n<li>Non parfum\u00e9<\/li>\n<li>Biod\u00e9gradable, il se dissout rapidement et se rince facilement dans tous les types de toilettes pour VR ou marines<\/li>\n<li>S\u00e9curitaire pour les syst\u00e8mes septiques des toilettes portatives et permanentes<\/li>\n<li>Fabriqu\u00e9 avec des fibres recycl\u00e9es<\/li>\n<\/ul>\n","protected":false},"excerpt":{"rendered":"<ul>\n<li>\u00c9paisseurs : 2<\/li>\n<li>Nombre de feuilles : 280 feuilles par rouleau<\/li>\n<li>Quantit\u00e9 : 24 paquets de 4 rouleaux, pour un total de 96 rouleaux<\/li>\n<li>Vendu en bo\u00eetes de 24 paquets de 4 rouleaux.<\/li>\n<\/ul>\n","protected":false},"featured_media":29034,"comment_status":"closed","ping_status":"closed","template":"","meta":{"_glsr_average":0,"_glsr_ranking":0,"_glsr_reviews":0,"keywords_product":"","featured_product":"","product_importance":"1","wds_primary_product_brand":0,"wds_primary_product_cat":0,"wds_primary_fb_product_set":0},"product_brand":[],"product_cat":[271,241,1569],"product_tag":[],"class_list":{"0":"post-38885","1":"product","2":"type-product","3":"status-publish","4":"has-post-thumbnail","6":"product_cat-assainissement-dechets","7":"product_cat-entretien-nettoyage","8":"product_cat-pieces-et-accessoires-pour-toilettes-de-vr","10":"first","11":"instock","12":"taxable","13":"shipping-taxable","14":"purchasable","15":"product-type-simple"},"bundled_by":[],"bundle_stock_status":"instock","bundle_stock_quantity":100,"bundle_virtual":false,"bundle_layout":"","bundle_add_to_cart_form_location":"","bundle_editable_in_cart":false,"bundle_sold_individually_context":"","bundle_item_grouping":"","bundle_min_size":"","bundle_max_size":"","bundle_price":[],"bundled_items":[],"bundle_sell_ids":[],"_links":{"self":[{"href":"https:\/\/shop.rvcare.ca\/fr\/wp-json\/wp\/v2\/product\/38885","targetHints":{"allow":["GET"]}}],"collection":[{"href":"https:\/\/shop.rvcare.ca\/fr\/wp-json\/wp\/v2\/product"}],"about":[{"href":"https:\/\/shop.rvcare.ca\/fr\/wp-json\/wp\/v2\/types\/product"}],"replies":[{"embeddable":true,"href":"https:\/\/shop.rvcare.ca\/fr\/wp-json\/wp\/v2\/comments?post=38885"}],"version-history":[{"count":1,"href":"https:\/\/shop.rvcare.ca\/fr\/wp-json\/wp\/v2\/product\/38885\/revisions"}],"predecessor-version":[{"id":157445,"href":"https:\/\/shop.rvcare.ca\/fr\/wp-json\/wp\/v2\/product\/38885\/revisions\/157445"}],"wp:featuredmedia":[{"embeddable":true,"href":"https:\/\/shop.rvcare.ca\/fr\/wp-json\/wp\/v2\/media\/29034"}],"wp:attachment":[{"href":"https:\/\/shop.rvcare.ca\/fr\/wp-json\/wp\/v2\/media?parent=38885"}],"wp:term":[{"taxonomy":"product_brand","embeddable":true,"href":"https:\/\/shop.rvcare.ca\/fr\/wp-json\/wp\/v2\/product_brand?post=38885"},{"taxonomy":"product_cat","embeddable":true,"href":"https:\/\/shop.rvcare.ca\/fr\/wp-json\/wp\/v2\/product_cat?post=38885"},{"taxonomy":"product_tag","embeddable":true,"href":"https:\/\/shop.rvcare.ca\/fr\/wp-json\/wp\/v2\/product_tag?post=38885"}],"curies":[{"name":"wp","href":"https:\/\/api.w.org\/{rel}","templated":true}]}}