{"id":38912,"date":"2022-05-12T10:35:53","date_gmt":"2022-05-12T14:35:53","guid":{"rendered":"https:\/\/rvcare.ca\/shop\/aqua-pro-fresh-water-pump-5-5-gpm-12-volt\/"},"modified":"2026-04-02T15:29:33","modified_gmt":"2026-04-02T19:29:33","slug":"aqua-pro-fresh-water-pump-5-5-gpm-12-volt","status":"publish","type":"product","link":"https:\/\/shop.rvcare.ca\/fr\/produit\/aqua-pro-fresh-water-pump-5-5-gpm-12-volt\/","title":{"rendered":"Pompe \u00e0 eau Aqua Pro \u2013 5,5 GPM (12 volts)"},"content":{"rendered":"<p>La pompe \u00e0 eau universelle Aqua Pro de 5,5 gallons par minute a un interrupteur de pression fixe \u00ab \u00e0 la demande \u00bb qui g\u00e8re automatiquement le d\u00e9bit d\u2019eau pour alimenter plusieurs appareils. Son format compact est id\u00e9al pour les espaces restreints. Elle est livr\u00e9e avec des raccords filet\u00e9s m\u00e2les NPS de 1\/2 pouce, permettant une adaptation facile \u00e0 divers types d\u2019entr\u00e9es pour s\u2019adapter \u00e0 toutes les applications.<\/p>\n<ul>\n<li>\n<p>D\u00e9bit de 5,5 gallons par minute<\/p>\n<\/li>\n<li>\n<p>Auto-amor\u00e7ante<\/p>\n<\/li>\n<li>\n<p>Protection contre le fonctionnement \u00e0 sec<\/p>\n<\/li>\n<li>\n<p>Compatible avec l\u2019antigel non toxique au propyl\u00e8ne glycol pour VR<\/p>\n<\/li>\n<li>\n<p>Fonctionnement sur demande<\/p>\n<\/li>\n<li>\n<p>Technologie de d\u00e9bit variable<\/p>\n<\/li>\n<li>\n<p>Clapet anti-retour int\u00e9gr\u00e9 \u2013 emp\u00eache le reflux et permet la connexion \u00e0 l\u2019eau de la ville<\/p>\n<\/li>\n<li>\n<p>Consommation de courant : 8 \u00e0 15 amp\u00e8res<\/p>\n<\/li>\n<li>\n<p>Certifi\u00e9e CE, RoHs, FDA, IAPMO pour les \u00c9tats-Unis et le Canada<\/p>\n<\/li>\n<li>\n<p>\u00c9quip\u00e9e d\u2019un filtre 50 mesh et d\u2019un adaptateur de raccordement<\/p>\n<\/li>\n<li>\n<p>Base de montage en caoutchouc<\/p>\n<\/li>\n<\/ul>\n<p>Une pompe \u00e0 eau auto-amor\u00e7ante qui offre un d\u00e9bit de 5,5 GPM \u00e0 12 volts pour une pression d\u2019eau constante et fiable. Commandez la v\u00f4tre d\u00e8s aujourd\u2019hui !<\/p>\n","protected":false},"excerpt":{"rendered":"<ul>\n<li><strong>Type :<\/strong> Auto-amor\u00e7ante<\/li>\n<li><strong>Tension :<\/strong> 12 volts CC<\/li>\n<li><strong>D\u00e9bit :<\/strong> 5,5 gallons par minute<\/li>\n<li><strong>Pression (PSI) :<\/strong> 60 livres par pouce carr\u00e9<\/li>\n<li><strong>Type de raccord d\u2019entr\u00e9e :<\/strong>\n<li>Filet\u00e9 m\u00e2le 1\/2 pouce<\/li>\n<li><strong>Type de raccord de sortie :<\/strong> Filet\u00e9 m\u00e2le 1\/2 pouce<\/li>\n<li><strong>Longueur (po) :<\/strong> 8-1\/2 pouces<\/li>\n<li><strong>Largeur (po) :<\/strong> 5-3\/4 pouces<\/li>\n<li><strong>Hauteur (po) :<\/strong> 5-3\/16 pouces<\/li>\n<li><strong>Protection contre la surcharge thermique :<\/strong> Oui<\/li>\n<\/ul>\n","protected":false},"featured_media":38913,"comment_status":"closed","ping_status":"closed","template":"","meta":{"_glsr_average":0,"_glsr_ranking":0,"_glsr_reviews":0,"keywords_product":"aqua pro water pump, 5.5 gpm pump, 12 volt water pump, self-priming water pump, on demand water pump, pompe \u00e0 eau Aqua Pro, pompe 5,5 GPM, pompe \u00e0 eau 12 volts, pompe \u00e0 eau auto-amor\u00e7ante, pompe \u00e0 eau \u00e0 la demande, pompe","featured_product":"","product_importance":"1","wds_primary_product_brand":0,"wds_primary_product_cat":0,"wds_primary_fb_product_set":0},"product_brand":[2068],"product_cat":[268,1660],"product_tag":[1214,2133,1678],"class_list":{"0":"post-38912","1":"product","2":"type-product","3":"status-publish","4":"has-post-thumbnail","6":"product_brand-aqua-pro-fr","7":"product_cat-plomberie","8":"product_cat-pompes-a-eau-accessoires","9":"product_tag-aqua-pro-fr","10":"product_tag-promo-fr","11":"product_tag-ts-fr","13":"first","14":"instock","15":"taxable","16":"shipping-taxable","17":"purchasable","18":"product-type-simple"},"bundled_by":[],"bundle_stock_status":"instock","bundle_stock_quantity":193,"bundle_virtual":false,"bundle_layout":"","bundle_add_to_cart_form_location":"","bundle_editable_in_cart":false,"bundle_sold_individually_context":"","bundle_item_grouping":"","bundle_min_size":"","bundle_max_size":"","bundle_price":[],"bundled_items":[],"bundle_sell_ids":[],"_links":{"self":[{"href":"https:\/\/shop.rvcare.ca\/fr\/wp-json\/wp\/v2\/product\/38912","targetHints":{"allow":["GET"]}}],"collection":[{"href":"https:\/\/shop.rvcare.ca\/fr\/wp-json\/wp\/v2\/product"}],"about":[{"href":"https:\/\/shop.rvcare.ca\/fr\/wp-json\/wp\/v2\/types\/product"}],"replies":[{"embeddable":true,"href":"https:\/\/shop.rvcare.ca\/fr\/wp-json\/wp\/v2\/comments?post=38912"}],"version-history":[{"count":2,"href":"https:\/\/shop.rvcare.ca\/fr\/wp-json\/wp\/v2\/product\/38912\/revisions"}],"predecessor-version":[{"id":158478,"href":"https:\/\/shop.rvcare.ca\/fr\/wp-json\/wp\/v2\/product\/38912\/revisions\/158478"}],"wp:featuredmedia":[{"embeddable":true,"href":"https:\/\/shop.rvcare.ca\/fr\/wp-json\/wp\/v2\/media\/38913"}],"wp:attachment":[{"href":"https:\/\/shop.rvcare.ca\/fr\/wp-json\/wp\/v2\/media?parent=38912"}],"wp:term":[{"taxonomy":"product_brand","embeddable":true,"href":"https:\/\/shop.rvcare.ca\/fr\/wp-json\/wp\/v2\/product_brand?post=38912"},{"taxonomy":"product_cat","embeddable":true,"href":"https:\/\/shop.rvcare.ca\/fr\/wp-json\/wp\/v2\/product_cat?post=38912"},{"taxonomy":"product_tag","embeddable":true,"href":"https:\/\/shop.rvcare.ca\/fr\/wp-json\/wp\/v2\/product_tag?post=38912"}],"curies":[{"name":"wp","href":"https:\/\/api.w.org\/{rel}","templated":true}]}}