{"id":38966,"date":"2022-05-12T10:35:49","date_gmt":"2022-05-12T14:35:49","guid":{"rendered":"https:\/\/rvcare.ca\/shop\/faullkner-patio-mat-summer-waves-design-black-8-x-16\/"},"modified":"2026-04-02T15:29:34","modified_gmt":"2026-04-02T19:29:34","slug":"faullkner-patio-mat-summer-waves-design-black-8-x-16","status":"publish","type":"product","link":"https:\/\/shop.rvcare.ca\/fr\/produit\/faullkner-patio-mat-summer-waves-design-black-8-x-16\/","title":{"rendered":"Tapis ext\u00e9rieur Faulkner \u2013 \u00c9clats monochromme, noir (8 x 16 pi)"},"content":{"rendered":"<p>Ce tapis Faulkner est r\u00e9versible et con\u00e7u avec un mat\u00e9riau r\u00e9sistant aux rayons UV, \u00e0 la moisissure et \u00e0 l&rsquo;humidit\u00e9. Il est facile \u00e0 nettoyer et \u00e0 entretenir.<\/p>\n<ul>\n<li>Design : \u00c9clats monochromme<\/li>\n<li>R\u00e9sistant aux UV, \u00e0 la moisissure et \u00e0 l&rsquo;humidit\u00e9.<\/li>\n<li>Mod\u00e8le r\u00e9versible fabriqu\u00e9 en polypropyl\u00e8ne l\u00e9ger (100 %)<\/li>\n<li>Le mat\u00e9riau tiss\u00e9 est facile \u00e0 nettoyer et \u00e0 entretenir<\/li>\n<li>Id\u00e9al pour les patios, les terrasses, les VR, les caravanes, les motoris\u00e9s, le camping, etc.<\/li>\n<li>Les ancrages d&rsquo;angle int\u00e9gr\u00e9s facilitent l&rsquo;ancrage au sol.<\/li>\n<li>Dimensions: 16 x 8 pi<\/li>\n<\/ul>\n","protected":false},"excerpt":{"rendered":"<ul>\n<li>Longueur : 16 pi<\/li>\n<li>Largeur : 8 pi<\/li>\n<li>Couleur : noire<\/li>\n<li>Mat\u00e9riaux : Polypropyl\u00e8ne<\/li>\n<li>R\u00e9versible: oui<\/li>\n<li>Sans \u0153illet<\/li>\n<li>Sans sac de rangement<\/li>\n<\/ul>\n","protected":false},"featured_media":38967,"comment_status":"closed","ping_status":"closed","template":"","meta":{"_glsr_average":0,"_glsr_ranking":0,"_glsr_reviews":0,"keywords_product":"","featured_product":"","product_importance":"","wds_primary_product_brand":0,"wds_primary_product_cat":0,"wds_primary_fb_product_set":0},"product_brand":[1949],"product_cat":[1867,1481,1087],"product_tag":[1210,1944,1678],"class_list":{"0":"post-38966","1":"product","2":"type-product","3":"status-publish","4":"has-post-thumbnail","6":"product_brand-faulkner-fr","7":"product_cat-camping-exterieur","8":"product_cat-camping-en-vr","9":"product_cat-tapis-exterieur","10":"product_tag-faulkner-fr","11":"product_tag-meilleurs-vendeurs","12":"product_tag-ts-fr","14":"first","15":"instock","16":"taxable","17":"shipping-taxable","18":"purchasable","19":"product-type-simple"},"bundled_by":[],"bundle_stock_status":"instock","bundle_stock_quantity":240,"bundle_virtual":false,"bundle_layout":"","bundle_add_to_cart_form_location":"","bundle_editable_in_cart":false,"bundle_sold_individually_context":"","bundle_item_grouping":"","bundle_min_size":"","bundle_max_size":"","bundle_price":[],"bundled_items":[],"bundle_sell_ids":[],"_links":{"self":[{"href":"https:\/\/shop.rvcare.ca\/fr\/wp-json\/wp\/v2\/product\/38966","targetHints":{"allow":["GET"]}}],"collection":[{"href":"https:\/\/shop.rvcare.ca\/fr\/wp-json\/wp\/v2\/product"}],"about":[{"href":"https:\/\/shop.rvcare.ca\/fr\/wp-json\/wp\/v2\/types\/product"}],"replies":[{"embeddable":true,"href":"https:\/\/shop.rvcare.ca\/fr\/wp-json\/wp\/v2\/comments?post=38966"}],"version-history":[{"count":2,"href":"https:\/\/shop.rvcare.ca\/fr\/wp-json\/wp\/v2\/product\/38966\/revisions"}],"predecessor-version":[{"id":158480,"href":"https:\/\/shop.rvcare.ca\/fr\/wp-json\/wp\/v2\/product\/38966\/revisions\/158480"}],"wp:featuredmedia":[{"embeddable":true,"href":"https:\/\/shop.rvcare.ca\/fr\/wp-json\/wp\/v2\/media\/38967"}],"wp:attachment":[{"href":"https:\/\/shop.rvcare.ca\/fr\/wp-json\/wp\/v2\/media?parent=38966"}],"wp:term":[{"taxonomy":"product_brand","embeddable":true,"href":"https:\/\/shop.rvcare.ca\/fr\/wp-json\/wp\/v2\/product_brand?post=38966"},{"taxonomy":"product_cat","embeddable":true,"href":"https:\/\/shop.rvcare.ca\/fr\/wp-json\/wp\/v2\/product_cat?post=38966"},{"taxonomy":"product_tag","embeddable":true,"href":"https:\/\/shop.rvcare.ca\/fr\/wp-json\/wp\/v2\/product_tag?post=38966"}],"curies":[{"name":"wp","href":"https:\/\/api.w.org\/{rel}","templated":true}]}}