{"id":38979,"date":"2022-05-12T10:35:48","date_gmt":"2022-05-12T14:35:48","guid":{"rendered":"https:\/\/rvcare.ca\/shop\/faulkner-trash-can-green\/"},"modified":"2026-04-09T15:22:52","modified_gmt":"2026-04-09T19:22:52","slug":"faulkner-trash-can-green","status":"publish","type":"product","link":"https:\/\/shop.rvcare.ca\/fr\/produit\/faulkner-trash-can-green\/","title":{"rendered":"<span style=\"color: red; font-weight: 800\">HOT BUY<\/span> Poubelle Faulkner \u2013 Verte"},"content":{"rendered":"<div class=\"flex basis-auto flex-col -mb-(--composer-overlap-px) [--composer-overlap-px:55px] grow overflow-hidden\">\n<div class=\"relative h-full\">\n<div class=\"flex h-full flex-col overflow-y-auto [scrollbar-gutter:stable_both-edges] @[84rem]\/thread:pt-(--header-height)\">\n<div class=\"@thread-xl\/thread:pt-header-height flex flex-col text-sm pb-25\">\n<article class=\"text-token-text-primary w-full\" dir=\"auto\" data-testid=\"conversation-turn-16\" data-scroll-anchor=\"true\">\n<div class=\"text-base my-auto mx-auto py-5 [--thread-content-margin:--spacing(4)] @[37rem]:[--thread-content-margin:--spacing(6)] @[72rem]:[--thread-content-margin:--spacing(16)] px-(--thread-content-margin)\">\n<div class=\"[--thread-content-max-width:32rem] @[34rem]:[--thread-content-max-width:40rem] @[64rem]:[--thread-content-max-width:48rem] mx-auto flex max-w-(--thread-content-max-width) flex-1 text-base gap-4 md:gap-5 lg:gap-6 group\/turn-messages focus-visible:outline-hidden\" tabindex=\"-1\">\n<div class=\"group\/conversation-turn relative flex w-full min-w-0 flex-col agent-turn\">\n<div class=\"relative flex-col gap-1 md:gap-3\">\n<div class=\"flex max-w-full flex-col grow\">\n<div class=\"min-h-8 text-message relative flex w-full flex-col items-end gap-2 text-start break-words whitespace-normal [.text-message+&amp;]:mt-5\" dir=\"auto\" data-message-author-role=\"assistant\" data-message-id=\"eddca134-7f54-4a44-981b-92a5da51459a\" data-message-model-slug=\"gpt-4-1-mini\">\n<div class=\"flex w-full flex-col gap-1 empty:hidden first:pt-[3px]\">\n<div class=\"markdown prose dark:prose-invert w-full break-words dark\">\n<p data-start=\"52\" data-end=\"298\">Le contenant utilitaire pliable de Faulkner est l\u2019outil id\u00e9al pour le nettoyage en ext\u00e9rieur. Son design pop-up s\u2019ouvre instantan\u00e9ment jusqu\u2019\u00e0 24 pouces (61 cm) et se replie \u00e0 seulement 2 pouces (5 cm) pour un rangement facile dans le sac fourni.<\/p>\n<ul data-start=\"300\" data-end=\"798\">\n<li data-start=\"300\" data-end=\"377\">\n<p data-start=\"302\" data-end=\"377\">Se d\u00e9ploie rapidement pour un rangement int\u00e9rieur ou ext\u00e9rieur instantan\u00e9<\/p>\n<\/li>\n<li data-start=\"300\" data-end=\"377\">\n<p data-start=\"302\" data-end=\"377\">Couvercle zipp\u00e9 int\u00e9gr\u00e9 et poign\u00e9es de transport<\/p>\n<\/li>\n<li data-start=\"431\" data-end=\"525\">\n<p data-start=\"433\" data-end=\"525\">Fabriqu\u00e9 en poly\u00e9thyl\u00e8ne avec des nervures en spirale pour renforcer la paroi du contenant<\/p>\n<\/li>\n<li data-start=\"526\" data-end=\"655\">\n<p data-start=\"528\" data-end=\"655\">S\u2019ouvre jusqu\u2019\u00e0 24 pouces (61 cm) de hauteur et se replie \u00e0 2 pouces (5 cm) pour un rangement compact et facile \u00e0 transporter<\/p>\n<\/li>\n<li data-start=\"656\" data-end=\"722\">\n<p data-start=\"658\" data-end=\"722\">\u00c9quip\u00e9 d\u2019un piquet de fixation au sol et d\u2019un sac de rangement<\/p>\n<\/li>\n<li data-start=\"723\" data-end=\"798\">\n<p data-start=\"725\" data-end=\"798\">Compatible avec un sac \u00e0 feuilles et pelouse de 33 gallons (125 litres)<\/p>\n<\/li>\n<\/ul>\n<p data-start=\"800\" data-end=\"878\" data-is-last-node=\"\" data-is-only-node=\"\">Un accessoire pratique pour faciliter tous vos travaux de nettoyage ext\u00e9rieur.<\/p>\n<\/div>\n<\/div>\n<\/div>\n<\/div>\n<\/div>\n<\/div>\n<\/div>\n<\/div>\n<\/article>\n<\/div>\n<\/div>\n<\/div>\n<\/div>\n","protected":false},"excerpt":{"rendered":"<article class=\"text-token-text-primary w-full\" dir=\"auto\" data-testid=\"conversation-turn-18\" data-scroll-anchor=\"true\">\n<div class=\"text-base my-auto mx-auto py-5 [--thread-content-margin:--spacing(4)] @[37rem]:[--thread-content-margin:--spacing(6)] @[72rem]:[--thread-content-margin:--spacing(16)] px-(--thread-content-margin)\">\n<div class=\"[--thread-content-max-width:32rem] @[34rem]:[--thread-content-max-width:40rem] @[64rem]:[--thread-content-max-width:48rem] mx-auto flex max-w-(--thread-content-max-width) flex-1 text-base gap-4 md:gap-5 lg:gap-6 group\/turn-messages focus-visible:outline-hidden\" tabindex=\"-1\">\n<div class=\"group\/conversation-turn relative flex w-full min-w-0 flex-col agent-turn\">\n<div class=\"relative flex-col gap-1 md:gap-3\">\n<div class=\"flex max-w-full flex-col grow\">\n<div class=\"min-h-8 text-message relative flex w-full flex-col items-end gap-2 text-start break-words whitespace-normal [.text-message+&amp;]:mt-5\" dir=\"auto\" data-message-author-role=\"assistant\" data-message-id=\"3fd648cf-4425-4f8e-8b61-124311aed4c5\" data-message-model-slug=\"gpt-4-1-mini\">\n<div class=\"flex w-full flex-col gap-1 empty:hidden first:pt-[3px]\">\n<div class=\"markdown prose dark:prose-invert w-full break-words dark\">\n<ul data-start=\"56\" data-end=\"299\" data-is-last-node=\"\" data-is-only-node=\"\">\n<li data-start=\"56\" data-end=\"80\">\n<p data-start=\"58\" data-end=\"80\"><strong data-start=\"58\" data-end=\"68\">Type :<\/strong> Contenant<\/p>\n<\/li>\n<li data-start=\"81\" data-end=\"122\">\n<p data-start=\"83\" data-end=\"122\"><strong data-start=\"83\" data-end=\"108\">Type d\u2019installation :<\/strong> Autoportant<\/p>\n<\/li>\n<li data-start=\"123\" data-end=\"145\">\n<p data-start=\"125\" data-end=\"145\"><strong data-start=\"125\" data-end=\"138\">Couleur :<\/strong> Vert<\/p>\n<\/li>\n<li data-start=\"146\" data-end=\"177\">\n<p data-start=\"148\" data-end=\"177\"><strong data-start=\"148\" data-end=\"162\">Mat\u00e9riau :<\/strong> Poly\u00e9thyl\u00e8ne<\/p>\n<\/li>\n<li data-start=\"178\" data-end=\"214\">\n<p data-start=\"180\" data-end=\"214\"><strong data-start=\"180\" data-end=\"194\">Diam\u00e8tre :<\/strong> 19 pouces (48 cm)<\/p>\n<\/li>\n<li data-start=\"215\" data-end=\"250\">\n<p data-start=\"217\" data-end=\"250\"><strong data-start=\"217\" data-end=\"230\">Hauteur :<\/strong> 24 pouces (61 cm)<\/p>\n<\/li>\n<li data-start=\"251\" data-end=\"299\" data-is-last-node=\"\">\n<p data-start=\"253\" data-end=\"299\" data-is-last-node=\"\"><strong data-start=\"253\" data-end=\"299\" data-is-last-node=\"\">Se replie \u00e0 une hauteur de 2 pouces (5 cm)<\/strong><\/p>\n<\/li>\n<\/ul>\n<\/div>\n<\/div>\n<\/div>\n<\/div>\n<div class=\"flex min-h-[46px] justify-start\"><\/div>\n<\/div>\n<\/div>\n<\/div>\n<\/div>\n<\/article>\n<div class=\"pointer-events-none h-px w-px\" aria-hidden=\"true\" data-edge=\"true\"><\/div>\n","protected":false},"featured_media":38980,"comment_status":"closed","ping_status":"closed","template":"","meta":{"_glsr_average":0,"_glsr_ranking":0,"_glsr_reviews":0,"keywords_product":"faulkner trash can, collapsible utility container, outdoor cleanup bin, pop-up storage container, 33-gallon leaf bag holder","featured_product":"false","product_importance":"","wds_primary_product_brand":0,"wds_primary_product_cat":0,"wds_primary_fb_product_set":0},"product_brand":[1949],"product_cat":[1867,1481,1086],"product_tag":[1210,1678],"class_list":{"0":"post-38979","1":"product","2":"type-product","3":"status-publish","4":"has-post-thumbnail","6":"product_brand-faulkner-fr","7":"product_cat-camping-exterieur","8":"product_cat-camping-en-vr","9":"product_cat-poubelles-camping-vie-en-vr","10":"product_tag-faulkner-fr","11":"product_tag-ts-fr","13":"first","14":"instock","15":"taxable","16":"shipping-taxable","17":"purchasable","18":"product-type-simple"},"bundled_by":[],"bundle_stock_status":"instock","bundle_stock_quantity":453,"bundle_virtual":false,"bundle_layout":"","bundle_add_to_cart_form_location":"","bundle_editable_in_cart":false,"bundle_sold_individually_context":"","bundle_item_grouping":"","bundle_min_size":"","bundle_max_size":"","bundle_price":[],"bundled_items":[],"bundle_sell_ids":[],"_links":{"self":[{"href":"https:\/\/shop.rvcare.ca\/fr\/wp-json\/wp\/v2\/product\/38979","targetHints":{"allow":["GET"]}}],"collection":[{"href":"https:\/\/shop.rvcare.ca\/fr\/wp-json\/wp\/v2\/product"}],"about":[{"href":"https:\/\/shop.rvcare.ca\/fr\/wp-json\/wp\/v2\/types\/product"}],"replies":[{"embeddable":true,"href":"https:\/\/shop.rvcare.ca\/fr\/wp-json\/wp\/v2\/comments?post=38979"}],"version-history":[{"count":6,"href":"https:\/\/shop.rvcare.ca\/fr\/wp-json\/wp\/v2\/product\/38979\/revisions"}],"predecessor-version":[{"id":158924,"href":"https:\/\/shop.rvcare.ca\/fr\/wp-json\/wp\/v2\/product\/38979\/revisions\/158924"}],"wp:featuredmedia":[{"embeddable":true,"href":"https:\/\/shop.rvcare.ca\/fr\/wp-json\/wp\/v2\/media\/38980"}],"wp:attachment":[{"href":"https:\/\/shop.rvcare.ca\/fr\/wp-json\/wp\/v2\/media?parent=38979"}],"wp:term":[{"taxonomy":"product_brand","embeddable":true,"href":"https:\/\/shop.rvcare.ca\/fr\/wp-json\/wp\/v2\/product_brand?post=38979"},{"taxonomy":"product_cat","embeddable":true,"href":"https:\/\/shop.rvcare.ca\/fr\/wp-json\/wp\/v2\/product_cat?post=38979"},{"taxonomy":"product_tag","embeddable":true,"href":"https:\/\/shop.rvcare.ca\/fr\/wp-json\/wp\/v2\/product_tag?post=38979"}],"curies":[{"name":"wp","href":"https:\/\/api.w.org\/{rel}","templated":true}]}}