{"id":40788,"date":"2022-05-12T10:35:47","date_gmt":"2022-05-12T14:35:47","guid":{"rendered":"https:\/\/rvcare.ca\/shop\/faullkner-chair-storage-bag-black\/"},"modified":"2026-04-02T15:29:35","modified_gmt":"2026-04-02T19:29:35","slug":"sac-de-rangement-pour-chaise-faulkner","status":"publish","type":"product","link":"https:\/\/shop.rvcare.ca\/fr\/produit\/sac-de-rangement-pour-chaise-faulkner\/","title":{"rendered":"Sac de rangement pour chaise Faulkner \u2013 Noir"},"content":{"rendered":"<p>Rangez et transportez facilement vos chaises portables avec le sac de transport pour fauteuil inclinable Faulkner. Ce sac en polyester enduit de vinyle prot\u00e8ge vos chaises contre les dommages et la poussi\u00e8re, et offre un rangement couvert jusqu\u2019\u00e0 la prochaine utilisation.<\/p>\n<ul>\n<li>\n<p>Transportez et prot\u00e9gez votre fauteuil contre les \u00e9raflures, la salet\u00e9, l\u2019eau et la graisse<\/p>\n<\/li>\n<li>\n<p>Fabriqu\u00e9 en polyester robuste enduit de vinyle, avec une bandouli\u00e8re renforc\u00e9e et une poign\u00e9e lat\u00e9rale ergonomique pour un transport facile<\/p>\n<\/li>\n<li>\n<p>Conception ventil\u00e9e pour pr\u00e9venir la formation de moisissure et de mildiou<\/p>\n<\/li>\n<li>\n<p>Comprend deux compartiments pour le tri et le rangement<\/p>\n<\/li>\n<li>\n<p>Fermeture \u00e0 glissi\u00e8re<\/p>\n<\/li>\n<\/ul>\n","protected":false},"excerpt":{"rendered":"<ul>\n<li>Capacity: Faulkner standard and XL recliners<\/li>\n<li>Closure Type: Zipper<\/li>\n<li>Colour: Black<\/li>\n<li>Material: Vinyl coated polyester<\/li>\n<\/ul>\n","protected":false},"featured_media":40789,"comment_status":"closed","ping_status":"closed","template":"","meta":{"_glsr_average":0,"_glsr_ranking":0,"_glsr_reviews":0,"keywords_product":"faulkner chair storage bag, portable chair bag, recliner carry bag, chair protection bag, outdoor chair storage","featured_product":"","product_importance":"","wds_primary_product_brand":0,"wds_primary_product_cat":0,"wds_primary_fb_product_set":0},"product_brand":[1949],"product_cat":[1867,1481,1083],"product_tag":[1210,1678],"class_list":{"0":"post-40788","1":"product","2":"type-product","3":"status-publish","4":"has-post-thumbnail","6":"product_brand-faulkner-fr","7":"product_cat-camping-exterieur","8":"product_cat-camping-en-vr","9":"product_cat-meuble-camping","10":"product_tag-faulkner-fr","11":"product_tag-ts-fr","13":"first","14":"instock","15":"taxable","16":"shipping-taxable","17":"purchasable","18":"product-type-simple"},"bundled_by":[],"bundle_stock_status":"instock","bundle_stock_quantity":253,"bundle_virtual":false,"bundle_layout":"","bundle_add_to_cart_form_location":"","bundle_editable_in_cart":false,"bundle_sold_individually_context":"","bundle_item_grouping":"","bundle_min_size":"","bundle_max_size":"","bundle_price":[],"bundled_items":[],"bundle_sell_ids":[],"_links":{"self":[{"href":"https:\/\/shop.rvcare.ca\/fr\/wp-json\/wp\/v2\/product\/40788","targetHints":{"allow":["GET"]}}],"collection":[{"href":"https:\/\/shop.rvcare.ca\/fr\/wp-json\/wp\/v2\/product"}],"about":[{"href":"https:\/\/shop.rvcare.ca\/fr\/wp-json\/wp\/v2\/types\/product"}],"replies":[{"embeddable":true,"href":"https:\/\/shop.rvcare.ca\/fr\/wp-json\/wp\/v2\/comments?post=40788"}],"version-history":[{"count":3,"href":"https:\/\/shop.rvcare.ca\/fr\/wp-json\/wp\/v2\/product\/40788\/revisions"}],"predecessor-version":[{"id":158482,"href":"https:\/\/shop.rvcare.ca\/fr\/wp-json\/wp\/v2\/product\/40788\/revisions\/158482"}],"wp:featuredmedia":[{"embeddable":true,"href":"https:\/\/shop.rvcare.ca\/fr\/wp-json\/wp\/v2\/media\/40789"}],"wp:attachment":[{"href":"https:\/\/shop.rvcare.ca\/fr\/wp-json\/wp\/v2\/media?parent=40788"}],"wp:term":[{"taxonomy":"product_brand","embeddable":true,"href":"https:\/\/shop.rvcare.ca\/fr\/wp-json\/wp\/v2\/product_brand?post=40788"},{"taxonomy":"product_cat","embeddable":true,"href":"https:\/\/shop.rvcare.ca\/fr\/wp-json\/wp\/v2\/product_cat?post=40788"},{"taxonomy":"product_tag","embeddable":true,"href":"https:\/\/shop.rvcare.ca\/fr\/wp-json\/wp\/v2\/product_tag?post=40788"}],"curies":[{"name":"wp","href":"https:\/\/api.w.org\/{rel}","templated":true}]}}