{"id":40822,"date":"2022-05-12T09:41:35","date_gmt":"2022-05-12T13:41:35","guid":{"rendered":"https:\/\/rvcare.ca\/shop\/arcon-dome-light-lens-replacement-lens-for-arcon-economy-lights\/"},"modified":"2026-04-02T15:29:35","modified_gmt":"2026-04-02T19:29:35","slug":"arcon-dome-light-lens-replacement-lens-for-arcon-economy-lights","status":"publish","type":"product","link":"https:\/\/shop.rvcare.ca\/fr\/produit\/arcon-dome-light-lens-replacement-lens-for-arcon-economy-lights\/","title":{"rendered":"Lentille de lumi\u00e8re pour d\u00f4me Arcon \u2013 Lentille de rechange pour les lumi\u00e8res \u00e9conomiques Arcon"},"content":{"rendered":"<p>Lentille de rechange pour les lumi\u00e8res \u00e9conomiques Arcon<\/p>\n<\/p>\n<ul>\n<li>Remplacement d\u2019optique pour les lumi\u00e8res \u00e9conomiques Arcon<\/li>\n<li>Il suffit de presser pour retirer la lentille de la base<\/li>\n<li>Facile \u00e0 nettoyer<\/li>\n<\/ul>\n","protected":false},"excerpt":{"rendered":"<ul>\n<li>Compatibilit\u00e9 : Lumi\u00e8res \u00e9conomiques Arcon <\/li>\n<li>Dimensions: 5 in x 5 in<\/li>\n<li>Quantit\u00e9 : Une seule pi\u00e8ce<\/li>\n<\/ul>\n","protected":false},"featured_media":40823,"comment_status":"closed","ping_status":"closed","template":"","meta":{"_glsr_average":0,"_glsr_ranking":0,"_glsr_reviews":0,"keywords_product":"","featured_product":"","product_importance":"","wds_primary_product_brand":0,"wds_primary_product_cat":0,"wds_primary_fb_product_set":0},"product_brand":[1920],"product_cat":[1105,1382],"product_tag":[1212,1944,1678],"class_list":{"0":"post-40822","1":"product","2":"type-product","3":"status-publish","4":"has-post-thumbnail","6":"product_brand-arcon-fr","7":"product_cat-eclairage-accessoires","8":"product_cat-produits-electriques","9":"product_tag-arcon-fr","10":"product_tag-meilleurs-vendeurs","11":"product_tag-ts-fr","13":"first","14":"instock","15":"taxable","16":"shipping-taxable","17":"purchasable","18":"product-type-simple"},"bundled_by":[],"bundle_stock_status":"instock","bundle_stock_quantity":204,"bundle_virtual":false,"bundle_layout":"","bundle_add_to_cart_form_location":"","bundle_editable_in_cart":false,"bundle_sold_individually_context":"","bundle_item_grouping":"","bundle_min_size":"","bundle_max_size":"","bundle_price":[],"bundled_items":[],"bundle_sell_ids":[],"_links":{"self":[{"href":"https:\/\/shop.rvcare.ca\/fr\/wp-json\/wp\/v2\/product\/40822","targetHints":{"allow":["GET"]}}],"collection":[{"href":"https:\/\/shop.rvcare.ca\/fr\/wp-json\/wp\/v2\/product"}],"about":[{"href":"https:\/\/shop.rvcare.ca\/fr\/wp-json\/wp\/v2\/types\/product"}],"replies":[{"embeddable":true,"href":"https:\/\/shop.rvcare.ca\/fr\/wp-json\/wp\/v2\/comments?post=40822"}],"version-history":[{"count":2,"href":"https:\/\/shop.rvcare.ca\/fr\/wp-json\/wp\/v2\/product\/40822\/revisions"}],"predecessor-version":[{"id":158484,"href":"https:\/\/shop.rvcare.ca\/fr\/wp-json\/wp\/v2\/product\/40822\/revisions\/158484"}],"wp:featuredmedia":[{"embeddable":true,"href":"https:\/\/shop.rvcare.ca\/fr\/wp-json\/wp\/v2\/media\/40823"}],"wp:attachment":[{"href":"https:\/\/shop.rvcare.ca\/fr\/wp-json\/wp\/v2\/media?parent=40822"}],"wp:term":[{"taxonomy":"product_brand","embeddable":true,"href":"https:\/\/shop.rvcare.ca\/fr\/wp-json\/wp\/v2\/product_brand?post=40822"},{"taxonomy":"product_cat","embeddable":true,"href":"https:\/\/shop.rvcare.ca\/fr\/wp-json\/wp\/v2\/product_cat?post=40822"},{"taxonomy":"product_tag","embeddable":true,"href":"https:\/\/shop.rvcare.ca\/fr\/wp-json\/wp\/v2\/product_tag?post=40822"}],"curies":[{"name":"wp","href":"https:\/\/api.w.org\/{rel}","templated":true}]}}