{"id":40846,"date":"2022-05-04T14:25:00","date_gmt":"2022-05-04T18:25:00","guid":{"rendered":"https:\/\/rvcare.ca\/shop\/koozies-4\/"},"modified":"2026-03-30T14:24:37","modified_gmt":"2026-03-30T18:24:37","slug":"koozies-4","status":"publish","type":"product","link":"https:\/\/shop.rvcare.ca\/fr\/produit\/koozies-4\/","title":{"rendered":"Porte-boisson isotherme RVTC Le choix du campeur &#8211; paquet de 4"},"content":{"rendered":"<p>Le porte-boisson isotherme RVTC Le choix du campeur est con\u00e7u pour maintenir vos boissons froides en isolant la canette ou la bouteille et en pr\u00e9venant la formation de condensation \u00e0 sa surface.<\/p>\n<div>\n<p>Cela aide \u00e0 maintenir la temp\u00e9rature de la boisson \u00e0 l&rsquo;int\u00e9rieur et garde vos mains s\u00e8ches et confortables lorsque vous la tenez. Le porte-boisson isotherme agit comme une barri\u00e8re, r\u00e9duisant les transferts de chaleur entre la boisson et l&rsquo;environnement, ce qui permet de conserver sa fra\u00eecheur pendant une p\u00e9riode plus longue.<\/p>\n<div><\/div>\n<\/div>\n","protected":false},"excerpt":{"rendered":"<p>Le porte-boisson isotherme RVTC Le choix du campeur est con\u00e7u pour maintenir vos boissons froides en isolant la canette ou la bouteille et en pr\u00e9venant la formation de condensation \u00e0 sa surface. Cela aide \u00e0 maintenir la temp\u00e9rature de la boisson \u00e0 l&rsquo;int\u00e9rieur et garde vos mains s\u00e8ches et confortables lorsque vous la tenez. Le [&hellip;]<\/p>\n","protected":false},"featured_media":16707,"comment_status":"closed","ping_status":"closed","template":"","meta":{"_glsr_average":0,"_glsr_ranking":0,"_glsr_reviews":0,"keywords_product":"","featured_product":"","product_importance":"1","wds_primary_product_brand":0,"wds_primary_product_cat":0,"wds_primary_fb_product_set":0},"product_brand":[],"product_cat":[1867,1481,1088,1868,1767,253],"product_tag":[1678],"class_list":{"0":"post-40846","1":"product","2":"type-product","3":"status-publish","4":"has-post-thumbnail","6":"product_cat-camping-exterieur","7":"product_cat-camping-en-vr","8":"product_cat-glaciere","9":"product_cat-interieur-rv","10":"product_cat-loisirs-de-plein-air","11":"product_cat-vaisselle-cuisine","12":"product_tag-ts-fr","14":"first","15":"instock","16":"sold-individually","17":"taxable","18":"shipping-taxable","19":"purchasable","20":"product-type-simple"},"bundled_by":[],"bundle_stock_status":"instock","bundle_stock_quantity":486,"bundle_virtual":false,"bundle_layout":"","bundle_add_to_cart_form_location":"","bundle_editable_in_cart":false,"bundle_sold_individually_context":"","bundle_item_grouping":"","bundle_min_size":"","bundle_max_size":"","bundle_price":[],"bundled_items":[],"bundle_sell_ids":[],"_links":{"self":[{"href":"https:\/\/shop.rvcare.ca\/fr\/wp-json\/wp\/v2\/product\/40846","targetHints":{"allow":["GET"]}}],"collection":[{"href":"https:\/\/shop.rvcare.ca\/fr\/wp-json\/wp\/v2\/product"}],"about":[{"href":"https:\/\/shop.rvcare.ca\/fr\/wp-json\/wp\/v2\/types\/product"}],"replies":[{"embeddable":true,"href":"https:\/\/shop.rvcare.ca\/fr\/wp-json\/wp\/v2\/comments?post=40846"}],"version-history":[{"count":1,"href":"https:\/\/shop.rvcare.ca\/fr\/wp-json\/wp\/v2\/product\/40846\/revisions"}],"predecessor-version":[{"id":157458,"href":"https:\/\/shop.rvcare.ca\/fr\/wp-json\/wp\/v2\/product\/40846\/revisions\/157458"}],"wp:featuredmedia":[{"embeddable":true,"href":"https:\/\/shop.rvcare.ca\/fr\/wp-json\/wp\/v2\/media\/16707"}],"wp:attachment":[{"href":"https:\/\/shop.rvcare.ca\/fr\/wp-json\/wp\/v2\/media?parent=40846"}],"wp:term":[{"taxonomy":"product_brand","embeddable":true,"href":"https:\/\/shop.rvcare.ca\/fr\/wp-json\/wp\/v2\/product_brand?post=40846"},{"taxonomy":"product_cat","embeddable":true,"href":"https:\/\/shop.rvcare.ca\/fr\/wp-json\/wp\/v2\/product_cat?post=40846"},{"taxonomy":"product_tag","embeddable":true,"href":"https:\/\/shop.rvcare.ca\/fr\/wp-json\/wp\/v2\/product_tag?post=40846"}],"curies":[{"name":"wp","href":"https:\/\/api.w.org\/{rel}","templated":true}]}}