{"id":40847,"date":"2022-05-04T14:24:35","date_gmt":"2022-05-04T18:24:35","guid":{"rendered":"https:\/\/rvcare.ca\/shop\/happy-campers-ceramic-coffee-mugs-set-of-2\/"},"modified":"2026-04-02T15:29:36","modified_gmt":"2026-04-02T19:29:36","slug":"happy-campers-ceramic-coffee-mugs-set-of-2","status":"publish","type":"product","link":"https:\/\/shop.rvcare.ca\/fr\/produit\/happy-campers-ceramic-coffee-mugs-set-of-2\/","title":{"rendered":"Tasses \u00e0 caf\u00e9 en c\u00e9ramique \u00abI&rsquo;m a Happy Camper\u00bb (lot de 2)"},"content":{"rendered":"<p>Apportez le confort de la maison avec vous en camping avec ces superbes tasses \u00e0 caf\u00e9 fabriqu\u00e9 en c\u00e9ramique. Savourez votre boisson favorite tout en relaxant sur les berges d&rsquo;un lac ou pr\u00e8s du feu. Fabriqu\u00e9es en c\u00e9ramique, chaque ensemble comprend deux tasses \u00abI&rsquo;m a Happy Camper\u00bb de 16 oz. tasses.<\/p>\n<\/ul>\n<p><strong>Ensemble de deux tasses<\/strong><\/p>\n","protected":false},"excerpt":{"rendered":"<ul>\n<li>Capacit\u00e9 : 16 oz.<\/li>\n<li>Couleurs : vert\/brun<\/li>\n<li>Mat\u00e9riaux : c\u00e9ramique<\/li>\n<li>Dimensions : 5 x 5,6 x 4,5 po<\/li>\n<\/ul>\n","protected":false},"featured_media":42753,"comment_status":"closed","ping_status":"closed","template":"","meta":{"_glsr_average":5,"_glsr_ranking":3.6363636363635998,"_glsr_reviews":1,"keywords_product":"","featured_product":"","product_importance":"","wds_primary_product_brand":0,"wds_primary_product_cat":0,"wds_primary_fb_product_set":0},"product_brand":[],"product_cat":[253],"product_tag":[1294],"class_list":{"0":"post-40847","1":"product","2":"type-product","3":"status-publish","4":"has-post-thumbnail","6":"product_cat-vaisselle-cuisine","7":"product_tag-spaceful-fr","9":"first","10":"instock","11":"sale","12":"taxable","13":"shipping-taxable","14":"purchasable","15":"product-type-simple"},"bundled_by":[],"bundle_stock_status":"instock","bundle_stock_quantity":1,"bundle_virtual":false,"bundle_layout":"","bundle_add_to_cart_form_location":"","bundle_editable_in_cart":false,"bundle_sold_individually_context":"","bundle_item_grouping":"","bundle_min_size":"","bundle_max_size":"","bundle_price":[],"bundled_items":[],"bundle_sell_ids":[],"_links":{"self":[{"href":"https:\/\/shop.rvcare.ca\/fr\/wp-json\/wp\/v2\/product\/40847","targetHints":{"allow":["GET"]}}],"collection":[{"href":"https:\/\/shop.rvcare.ca\/fr\/wp-json\/wp\/v2\/product"}],"about":[{"href":"https:\/\/shop.rvcare.ca\/fr\/wp-json\/wp\/v2\/types\/product"}],"replies":[{"embeddable":true,"href":"https:\/\/shop.rvcare.ca\/fr\/wp-json\/wp\/v2\/comments?post=40847"}],"version-history":[{"count":2,"href":"https:\/\/shop.rvcare.ca\/fr\/wp-json\/wp\/v2\/product\/40847\/revisions"}],"predecessor-version":[{"id":158485,"href":"https:\/\/shop.rvcare.ca\/fr\/wp-json\/wp\/v2\/product\/40847\/revisions\/158485"}],"wp:featuredmedia":[{"embeddable":true,"href":"https:\/\/shop.rvcare.ca\/fr\/wp-json\/wp\/v2\/media\/42753"}],"wp:attachment":[{"href":"https:\/\/shop.rvcare.ca\/fr\/wp-json\/wp\/v2\/media?parent=40847"}],"wp:term":[{"taxonomy":"product_brand","embeddable":true,"href":"https:\/\/shop.rvcare.ca\/fr\/wp-json\/wp\/v2\/product_brand?post=40847"},{"taxonomy":"product_cat","embeddable":true,"href":"https:\/\/shop.rvcare.ca\/fr\/wp-json\/wp\/v2\/product_cat?post=40847"},{"taxonomy":"product_tag","embeddable":true,"href":"https:\/\/shop.rvcare.ca\/fr\/wp-json\/wp\/v2\/product_tag?post=40847"}],"curies":[{"name":"wp","href":"https:\/\/api.w.org\/{rel}","templated":true}]}}