{"id":40851,"date":"2022-05-04T14:24:14","date_gmt":"2022-05-04T18:24:14","guid":{"rendered":"https:\/\/rvcare.ca\/shop\/happy-campers-wood-cutting-board\/"},"modified":"2026-03-30T14:24:39","modified_gmt":"2026-03-30T18:24:39","slug":"happy-campers-wood-cutting-board","status":"publish","type":"product","link":"https:\/\/shop.rvcare.ca\/fr\/produit\/happy-campers-wood-cutting-board\/","title":{"rendered":"Planche \u00e0 d\u00e9couper en bois \u00ab We are Happy Campers \u00bb"},"content":{"rendered":"<p>Notre <em>planche \u00e0 d\u00e9couper<\/em> \u00abWe Are Happy Campers\u00bb en forme de roulotte r\u00e9tro est tellement mignonne ! EIle conviendra parfaitement \u00e0 la cuisine de votre VR. Trancher, d\u00e9couper, \u00e9mincer, saucissonner : vous serez aussi habile que derri\u00e8re les fourneaux \u00e0 la maison. Un instrument indispensable !<\/p>\n<ul>\n<li>15,5 x 9,25 po<\/li>\n<li>R\u00e9cipient \u00e0 liquide rainur\u00e9 pour recueillir les liquides<\/li>\n<\/ul>\n","protected":false},"excerpt":{"rendered":"<p>15,5 x 9,25 po<\/p>\n","protected":false},"featured_media":16640,"comment_status":"closed","ping_status":"closed","template":"","meta":{"_glsr_average":0,"_glsr_ranking":0,"_glsr_reviews":0,"keywords_product":"","featured_product":"","product_importance":"","wds_primary_product_brand":0,"wds_primary_product_cat":0,"wds_primary_fb_product_set":0},"product_brand":[],"product_cat":[1868,253],"product_tag":[2133,1294],"class_list":{"0":"post-40851","1":"product","2":"type-product","3":"status-publish","4":"has-post-thumbnail","6":"product_cat-interieur-rv","7":"product_cat-vaisselle-cuisine","8":"product_tag-promo-fr","9":"product_tag-spaceful-fr","11":"first","12":"instock","13":"taxable","14":"shipping-taxable","15":"purchasable","16":"product-type-simple"},"bundled_by":[],"bundle_stock_status":"instock","bundle_stock_quantity":9,"bundle_virtual":false,"bundle_layout":"","bundle_add_to_cart_form_location":"","bundle_editable_in_cart":false,"bundle_sold_individually_context":"","bundle_item_grouping":"","bundle_min_size":"","bundle_max_size":"","bundle_price":[],"bundled_items":[],"bundle_sell_ids":[],"_links":{"self":[{"href":"https:\/\/shop.rvcare.ca\/fr\/wp-json\/wp\/v2\/product\/40851","targetHints":{"allow":["GET"]}}],"collection":[{"href":"https:\/\/shop.rvcare.ca\/fr\/wp-json\/wp\/v2\/product"}],"about":[{"href":"https:\/\/shop.rvcare.ca\/fr\/wp-json\/wp\/v2\/types\/product"}],"replies":[{"embeddable":true,"href":"https:\/\/shop.rvcare.ca\/fr\/wp-json\/wp\/v2\/comments?post=40851"}],"version-history":[{"count":1,"href":"https:\/\/shop.rvcare.ca\/fr\/wp-json\/wp\/v2\/product\/40851\/revisions"}],"predecessor-version":[{"id":157463,"href":"https:\/\/shop.rvcare.ca\/fr\/wp-json\/wp\/v2\/product\/40851\/revisions\/157463"}],"wp:featuredmedia":[{"embeddable":true,"href":"https:\/\/shop.rvcare.ca\/fr\/wp-json\/wp\/v2\/media\/16640"}],"wp:attachment":[{"href":"https:\/\/shop.rvcare.ca\/fr\/wp-json\/wp\/v2\/media?parent=40851"}],"wp:term":[{"taxonomy":"product_brand","embeddable":true,"href":"https:\/\/shop.rvcare.ca\/fr\/wp-json\/wp\/v2\/product_brand?post=40851"},{"taxonomy":"product_cat","embeddable":true,"href":"https:\/\/shop.rvcare.ca\/fr\/wp-json\/wp\/v2\/product_cat?post=40851"},{"taxonomy":"product_tag","embeddable":true,"href":"https:\/\/shop.rvcare.ca\/fr\/wp-json\/wp\/v2\/product_tag?post=40851"}],"curies":[{"name":"wp","href":"https:\/\/api.w.org\/{rel}","templated":true}]}}