{"id":40856,"date":"2022-05-04T14:23:52","date_gmt":"2022-05-04T18:23:52","guid":{"rendered":"https:\/\/rvcare.ca\/shop\/happy-campers-fleece-blanket-50-x-60\/"},"modified":"2026-03-30T14:24:40","modified_gmt":"2026-03-30T18:24:40","slug":"happy-campers-fleece-blanket-50-x-60","status":"publish","type":"product","link":"https:\/\/shop.rvcare.ca\/fr\/produit\/happy-campers-fleece-blanket-50-x-60\/","title":{"rendered":"Couverture moletonn\u00e9e \u00ab Happy Campers \u00bb"},"content":{"rendered":"<p>Notre couverture moletonn\u00e9e combine \u00e0 la fois le confort et de la durabilit\u00e9. Con\u00e7u pour \u00eatre l\u00e9g\u00e8re tout en offrant une chaleur suppl\u00e9mentaire pour une utilisation \u00e0 l&rsquo;ann\u00e9e longue.<\/p>\n<ul>\n<li>100 % polyester &#8211; Tissu moletonn\u00e9<\/li>\n<li>Hypoallerg\u00e9nique, infroissable et anti-boulochage<\/li>\n<li>Tissu respirant &#8211; cette couverture est vraiment adapt\u00e9e \u00e0 toutes les saisons.<\/li>\n<li>Entretien facile : Lavage \u00e0 la machine \u00e0 l&rsquo;eau froide avec des couleurs similaires. S\u00e9chage par culbutage \u00e0 basse temp\u00e9rature. Ne pas utiliser d&rsquo;eau de Javel<\/li>\n<\/ul>\n<p>Id\u00e9al comme jet\u00e9 ou pour s&rsquo;installer sur le divan de votre VR pour faire une sieste ou lire un bon livre. Elle vous gardera au chaud lorsque vous serez assis pr\u00e8s du feu de camp lors des soir\u00e9es fra\u00eeches.<\/p>\n","protected":false},"excerpt":{"rendered":"<p>Dimension: 50 x 60 po<\/p>\n","protected":false},"featured_media":16596,"comment_status":"closed","ping_status":"closed","template":"","meta":{"_glsr_average":0,"_glsr_ranking":0,"_glsr_reviews":0,"keywords_product":"","featured_product":"","product_importance":"","wds_primary_product_brand":0,"wds_primary_product_cat":0,"wds_primary_fb_product_set":0},"product_brand":[],"product_cat":[254,1084],"product_tag":[1944,1294],"class_list":{"0":"post-40856","1":"product","2":"type-product","3":"status-publish","4":"has-post-thumbnail","6":"product_cat-literie","7":"product_cat-sommeil","8":"product_tag-meilleurs-vendeurs","9":"product_tag-spaceful-fr","11":"first","12":"instock","13":"taxable","14":"shipping-taxable","15":"purchasable","16":"product-type-simple"},"bundled_by":[],"bundle_stock_status":"instock","bundle_stock_quantity":5,"bundle_virtual":false,"bundle_layout":"","bundle_add_to_cart_form_location":"","bundle_editable_in_cart":false,"bundle_sold_individually_context":"","bundle_item_grouping":"","bundle_min_size":"","bundle_max_size":"","bundle_price":[],"bundled_items":[],"bundle_sell_ids":[],"_links":{"self":[{"href":"https:\/\/shop.rvcare.ca\/fr\/wp-json\/wp\/v2\/product\/40856","targetHints":{"allow":["GET"]}}],"collection":[{"href":"https:\/\/shop.rvcare.ca\/fr\/wp-json\/wp\/v2\/product"}],"about":[{"href":"https:\/\/shop.rvcare.ca\/fr\/wp-json\/wp\/v2\/types\/product"}],"replies":[{"embeddable":true,"href":"https:\/\/shop.rvcare.ca\/fr\/wp-json\/wp\/v2\/comments?post=40856"}],"version-history":[{"count":1,"href":"https:\/\/shop.rvcare.ca\/fr\/wp-json\/wp\/v2\/product\/40856\/revisions"}],"predecessor-version":[{"id":157465,"href":"https:\/\/shop.rvcare.ca\/fr\/wp-json\/wp\/v2\/product\/40856\/revisions\/157465"}],"wp:featuredmedia":[{"embeddable":true,"href":"https:\/\/shop.rvcare.ca\/fr\/wp-json\/wp\/v2\/media\/16596"}],"wp:attachment":[{"href":"https:\/\/shop.rvcare.ca\/fr\/wp-json\/wp\/v2\/media?parent=40856"}],"wp:term":[{"taxonomy":"product_brand","embeddable":true,"href":"https:\/\/shop.rvcare.ca\/fr\/wp-json\/wp\/v2\/product_brand?post=40856"},{"taxonomy":"product_cat","embeddable":true,"href":"https:\/\/shop.rvcare.ca\/fr\/wp-json\/wp\/v2\/product_cat?post=40856"},{"taxonomy":"product_tag","embeddable":true,"href":"https:\/\/shop.rvcare.ca\/fr\/wp-json\/wp\/v2\/product_tag?post=40856"}],"curies":[{"name":"wp","href":"https:\/\/api.w.org\/{rel}","templated":true}]}}