{"id":40857,"date":"2022-05-04T14:23:52","date_gmt":"2022-05-04T18:23:52","guid":{"rendered":"https:\/\/rvcare.ca\/shop\/happy-campers-bottle-opener-set-of-2\/"},"modified":"2026-04-02T15:29:36","modified_gmt":"2026-04-02T19:29:36","slug":"happy-campers-bottle-opener-set-of-2","status":"publish","type":"product","link":"https:\/\/shop.rvcare.ca\/fr\/produit\/happy-campers-bottle-opener-set-of-2\/","title":{"rendered":"D\u00e9capsuleur Happy Campers \u2013 Ouvre-bouteille (2)"},"content":{"rendered":"<p>Personne ne veut se retrouver dans un camping ou en pleine nature sans un d\u00e9capsuleur. Alors que diriez-vous de notre d\u00e9capsuleur Happy Campers ! Notre d\u00e9capsuleur <em>Happy Campers <\/em> ouvrira vos bouteilles en un tourne-main !<\/p>\n<ul>\n<li>Ensemble de 2<\/li>\n<li>Aimant\u00e9<\/li>\n<li>Dimensions : 3,5 x 0,25 x 2,5 po<\/li>\n<\/ul>\n","protected":false},"excerpt":{"rendered":"<ul>\n<li>Aimant\u00e9<\/li>\n<li>Dimensions : 3,5 x 0,25 x 2,5 po<\/li>\n<\/ul>\n","protected":false},"featured_media":57929,"comment_status":"closed","ping_status":"closed","template":"","meta":{"_glsr_average":0,"_glsr_ranking":0,"_glsr_reviews":0,"keywords_product":"","featured_product":"","product_importance":"","wds_primary_product_brand":0,"wds_primary_product_cat":63,"wds_primary_fb_product_set":0},"product_brand":[],"product_cat":[1868,253],"product_tag":[1294],"class_list":{"0":"post-40857","1":"product","2":"type-product","3":"status-publish","4":"has-post-thumbnail","6":"product_cat-interieur-rv","7":"product_cat-vaisselle-cuisine","8":"product_tag-spaceful-fr","10":"first","11":"instock","12":"taxable","13":"shipping-taxable","14":"purchasable","15":"product-type-simple"},"bundled_by":[],"bundle_stock_status":"instock","bundle_stock_quantity":4,"bundle_virtual":false,"bundle_layout":"","bundle_add_to_cart_form_location":"","bundle_editable_in_cart":false,"bundle_sold_individually_context":"","bundle_item_grouping":"","bundle_min_size":"","bundle_max_size":"","bundle_price":[],"bundled_items":[],"bundle_sell_ids":[],"_links":{"self":[{"href":"https:\/\/shop.rvcare.ca\/fr\/wp-json\/wp\/v2\/product\/40857","targetHints":{"allow":["GET"]}}],"collection":[{"href":"https:\/\/shop.rvcare.ca\/fr\/wp-json\/wp\/v2\/product"}],"about":[{"href":"https:\/\/shop.rvcare.ca\/fr\/wp-json\/wp\/v2\/types\/product"}],"replies":[{"embeddable":true,"href":"https:\/\/shop.rvcare.ca\/fr\/wp-json\/wp\/v2\/comments?post=40857"}],"version-history":[{"count":2,"href":"https:\/\/shop.rvcare.ca\/fr\/wp-json\/wp\/v2\/product\/40857\/revisions"}],"predecessor-version":[{"id":158487,"href":"https:\/\/shop.rvcare.ca\/fr\/wp-json\/wp\/v2\/product\/40857\/revisions\/158487"}],"wp:featuredmedia":[{"embeddable":true,"href":"https:\/\/shop.rvcare.ca\/fr\/wp-json\/wp\/v2\/media\/57929"}],"wp:attachment":[{"href":"https:\/\/shop.rvcare.ca\/fr\/wp-json\/wp\/v2\/media?parent=40857"}],"wp:term":[{"taxonomy":"product_brand","embeddable":true,"href":"https:\/\/shop.rvcare.ca\/fr\/wp-json\/wp\/v2\/product_brand?post=40857"},{"taxonomy":"product_cat","embeddable":true,"href":"https:\/\/shop.rvcare.ca\/fr\/wp-json\/wp\/v2\/product_cat?post=40857"},{"taxonomy":"product_tag","embeddable":true,"href":"https:\/\/shop.rvcare.ca\/fr\/wp-json\/wp\/v2\/product_tag?post=40857"}],"curies":[{"name":"wp","href":"https:\/\/api.w.org\/{rel}","templated":true}]}}