{"id":40866,"date":"2022-05-04T13:04:30","date_gmt":"2022-05-04T17:04:30","guid":{"rendered":"https:\/\/rvcare.ca\/shop\/aqua-pro-premium-fresh-water-hose-25-feet-1-2-x-25\/"},"modified":"2026-04-02T15:29:37","modified_gmt":"2026-04-02T19:29:37","slug":"boyau-d-eau-potable-aqua-pro-premium-25-feet","status":"publish","type":"product","link":"https:\/\/shop.rvcare.ca\/fr\/produit\/boyau-d-eau-potable-aqua-pro-premium-25-feet\/","title":{"rendered":"Boyau d&rsquo;eau potable Aqua Pro Premium \u2013 25 pieds (1\/2&Prime; x 25&prime;)"},"content":{"rendered":"<p>Ce boyau d&rsquo;eau potable non chauffant Aqua Pro mesure 1\/2 pouce de diam\u00e8tre et 25 pieds de longueur. Con\u00e7u pour offrir une performance fiable, il est id\u00e9al pour le raccordement \u00e0 l&rsquo;eau courante de votre VR.<\/p>\n<ul>\n<li>S\u00e9curitaire pour l&rsquo;eau potable<\/li>\n<li>Sans plomb<\/li>\n<li>Conforme \u00e0 la loi sur l&rsquo;am\u00e9lioration de la s\u00e9curit\u00e9 des produits de consommation (CPSIA)<\/li>\n<li>Fabriqu\u00e9 avec des mat\u00e9riaux approuv\u00e9s par la F.D.A.<\/li>\n<li>\u00c9quip\u00e9 d&rsquo;un raccord \u00ab Thum-Thing \u00bb pour une fixation simplifi\u00e9e au robinet<\/li>\n<li>Construction de haute qualit\u00e9 par le fabricant de pointe APEX\u00ae<\/li>\n<li>Comprend la poign\u00e9e de boyau \u00ab Twist-Tite \u00bb<\/li>\n<\/ul>\n","protected":false},"excerpt":{"rendered":"<ul>\n<li>Diam\u00e8tre int\u00e9rieur : 1\/2 pouce<\/li>\n<li>Longueur : 25 pieds<\/li>\n<li>Couleur : Blanc<\/li>\n<li>Type : Non chauffant<\/li>\n<li>Avec raccord : Oui<\/li>\n<\/ul>\n","protected":false},"featured_media":24538,"comment_status":"closed","ping_status":"closed","template":"","meta":{"_glsr_average":0,"_glsr_ranking":0,"_glsr_reviews":0,"keywords_product":"","featured_product":"","product_importance":"1","wds_primary_product_brand":0,"wds_primary_product_cat":0,"wds_primary_fb_product_set":0},"product_brand":[2068],"product_cat":[268],"product_tag":[1214,1462],"class_list":{"0":"post-40866","1":"product","2":"type-product","3":"status-publish","4":"has-post-thumbnail","6":"product_brand-aqua-pro-fr","7":"product_cat-plomberie","8":"product_tag-aqua-pro-fr","9":"product_tag-ntp-fr","11":"first","12":"instock","13":"taxable","14":"shipping-taxable","15":"purchasable","16":"product-type-simple"},"bundled_by":[],"bundle_stock_status":"instock","bundle_stock_quantity":475,"bundle_virtual":false,"bundle_layout":"","bundle_add_to_cart_form_location":"","bundle_editable_in_cart":false,"bundle_sold_individually_context":"","bundle_item_grouping":"","bundle_min_size":"","bundle_max_size":"","bundle_price":[],"bundled_items":[],"bundle_sell_ids":[],"_links":{"self":[{"href":"https:\/\/shop.rvcare.ca\/fr\/wp-json\/wp\/v2\/product\/40866","targetHints":{"allow":["GET"]}}],"collection":[{"href":"https:\/\/shop.rvcare.ca\/fr\/wp-json\/wp\/v2\/product"}],"about":[{"href":"https:\/\/shop.rvcare.ca\/fr\/wp-json\/wp\/v2\/types\/product"}],"replies":[{"embeddable":true,"href":"https:\/\/shop.rvcare.ca\/fr\/wp-json\/wp\/v2\/comments?post=40866"}],"version-history":[{"count":3,"href":"https:\/\/shop.rvcare.ca\/fr\/wp-json\/wp\/v2\/product\/40866\/revisions"}],"predecessor-version":[{"id":158488,"href":"https:\/\/shop.rvcare.ca\/fr\/wp-json\/wp\/v2\/product\/40866\/revisions\/158488"}],"wp:featuredmedia":[{"embeddable":true,"href":"https:\/\/shop.rvcare.ca\/fr\/wp-json\/wp\/v2\/media\/24538"}],"wp:attachment":[{"href":"https:\/\/shop.rvcare.ca\/fr\/wp-json\/wp\/v2\/media?parent=40866"}],"wp:term":[{"taxonomy":"product_brand","embeddable":true,"href":"https:\/\/shop.rvcare.ca\/fr\/wp-json\/wp\/v2\/product_brand?post=40866"},{"taxonomy":"product_cat","embeddable":true,"href":"https:\/\/shop.rvcare.ca\/fr\/wp-json\/wp\/v2\/product_cat?post=40866"},{"taxonomy":"product_tag","embeddable":true,"href":"https:\/\/shop.rvcare.ca\/fr\/wp-json\/wp\/v2\/product_tag?post=40866"}],"curies":[{"name":"wp","href":"https:\/\/api.w.org\/{rel}","templated":true}]}}